{"id":1514,"date":"2020-11-25T16:43:00","date_gmt":"2020-11-25T16:43:00","guid":{"rendered":"http:\/\/primakon.adonomy.co\/?page_id=1514"},"modified":"2021-01-11T14:02:36","modified_gmt":"2021-01-11T14:02:36","slug":"uspjesne-price","status":"publish","type":"page","link":"https:\/\/www.primakon.com\/en\/about-us\/success-stories\/","title":{"rendered":"Success stories"},"content":{"rendered":"\n\n[et_pb_section fb_built=&#8221;1&#8243; _builder_version=&#8221;4.7.4&#8243; _module_preset=&#8221;default&#8221; background_image=&#8221;https:\/\/primakon.com\/wp-content\/uploads\/2020\/11\/Uspjesan-tim-slavi-dobre-rezultate-poslovnog-projekta.jpg&#8221; parallax=&#8221;on&#8221; parallax_method=&#8221;off&#8221; box_shadow_style=&#8221;preset2&#8243;][et_pb_row _builder_version=&#8221;4.6.6&#8243; _module_preset=&#8221;default&#8221;][et_pb_column type=&#8221;4_4&#8243; _builder_version=&#8221;4.6.6&#8243; _module_preset=&#8221;default&#8221;][et_pb_text _builder_version=&#8221;4.7.1&#8243; _module_preset=&#8221;default&#8221; header_font=&#8221;|600|||||||&#8221; header_text_align=&#8221;center&#8221; header_text_color=&#8221;#bf3d44&#8243; header_font_size=&#8221;40px&#8221; header_2_font=&#8221;|600|||||||&#8221; header_2_text_align=&#8221;center&#8221; header_2_text_color=&#8221;#525352&#8243; header_2_font_size=&#8221;40px&#8221; header_text_shadow_style=&#8221;preset2&#8243; header_text_shadow_color=&#8221;rgba(0,0,0,0.85)&#8221; header_2_text_shadow_style=&#8221;preset2&#8243; locked=&#8221;off&#8221;]<h1>Uspje\u0161ne pri\u010de<\/h1>[\/et_pb_text][\/et_pb_column][\/et_pb_row][\/et_pb_section][et_pb_section fb_built=&#8221;1&#8243; use_custom_gutter=&#8221;on&#8221; gutter_width=&#8221;2&#8243; specialty=&#8221;on&#8221; _builder_version=&#8221;4.7.1&#8243; _module_preset=&#8221;default&#8221; background_color=&#8221;#f7f7f7&#8243; custom_padding=&#8221;0px|||||&#8221; box_shadow_style=&#8221;preset6&#8243;][et_pb_column type=&#8221;1_4&#8243; _builder_version=&#8221;3.25&#8243; custom_padding=&#8221;|||&#8221; custom_padding__hover=&#8221;|||&#8221;][et_pb_sidebar area=&#8221;et_pb_widget_area_5&#8243; _builder_version=&#8221;4.7.7&#8243; _module_preset=&#8221;default&#8221;][\/et_pb_sidebar][\/et_pb_column][et_pb_column type=&#8221;3_4&#8243; specialty_columns=&#8221;3&#8243; _builder_version=&#8221;3.25&#8243; custom_padding=&#8221;|||&#8221; custom_padding__hover=&#8221;|||&#8221;][et_pb_row_inner custom_padding_last_edited=&#8221;on|phone&#8221; _builder_version=&#8221;4.7.1&#8243; _module_preset=&#8221;default&#8221; custom_padding=&#8221;50px||0px||false|false&#8221; custom_padding_tablet=&#8221;&#8221; custom_padding_phone=&#8221;0px||||false|false&#8221;][et_pb_column_inner saved_specialty_column_type=&#8221;3_4&#8243; _builder_version=&#8221;4.7.1&#8243; _module_preset=&#8221;default&#8221;][et_pb_text _builder_version=&#8221;4.7.1&#8243; _module_preset=&#8221;default&#8221; header_2_font=&#8221;|600|||||||&#8221; header_2_line_height=&#8221;1.3em&#8221;]<h2>Uspje\u0161ne implementacije na\u0161ih rje\u0161enja<span style=\"color: #BF3D44;\">.<\/span><\/h2>[\/et_pb_text][\/et_pb_column_inner][\/et_pb_row_inner][et_pb_row_inner column_structure=&#8221;1_2,1_2&#8243; use_custom_gutter=&#8221;on&#8221; _builder_version=&#8221;4.7.1&#8243; _module_preset=&#8221;default&#8221; custom_padding=&#8221;||0px||false|false&#8221; locked=&#8221;off&#8221;][et_pb_column_inner type=&#8221;1_2&#8243; saved_specialty_column_type=&#8221;3_4&#8243; _builder_version=&#8221;4.7.1&#8243; _module_preset=&#8221;default&#8221; custom_padding=&#8221;20px|20px|20px|20px|false|false&#8221; border_color_all=&#8221;rgba(51,51,51,0.29)&#8221;][et_pb_image src=&#8221;https:\/\/primakon.com\/wp-content\/uploads\/2020\/11\/Hrvatske-vode-smanjen-logo.png&#8221; alt=&#8221;Hrvatske vode smanjen logo&#8221; title_text=&#8221;Hrvatske ceste smanjen logo&#8221; align=&#8221;center&#8221; _builder_version=&#8221;4.7.4&#8243; _module_preset=&#8221;default&#8221;][\/et_pb_image][et_pb_button button_url=&#8221;\/o-nama\/uspjesne-price\/hrvatske-vode\/&#8221; button_text=&#8221;Pro\u010ditaj vi\u0161e&#8221; button_alignment=&#8221;center&#8221; _builder_version=&#8221;4.7.7&#8243; _module_preset=&#8221;default&#8221; custom_button=&#8221;on&#8221; button_text_color=&#8221;#525352&#8243; button_bg_color=&#8221;#f7f7f7&#8243; button_border_width=&#8221;2px&#8221; button_border_color=&#8221;#525352&#8243; button_border_radius=&#8221;0px&#8221;][\/et_pb_button][\/et_pb_column_inner][et_pb_column_inner type=&#8221;1_2&#8243; saved_specialty_column_type=&#8221;3_4&#8243; _builder_version=&#8221;4.7.1&#8243; _module_preset=&#8221;default&#8221; custom_padding=&#8221;20px|20px|20px|20px|false|false&#8221; border_color_all=&#8221;rgba(51,51,51,0.29)&#8221;][et_pb_image src=&#8221;https:\/\/primakon.com\/wp-content\/uploads\/2020\/11\/Hrvatske-ceste-smanjen-logo.png&#8221; alt=&#8221;Hrvatske ceste smanjen logo&#8221; title_text=&#8221;Hrvatske ceste smanjen logo&#8221; align=&#8221;center&#8221; _builder_version=&#8221;4.7.1&#8243; _module_preset=&#8221;default&#8221;][\/et_pb_image][et_pb_button button_url=&#8221;\/o-nama\/uspjesne-price\/hrvatske-ceste\/&#8221; button_text=&#8221;Pro\u010ditaj vi\u0161e&#8221; button_alignment=&#8221;center&#8221; _builder_version=&#8221;4.7.7&#8243; _module_preset=&#8221;default&#8221; custom_button=&#8221;on&#8221; button_text_color=&#8221;#525352&#8243; button_bg_color=&#8221;#f7f7f7&#8243; button_border_width=&#8221;2px&#8221; button_border_color=&#8221;#525352&#8243; button_border_radius=&#8221;0px&#8221;][\/et_pb_button][\/et_pb_column_inner][\/et_pb_row_inner][et_pb_row_inner column_structure=&#8221;1_2,1_2&#8243; make_equal=&#8221;on&#8221; _builder_version=&#8221;4.7.7&#8243; _module_preset=&#8221;default&#8221; border_color_top=&#8221;rgba(0,0,0,0)&#8221;][et_pb_column_inner type=&#8221;1_2&#8243; saved_specialty_column_type=&#8221;3_4&#8243; _builder_version=&#8221;4.7.1&#8243; _module_preset=&#8221;default&#8221; custom_padding=&#8221;20px|20px|20px|20px|false|false&#8221; border_color_all=&#8221;rgba(51,51,51,0.29)&#8221;][et_pb_image src=&#8221;https:\/\/primakon.com\/wp-content\/uploads\/2020\/12\/Fusion-for-Energy-logo.png&#8221; alt=&#8221;Zagreba\u010dki holding logo&#8221; title_text=&#8221;Zagreba\u010dki holding smanjen logo&#8221; align=&#8221;center&#8221; _builder_version=&#8221;4.7.7&#8243; _module_preset=&#8221;default&#8221;][\/et_pb_image][et_pb_button button_url=&#8221;\/o-nama\/uspjesne-price\/fusion-for-energy\/&#8221; button_text=&#8221;Pro\u010ditaj vi\u0161e&#8221; button_alignment=&#8221;center&#8221; _builder_version=&#8221;4.7.7&#8243; _module_preset=&#8221;default&#8221; custom_button=&#8221;on&#8221; button_text_color=&#8221;#525352&#8243; button_bg_color=&#8221;#f7f7f7&#8243; button_border_width=&#8221;2px&#8221; button_border_color=&#8221;#525352&#8243; button_border_radius=&#8221;0px&#8221;][\/et_pb_button][\/et_pb_column_inner][et_pb_column_inner type=&#8221;1_2&#8243; saved_specialty_column_type=&#8221;3_4&#8243; _builder_version=&#8221;4.7.1&#8243; _module_preset=&#8221;default&#8221; custom_padding=&#8221;20px|20px|20px|20px|false|false&#8221; border_color_all=&#8221;rgba(51,51,51,0.29)&#8221;][et_pb_image src=&#8221;https:\/\/primakon.com\/wp-content\/uploads\/2020\/11\/Zagrebacki-holding-smanjen-logo-1.png&#8221; alt=&#8221;Zagreba\u010dki holding logo&#8221; title_text=&#8221;Zagreba\u010dki holding smanjen logo&#8221; align=&#8221;center&#8221; _builder_version=&#8221;4.7.4&#8243; _module_preset=&#8221;default&#8221;][\/et_pb_image][et_pb_button button_url=&#8221;\/o-nama\/uspjesne-price\/zg-holding\/&#8221; button_text=&#8221;Pro\u010ditaj vi\u0161e&#8221; button_alignment=&#8221;center&#8221; _builder_version=&#8221;4.7.7&#8243; _module_preset=&#8221;default&#8221; custom_button=&#8221;on&#8221; button_text_color=&#8221;#525352&#8243; button_bg_color=&#8221;#f7f7f7&#8243; button_border_width=&#8221;2px&#8221; button_border_color=&#8221;#525352&#8243; button_border_radius=&#8221;0px&#8221;][\/et_pb_button][\/et_pb_column_inner][\/et_pb_row_inner][et_pb_row_inner column_structure=&#8221;1_2,1_2&#8243; make_equal=&#8221;on&#8221; _builder_version=&#8221;4.7.1&#8243; _module_preset=&#8221;default&#8221;][et_pb_column_inner type=&#8221;1_2&#8243; saved_specialty_column_type=&#8221;3_4&#8243; _builder_version=&#8221;4.7.1&#8243; _module_preset=&#8221;default&#8221; custom_padding=&#8221;20px|20px|20px|20px|false|false&#8221; border_color_all=&#8221;rgba(51,51,51,0.29)&#8221;][et_pb_image src=&#8221;https:\/\/primakon.com\/wp-content\/uploads\/2020\/12\/PrimaPPM-logo.png&#8221; alt=&#8221;PrimaPPM logo&#8221; title_text=&#8221;PrimaPPM logo&#8221; align=&#8221;center&#8221; _builder_version=&#8221;4.7.7&#8243; _module_preset=&#8221;default&#8221;][\/et_pb_image][et_pb_button button_url=&#8221;\/o-nama\/uspjesne-price\/viserazinski-ppm\/&#8221; button_text=&#8221;Pro\u010ditaj vi\u0161e&#8221; button_alignment=&#8221;center&#8221; _builder_version=&#8221;4.7.7&#8243; _module_preset=&#8221;default&#8221; custom_button=&#8221;on&#8221; button_text_color=&#8221;#525352&#8243; button_bg_color=&#8221;#f7f7f7&#8243; button_border_width=&#8221;2px&#8221; button_border_color=&#8221;#525352&#8243; button_border_radius=&#8221;0px&#8221;][\/et_pb_button][\/et_pb_column_inner][et_pb_column_inner type=&#8221;1_2&#8243; saved_specialty_column_type=&#8221;3_4&#8243; _builder_version=&#8221;4.7.1&#8243; _module_preset=&#8221;default&#8221; custom_padding=&#8221;20px|20px|20px|20px|false|false&#8221; border_color_all=&#8221;rgba(51,51,51,0.29)&#8221;][et_pb_image src=&#8221;https:\/\/primakon.com\/wp-content\/uploads\/2020\/12\/Bechtel-logo.png&#8221; alt=&#8221;Zagreba\u010dki holding logo&#8221; title_text=&#8221;Zagreba\u010dki holding smanjen logo&#8221; align=&#8221;center&#8221; _builder_version=&#8221;4.7.7&#8243; _module_preset=&#8221;default&#8221;][\/et_pb_image][et_pb_button button_url=&#8221;\/o-nama\/uspjesne-price\/bechtel\/&#8221; button_text=&#8221;Pro\u010ditaj vi\u0161e&#8221; button_alignment=&#8221;center&#8221; _builder_version=&#8221;4.7.7&#8243; _module_preset=&#8221;default&#8221; custom_button=&#8221;on&#8221; button_text_color=&#8221;#525352&#8243; button_bg_color=&#8221;#f7f7f7&#8243; button_border_width=&#8221;2px&#8221; button_border_color=&#8221;#525352&#8243; button_border_radius=&#8221;0px&#8221;][\/et_pb_button][\/et_pb_column_inner][\/et_pb_row_inner][\/et_pb_column][\/et_pb_section]\n\n","protected":false},"excerpt":{"rendered":"<p>Uspje\u0161ne pri\u010deUspje\u0161ne implementacije na\u0161ih rje\u0161enja.<\/p>","protected":false},"author":1,"featured_media":0,"parent":19,"menu_order":0,"comment_status":"closed","ping_status":"closed","template":"","meta":{"_et_pb_use_builder":"on","_et_pb_old_content":"","_et_gb_content_width":"","_price":"","_stock":"","_tribe_ticket_header":"","_tribe_default_ticket_provider":"","_tribe_ticket_capacity":"0","_ticket_start_date":"","_ticket_end_date":"","_tribe_ticket_show_description":"","_tribe_ticket_show_not_going":false,"_tribe_ticket_use_global_stock":"","_tribe_ticket_global_stock_level":"","_global_stock_mode":"","_global_stock_cap":"","_tribe_rsvp_for_event":"","_tribe_ticket_going_count":"","_tribe_ticket_not_going_count":"","_tribe_tickets_list":"[]","_tribe_ticket_has_attendee_info_fields":false,"footnotes":"","_tec_slr_enabled":"","_tec_slr_layout":""},"class_list":["post-1514","page","type-page","status-publish","hentry"],"yoast_head":"<!-- This site is optimized with the Yoast SEO plugin v27.5 - https:\/\/yoast.com\/product\/yoast-seo-wordpress\/ -->\n<title>Uspje\u0161ne pri\u010de - Primakon<\/title>\n<meta name=\"description\" content=\"Uspje\u0161ne implementacije na\u0161ih rje\u0161enja. Neki od primjera: Hrvatske ceste, Hrvatske vode, Fusion for Energy, Bechtel itd.\" \/>\n<meta name=\"robots\" content=\"index, follow, max-snippet:-1, max-image-preview:large, max-video-preview:-1\" \/>\n<link rel=\"canonical\" href=\"https:\/\/www.primakon.com\/en\/o-nama\/uspjesne-price\/\" \/>\n<meta property=\"og:locale\" content=\"en_US\" \/>\n<meta property=\"og:type\" content=\"article\" \/>\n<meta property=\"og:title\" content=\"Uspje\u0161ne pri\u010de - Primakon\" \/>\n<meta property=\"og:description\" content=\"Uspje\u0161ne implementacije na\u0161ih rje\u0161enja. Neki od primjera: Hrvatske ceste, Hrvatske vode, Fusion for Energy, Bechtel itd.\" \/>\n<meta property=\"og:url\" content=\"https:\/\/www.primakon.com\/en\/o-nama\/uspjesne-price\/\" \/>\n<meta property=\"og:site_name\" content=\"Primakon\" \/>\n<meta property=\"article:publisher\" content=\"https:\/\/www.facebook.com\/Primakon-doo-137821199603583\" \/>\n<meta property=\"article:modified_time\" content=\"2021-01-11T14:02:36+00:00\" \/>\n<meta name=\"twitter:card\" content=\"summary_large_image\" \/>\n<meta name=\"twitter:label1\" content=\"Est. reading time\" \/>\n\t<meta name=\"twitter:data1\" content=\"5 minutes\" \/>\n<script type=\"application\/ld+json\" class=\"yoast-schema-graph\">{\"@context\":\"https:\\\/\\\/schema.org\",\"@graph\":[{\"@type\":\"WebPage\",\"@id\":\"https:\\\/\\\/www.primakon.com\\\/o-nama\\\/uspjesne-price\\\/\",\"url\":\"https:\\\/\\\/www.primakon.com\\\/o-nama\\\/uspjesne-price\\\/\",\"name\":\"Uspje\u0161ne pri\u010de - Primakon\",\"isPartOf\":{\"@id\":\"https:\\\/\\\/www.primakon.com\\\/#website\"},\"datePublished\":\"2020-11-25T16:43:00+00:00\",\"dateModified\":\"2021-01-11T14:02:36+00:00\",\"description\":\"Uspje\u0161ne implementacije na\u0161ih rje\u0161enja. Neki od primjera: Hrvatske ceste, Hrvatske vode, Fusion for Energy, Bechtel itd.\",\"breadcrumb\":{\"@id\":\"https:\\\/\\\/www.primakon.com\\\/o-nama\\\/uspjesne-price\\\/#breadcrumb\"},\"inLanguage\":\"en-US\",\"potentialAction\":[{\"@type\":\"ReadAction\",\"target\":[\"https:\\\/\\\/www.primakon.com\\\/o-nama\\\/uspjesne-price\\\/\"]}]},{\"@type\":\"BreadcrumbList\",\"@id\":\"https:\\\/\\\/www.primakon.com\\\/o-nama\\\/uspjesne-price\\\/#breadcrumb\",\"itemListElement\":[{\"@type\":\"ListItem\",\"position\":1,\"name\":\"Po\u010detna stranica\",\"item\":\"https:\\\/\\\/www.primakon.com\\\/\"},{\"@type\":\"ListItem\",\"position\":2,\"name\":\"O nama\",\"item\":\"https:\\\/\\\/www.primakon.com\\\/o-nama\\\/\"},{\"@type\":\"ListItem\",\"position\":3,\"name\":\"Uspje\u0161ne pri\u010de\"}]},{\"@type\":\"WebSite\",\"@id\":\"https:\\\/\\\/www.primakon.com\\\/#website\",\"url\":\"https:\\\/\\\/www.primakon.com\\\/\",\"name\":\"Primakon\",\"description\":\"Lideru u Upravljanju Projektima\",\"publisher\":{\"@id\":\"https:\\\/\\\/www.primakon.com\\\/#organization\"},\"potentialAction\":[{\"@type\":\"SearchAction\",\"target\":{\"@type\":\"EntryPoint\",\"urlTemplate\":\"https:\\\/\\\/www.primakon.com\\\/?s={search_term_string}\"},\"query-input\":{\"@type\":\"PropertyValueSpecification\",\"valueRequired\":true,\"valueName\":\"search_term_string\"}}],\"inLanguage\":\"en-US\"},{\"@type\":\"Organization\",\"@id\":\"https:\\\/\\\/www.primakon.com\\\/#organization\",\"name\":\"Primakon d.o.o.\",\"url\":\"https:\\\/\\\/www.primakon.com\\\/\",\"logo\":{\"@type\":\"ImageObject\",\"inLanguage\":\"en-US\",\"@id\":\"https:\\\/\\\/www.primakon.com\\\/#\\\/schema\\\/logo\\\/image\\\/\",\"url\":\"https:\\\/\\\/primakon.com\\\/wp-content\\\/uploads\\\/2020\\\/11\\\/novi-stari.png\",\"contentUrl\":\"https:\\\/\\\/primakon.com\\\/wp-content\\\/uploads\\\/2020\\\/11\\\/novi-stari.png\",\"width\":1001,\"height\":401,\"caption\":\"Primakon d.o.o.\"},\"image\":{\"@id\":\"https:\\\/\\\/www.primakon.com\\\/#\\\/schema\\\/logo\\\/image\\\/\"},\"sameAs\":[\"https:\\\/\\\/www.facebook.com\\\/Primakon-doo-137821199603583\",\"https:\\\/\\\/www.linkedin.com\\\/company\\\/primakon\\\/\"]}]}<\/script>\n<!-- \/ Yoast SEO plugin. -->","yoast_head_json":{"title":"Success Stories - Primakon","description":"Successful implementations of our solutions. Some of the examples: Croatian Roads, Croatian Waters, Fusion for Energy, Bechtel, etc.","robots":{"index":"index","follow":"follow","max-snippet":"max-snippet:-1","max-image-preview":"max-image-preview:large","max-video-preview":"max-video-preview:-1"},"canonical":"https:\/\/www.primakon.com\/en\/o-nama\/uspjesne-price\/","og_locale":"en_US","og_type":"article","og_title":"Uspje\u0161ne pri\u010de - Primakon","og_description":"Uspje\u0161ne implementacije na\u0161ih rje\u0161enja. Neki od primjera: Hrvatske ceste, Hrvatske vode, Fusion for Energy, Bechtel itd.","og_url":"https:\/\/www.primakon.com\/en\/o-nama\/uspjesne-price\/","og_site_name":"Primakon","article_publisher":"https:\/\/www.facebook.com\/Primakon-doo-137821199603583","article_modified_time":"2021-01-11T14:02:36+00:00","twitter_card":"summary_large_image","twitter_misc":{"Est. reading time":"5 minutes"},"schema":{"@context":"https:\/\/schema.org","@graph":[{"@type":"WebPage","@id":"https:\/\/www.primakon.com\/o-nama\/uspjesne-price\/","url":"https:\/\/www.primakon.com\/o-nama\/uspjesne-price\/","name":"Success Stories - Primakon","isPartOf":{"@id":"https:\/\/www.primakon.com\/#website"},"datePublished":"2020-11-25T16:43:00+00:00","dateModified":"2021-01-11T14:02:36+00:00","description":"Successful implementations of our solutions. Some of the examples: Croatian Roads, Croatian Waters, Fusion for Energy, Bechtel, etc.","breadcrumb":{"@id":"https:\/\/www.primakon.com\/o-nama\/uspjesne-price\/#breadcrumb"},"inLanguage":"en-US","potentialAction":[{"@type":"ReadAction","target":["https:\/\/www.primakon.com\/o-nama\/uspjesne-price\/"]}]},{"@type":"BreadcrumbList","@id":"https:\/\/www.primakon.com\/o-nama\/uspjesne-price\/#breadcrumb","itemListElement":[{"@type":"ListItem","position":1,"name":"Po\u010detna stranica","item":"https:\/\/www.primakon.com\/"},{"@type":"ListItem","position":2,"name":"O nama","item":"https:\/\/www.primakon.com\/o-nama\/"},{"@type":"ListItem","position":3,"name":"Uspje\u0161ne pri\u010de"}]},{"@type":"WebSite","@id":"https:\/\/www.primakon.com\/#website","url":"https:\/\/www.primakon.com\/","name":"Primakon","description":"Lideru u Upravljanju Projektima","publisher":{"@id":"https:\/\/www.primakon.com\/#organization"},"potentialAction":[{"@type":"SearchAction","target":{"@type":"EntryPoint","urlTemplate":"https:\/\/www.primakon.com\/?s={search_term_string}"},"query-input":{"@type":"PropertyValueSpecification","valueRequired":true,"valueName":"search_term_string"}}],"inLanguage":"en-US"},{"@type":"Organization","@id":"https:\/\/www.primakon.com\/#organization","name":"Primakon d.o.o.","url":"https:\/\/www.primakon.com\/","logo":{"@type":"ImageObject","inLanguage":"en-US","@id":"https:\/\/www.primakon.com\/#\/schema\/logo\/image\/","url":"https:\/\/primakon.com\/wp-content\/uploads\/2020\/11\/novi-stari.png","contentUrl":"https:\/\/primakon.com\/wp-content\/uploads\/2020\/11\/novi-stari.png","width":1001,"height":401,"caption":"Primakon d.o.o."},"image":{"@id":"https:\/\/www.primakon.com\/#\/schema\/logo\/image\/"},"sameAs":["https:\/\/www.facebook.com\/Primakon-doo-137821199603583","https:\/\/www.linkedin.com\/company\/primakon\/"]}]}},"ticketed":false,"_links":{"self":[{"href":"https:\/\/www.primakon.com\/en\/wp-json\/wp\/v2\/pages\/1514","targetHints":{"allow":["GET"]}}],"collection":[{"href":"https:\/\/www.primakon.com\/en\/wp-json\/wp\/v2\/pages"}],"about":[{"href":"https:\/\/www.primakon.com\/en\/wp-json\/wp\/v2\/types\/page"}],"author":[{"embeddable":true,"href":"https:\/\/www.primakon.com\/en\/wp-json\/wp\/v2\/users\/1"}],"replies":[{"embeddable":true,"href":"https:\/\/www.primakon.com\/en\/wp-json\/wp\/v2\/comments?post=1514"}],"version-history":[{"count":0,"href":"https:\/\/www.primakon.com\/en\/wp-json\/wp\/v2\/pages\/1514\/revisions"}],"up":[{"embeddable":true,"href":"https:\/\/www.primakon.com\/en\/wp-json\/wp\/v2\/pages\/19"}],"wp:attachment":[{"href":"https:\/\/www.primakon.com\/en\/wp-json\/wp\/v2\/media?parent=1514"}],"curies":[{"name":"wp","href":"https:\/\/api.w.org\/{rel}","templated":true}]}}