{"id":4183,"date":"2020-12-30T12:37:37","date_gmt":"2020-12-30T12:37:37","guid":{"rendered":"http:\/\/primakon.adonomy.co\/?page_id=4183"},"modified":"2021-02-07T15:08:30","modified_gmt":"2021-02-07T15:08:30","slug":"pravila-privatnosti","status":"publish","type":"page","link":"https:\/\/www.primakon.com\/en\/privacy-policy\/","title":{"rendered":"Privacy policy"},"content":{"rendered":"\n[et_pb_section fb_built=&#8221;1&#8243; _builder_version=&#8221;4.7.7&#8243; _module_preset=&#8221;default&#8221; background_image=&#8221;https:\/\/primakon.com\/wp-content\/uploads\/2020\/12\/Rad-za-laptopom.jpg&#8221; parallax=&#8221;on&#8221; parallax_method=&#8221;off&#8221;][et_pb_row _builder_version=&#8221;4.6.6&#8243; _module_preset=&#8221;default&#8221;][et_pb_column type=&#8221;4_4&#8243; _builder_version=&#8221;4.6.6&#8243; _module_preset=&#8221;default&#8221;][et_pb_text _builder_version=&#8221;4.7.7&#8243; _module_preset=&#8221;default&#8221; header_font=&#8221;|600|||||||&#8221; header_text_align=&#8221;center&#8221; header_text_color=&#8221;#bf3d44&#8243; header_font_size=&#8221;40px&#8221; header_2_font=&#8221;|600|||||||&#8221; header_2_text_align=&#8221;center&#8221; header_2_text_color=&#8221;#525352&#8243; header_2_font_size=&#8221;40px&#8221; header_text_shadow_style=&#8221;preset2&#8243; header_2_text_shadow_style=&#8221;preset2&#8243; locked=&#8221;off&#8221;]<h1>Pravila privatnosti<\/h1>[\/et_pb_text][\/et_pb_column][\/et_pb_row][\/et_pb_section][et_pb_section fb_built=&#8221;1&#8243; _builder_version=&#8221;4.7.7&#8243; _module_preset=&#8221;default&#8221; box_shadow_style=&#8221;preset6&#8243;][et_pb_row _builder_version=&#8221;4.7.7&#8243; _module_preset=&#8221;default&#8221; custom_padding=&#8221;0px|||||&#8221;][et_pb_column type=&#8221;4_4&#8243; _builder_version=&#8221;4.7.7&#8243; _module_preset=&#8221;default&#8221;][et_pb_text _builder_version=&#8221;4.7.7&#8243; _module_preset=&#8221;default&#8221;]<p>U Primakonu, kojem se mo\u017ee pristupiti s https:\/\/www.primakon.com, jedan od glavnih prioriteta je privatnost na\u0161ih posjetitelja. Ovaj dokument o pravilima o privatnosti sadr\u017ei vrste podataka koje prikuplja i bilje\u017ei Primakon te kako ih koristimo.<\/p>\n<p>Ako imate dodatnih pitanja ili tra\u017eite vi\u0161e informacija o na\u0161im Pravilima privatnosti, ne ustru\u010davajte se kontaktirati nas. Na\u0161a Pravila o privatnosti generirana su uz pomo\u0107 GDPR Generatora politike privatnosti s GDPRPrivacyPolicy.net<\/p>\n<h2>Op\u0107a uredba o za\u0161titi podataka (GDPR)<\/h2>\n<p>Primakon pravna osnova za prikupljanje i upotrebu osobnih podataka opisanih u ovim Pravilima o privatnosti ovisi o osobnim podacima koje prikupljamo i specifi\u010dnom kontekstu u kojem prikupljamo podatke:<\/p>\n<ul>\n<li>Primakon mora sklopiti ugovor s vama<\/li>\n<li>Dali ste dopu\u0161tenje Primakonu za to<\/li>\n<li>Obrada va\u0161ih osobnih podataka u legitimnom je interesu Primakona<\/li>\n<li>Primakon se mora pridr\u017eavati zakona<\/li>\n<\/ul>\n<p>Primakon \u0107e zadr\u017eati va\u0161e osobne podatke samo onoliko dugo koliko je potrebno za svrhe navedene u ovim Pravilima o privatnosti. Zadr\u017eat \u0107emo i koristit \u0107emo va\u0161e podatke u mjeri u kojoj je to potrebno kako bismo udovoljili na\u0161im zakonskim obvezama, rije\u0161ili sporove i proveli na\u0161e politike.<br \/> Ako ste stanovnik Europskog gospodarskog prostora (EEA), imate odre\u0111ena prava na za\u0161titu podataka. Ako \u017eelite biti informirani o tome koje osobne podatke imamo o vama i ako \u017eelite da budu uklonjeni iz na\u0161ih sustava, kontaktirajte nas.<\/p>\n<p>U odre\u0111enim okolnostima imate sljede\u0107a prava na za\u0161titu podataka:<\/p>\n<ul>\n<li>Pravo na pristup, a\u017euriranje ili brisanje podataka koje imamo o vama<\/li>\n<li>Pravo ispravljanja<\/li>\n<li>Pravo na prigovor<\/li>\n<li>Pravo ograni\u010denja<\/li>\n<li>Pravo na prijenos podataka<\/li>\n<li>Pravo na povla\u010denje pristanka<\/li>\n<\/ul>\n<h2>Datoteke dnevnika<\/h2>\n<p>Primakon slijedi standardni postupak kori\u0161tenja datoteka dnevnika. Te datoteke bilje\u017ee posjetitelje kada posjete web stranice. Sve hosting tvrtke rade ovo i dio analitike hosting usluga. Podaci koje prikupljaju datoteke dnevnika uklju\u010duju adrese internetskog protokola (IP), vrstu preglednika, davatelja internetskih usluga (ISP), datum i vrijeme, stranice s uputama \/ izlazima i mogu\u0107e broj klikova. Nisu povezane s bilo kojim informacijama koje mogu osobno identificirati. Svrha informacija je za analizu trendova, administriranje web stranice, pra\u0107enje kretanja korisnika na web stranici i prikupljanje demografskih podataka.<\/p>\n<h2>Kola\u010di\u0107i i web beacons<\/h2>\n<p>Kao i bilo koja druga web stranica, Primakon koristi \u2018kola\u010di\u0107e\u2019. Ovi se kola\u010di\u0107i koriste za pohranu podataka, uklju\u010duju\u0107i postavke posjetitelja i stranice na web mjestu kojima je posjetitelj pristupio ili ih posjetio. Podaci se koriste za optimizaciju korisni\u010dkog iskustva prilago\u0111avanjem sadr\u017eaja na\u0161e web stranice na temelju vrste preglednika posjetitelja i \/ ili drugih podataka.<br \/> Za op\u0107enitije informacije o kola\u010di\u0107ima, pro\u010ditajte na\u0161u politiku o kola\u010di\u0107ima.<\/p>\n<h2>Pravila o privatnosti<\/h2>\n<p>Na ovom popisu mo\u017eete potra\u017eiti Pravila o privatnosti za svakog ogla\u0161iva\u010dkog partnera Primakona.<br \/> Neovisni poslu\u017eitelji oglasa ili oglasne mre\u017ee koriste tehnologije poput kola\u010di\u0107a, JavaScript-a ili web-svjetionika koji se koriste u njihovim odgovaraju\u0107im oglasima i vezama koje se pojavljuju na Primakonu, a koje se \u0161alju izravno u preglednik korisnika. Oni \u0107e automatski primiti va\u0161u IP adresu kada se to dogodi. Te se tehnologije koriste za mjerenje u\u010dinkovitosti njihovih reklamnih kampanja i \/ ili za prilagodbu reklamnog sadr\u017eaja koji vidite na web mjestima koja posje\u0107ujete.<\/p>\n<p>Imajte na umu da Primakon nema pristup ovim kola\u010di\u0107ima koji se koriste od strane nezavisnih ogla\u0161iva\u010da ili ih ne kontrolira.<\/p>\n<h2>Pravila o privatnosti tre\u0107ih strana<\/h2>\n<p>Pravila o privatnosti Primakon ne odnose se na druge ogla\u0161iva\u010de ili web stranice. Stoga vam savjetujemo da detaljnije informacije potra\u017eite u odgovaraju\u0107im Pravilima o privatnosti ovih nezavisnih poslu\u017eitelja za oglase. To mo\u017ee uklju\u010divati \u200b\u200bnjihovu praksu i upute o tome kako isklju\u010diti odre\u0111ene opcije.<br \/> Mo\u017eete onemogu\u0107iti kola\u010di\u0107e putem pojedina\u010dnih opcija preglednika. Da biste znali detaljnije informacije o upravljanju kola\u010di\u0107ima s odre\u0111enim web preglednicima, mo\u017eete ih prona\u0107i na odgovaraju\u0107im web mjestima preglednika.<\/p>\n<h2>Samo internetska pravila o privatnosti<\/h2>\n<p>Na\u0161a Pravila o privatnosti stvorena na GDPRPrivacyPolicy.net primjenjuju se samo na na\u0161e mre\u017ene aktivnosti i vrijede za posjetitelje na\u0161e web stranice s obzirom na podatke koje su podijelili i \/ ili prikupili u Primakonu. Ovo se pravilo ne odnosi na bilo koje informacije prikupljene izvan mre\u017ee ili putem kanala koji nisu ove web stranice.<\/p>[\/et_pb_text][\/et_pb_column][\/et_pb_row][\/et_pb_section]\n","protected":false},"excerpt":{"rendered":"<p>Pravila privatnostiU Primakonu, kojem se mo\u017ee pristupiti s https:\/\/www.primakon.com, jedan od glavnih prioriteta je privatnost na\u0161ih posjetitelja. Ovaj dokument o pravilima o privatnosti sadr\u017ei vrste podataka koje prikuplja i bilje\u017ei [&hellip;]<\/p>\n","protected":false},"author":1,"featured_media":0,"parent":0,"menu_order":0,"comment_status":"closed","ping_status":"closed","template":"","meta":{"_et_pb_use_builder":"on","_et_pb_old_content":"","_et_gb_content_width":"","_price":"","_stock":"","_tribe_ticket_header":"","_tribe_default_ticket_provider":"","_tribe_ticket_capacity":"0","_ticket_start_date":"","_ticket_end_date":"","_tribe_ticket_show_description":"","_tribe_ticket_show_not_going":false,"_tribe_ticket_use_global_stock":"","_tribe_ticket_global_stock_level":"","_global_stock_mode":"","_global_stock_cap":"","_tribe_rsvp_for_event":"","_tribe_ticket_going_count":"","_tribe_ticket_not_going_count":"","_tribe_tickets_list":"[]","_tribe_ticket_has_attendee_info_fields":false,"footnotes":"","_tec_slr_enabled":"","_tec_slr_layout":""},"class_list":["post-4183","page","type-page","status-publish","hentry"],"yoast_head":"<!-- This site is optimized with the Yoast SEO plugin v27.5 - https:\/\/yoast.com\/product\/yoast-seo-wordpress\/ -->\n<title>Pravila privatnosti - Primakon<\/title>\n<meta name=\"robots\" content=\"index, follow, max-snippet:-1, max-image-preview:large, max-video-preview:-1\" \/>\n<link rel=\"canonical\" href=\"https:\/\/primakon.com\/pravila-privatnosti\/\" \/>\n<meta property=\"og:locale\" content=\"en_US\" \/>\n<meta property=\"og:type\" content=\"article\" \/>\n<meta property=\"og:title\" content=\"Pravila privatnosti - Primakon\" \/>\n<meta property=\"og:description\" content=\"Pravila privatnostiU Primakonu, kojem se mo\u017ee pristupiti s https:\/\/www.primakon.com, jedan od glavnih prioriteta je privatnost na\u0161ih posjetitelja. Ovaj dokument o pravilima o privatnosti sadr\u017ei vrste podataka koje prikuplja i bilje\u017ei [&hellip;]\" \/>\n<meta property=\"og:url\" content=\"https:\/\/primakon.com\/pravila-privatnosti\/\" \/>\n<meta property=\"og:site_name\" content=\"Primakon\" \/>\n<meta property=\"article:publisher\" content=\"https:\/\/www.facebook.com\/Primakon-doo-137821199603583\" \/>\n<meta property=\"article:modified_time\" content=\"2021-02-07T15:08:30+00:00\" \/>\n<meta name=\"twitter:card\" content=\"summary_large_image\" \/>\n<meta name=\"twitter:label1\" content=\"Est. reading time\" \/>\n\t<meta name=\"twitter:data1\" content=\"3 minutes\" \/>\n<script type=\"application\/ld+json\" class=\"yoast-schema-graph\">{\"@context\":\"https:\\\/\\\/schema.org\",\"@graph\":[{\"@type\":\"WebPage\",\"@id\":\"https:\\\/\\\/www.primakon.com\\\/pravila-privatnosti\\\/\",\"url\":\"https:\\\/\\\/primakon.com\\\/pravila-privatnosti\\\/\",\"name\":\"Pravila privatnosti - Primakon\",\"isPartOf\":{\"@id\":\"https:\\\/\\\/www.primakon.com\\\/#website\"},\"datePublished\":\"2020-12-30T12:37:37+00:00\",\"dateModified\":\"2021-02-07T15:08:30+00:00\",\"breadcrumb\":{\"@id\":\"https:\\\/\\\/primakon.com\\\/pravila-privatnosti\\\/#breadcrumb\"},\"inLanguage\":\"en-US\",\"potentialAction\":[{\"@type\":\"ReadAction\",\"target\":[\"https:\\\/\\\/primakon.com\\\/pravila-privatnosti\\\/\"]}]},{\"@type\":\"BreadcrumbList\",\"@id\":\"https:\\\/\\\/primakon.com\\\/pravila-privatnosti\\\/#breadcrumb\",\"itemListElement\":[{\"@type\":\"ListItem\",\"position\":1,\"name\":\"Po\u010detna stranica\",\"item\":\"https:\\\/\\\/www.primakon.com\\\/\"},{\"@type\":\"ListItem\",\"position\":2,\"name\":\"Pravila privatnosti\"}]},{\"@type\":\"WebSite\",\"@id\":\"https:\\\/\\\/www.primakon.com\\\/#website\",\"url\":\"https:\\\/\\\/www.primakon.com\\\/\",\"name\":\"Primakon\",\"description\":\"Lideru u Upravljanju Projektima\",\"publisher\":{\"@id\":\"https:\\\/\\\/www.primakon.com\\\/#organization\"},\"potentialAction\":[{\"@type\":\"SearchAction\",\"target\":{\"@type\":\"EntryPoint\",\"urlTemplate\":\"https:\\\/\\\/www.primakon.com\\\/?s={search_term_string}\"},\"query-input\":{\"@type\":\"PropertyValueSpecification\",\"valueRequired\":true,\"valueName\":\"search_term_string\"}}],\"inLanguage\":\"en-US\"},{\"@type\":\"Organization\",\"@id\":\"https:\\\/\\\/www.primakon.com\\\/#organization\",\"name\":\"Primakon d.o.o.\",\"url\":\"https:\\\/\\\/www.primakon.com\\\/\",\"logo\":{\"@type\":\"ImageObject\",\"inLanguage\":\"en-US\",\"@id\":\"https:\\\/\\\/www.primakon.com\\\/#\\\/schema\\\/logo\\\/image\\\/\",\"url\":\"https:\\\/\\\/primakon.com\\\/wp-content\\\/uploads\\\/2020\\\/11\\\/novi-stari.png\",\"contentUrl\":\"https:\\\/\\\/primakon.com\\\/wp-content\\\/uploads\\\/2020\\\/11\\\/novi-stari.png\",\"width\":1001,\"height\":401,\"caption\":\"Primakon d.o.o.\"},\"image\":{\"@id\":\"https:\\\/\\\/www.primakon.com\\\/#\\\/schema\\\/logo\\\/image\\\/\"},\"sameAs\":[\"https:\\\/\\\/www.facebook.com\\\/Primakon-doo-137821199603583\",\"https:\\\/\\\/www.linkedin.com\\\/company\\\/primakon\\\/\"]}]}<\/script>\n<!-- \/ Yoast SEO plugin. -->","yoast_head_json":{"title":"Pravila privatnosti - Primakon","robots":{"index":"index","follow":"follow","max-snippet":"max-snippet:-1","max-image-preview":"max-image-preview:large","max-video-preview":"max-video-preview:-1"},"canonical":"https:\/\/primakon.com\/pravila-privatnosti\/","og_locale":"en_US","og_type":"article","og_title":"Pravila privatnosti - Primakon","og_description":"Pravila privatnostiU Primakonu, kojem se mo\u017ee pristupiti s https:\/\/www.primakon.com, jedan od glavnih prioriteta je privatnost na\u0161ih posjetitelja. Ovaj dokument o pravilima o privatnosti sadr\u017ei vrste podataka koje prikuplja i bilje\u017ei [&hellip;]","og_url":"https:\/\/primakon.com\/pravila-privatnosti\/","og_site_name":"Primakon","article_publisher":"https:\/\/www.facebook.com\/Primakon-doo-137821199603583","article_modified_time":"2021-02-07T15:08:30+00:00","twitter_card":"summary_large_image","twitter_misc":{"Est. reading time":"3 minutes"},"schema":{"@context":"https:\/\/schema.org","@graph":[{"@type":"WebPage","@id":"https:\/\/www.primakon.com\/pravila-privatnosti\/","url":"https:\/\/primakon.com\/pravila-privatnosti\/","name":"Pravila privatnosti - Primakon","isPartOf":{"@id":"https:\/\/www.primakon.com\/#website"},"datePublished":"2020-12-30T12:37:37+00:00","dateModified":"2021-02-07T15:08:30+00:00","breadcrumb":{"@id":"https:\/\/primakon.com\/pravila-privatnosti\/#breadcrumb"},"inLanguage":"en-US","potentialAction":[{"@type":"ReadAction","target":["https:\/\/primakon.com\/pravila-privatnosti\/"]}]},{"@type":"BreadcrumbList","@id":"https:\/\/primakon.com\/pravila-privatnosti\/#breadcrumb","itemListElement":[{"@type":"ListItem","position":1,"name":"Po\u010detna stranica","item":"https:\/\/www.primakon.com\/"},{"@type":"ListItem","position":2,"name":"Pravila privatnosti"}]},{"@type":"WebSite","@id":"https:\/\/www.primakon.com\/#website","url":"https:\/\/www.primakon.com\/","name":"Primakon","description":"Lideru u Upravljanju Projektima","publisher":{"@id":"https:\/\/www.primakon.com\/#organization"},"potentialAction":[{"@type":"SearchAction","target":{"@type":"EntryPoint","urlTemplate":"https:\/\/www.primakon.com\/?s={search_term_string}"},"query-input":{"@type":"PropertyValueSpecification","valueRequired":true,"valueName":"search_term_string"}}],"inLanguage":"en-US"},{"@type":"Organization","@id":"https:\/\/www.primakon.com\/#organization","name":"Primakon d.o.o.","url":"https:\/\/www.primakon.com\/","logo":{"@type":"ImageObject","inLanguage":"en-US","@id":"https:\/\/www.primakon.com\/#\/schema\/logo\/image\/","url":"https:\/\/primakon.com\/wp-content\/uploads\/2020\/11\/novi-stari.png","contentUrl":"https:\/\/primakon.com\/wp-content\/uploads\/2020\/11\/novi-stari.png","width":1001,"height":401,"caption":"Primakon d.o.o."},"image":{"@id":"https:\/\/www.primakon.com\/#\/schema\/logo\/image\/"},"sameAs":["https:\/\/www.facebook.com\/Primakon-doo-137821199603583","https:\/\/www.linkedin.com\/company\/primakon\/"]}]}},"ticketed":false,"_links":{"self":[{"href":"https:\/\/www.primakon.com\/en\/wp-json\/wp\/v2\/pages\/4183","targetHints":{"allow":["GET"]}}],"collection":[{"href":"https:\/\/www.primakon.com\/en\/wp-json\/wp\/v2\/pages"}],"about":[{"href":"https:\/\/www.primakon.com\/en\/wp-json\/wp\/v2\/types\/page"}],"author":[{"embeddable":true,"href":"https:\/\/www.primakon.com\/en\/wp-json\/wp\/v2\/users\/1"}],"replies":[{"embeddable":true,"href":"https:\/\/www.primakon.com\/en\/wp-json\/wp\/v2\/comments?post=4183"}],"version-history":[{"count":0,"href":"https:\/\/www.primakon.com\/en\/wp-json\/wp\/v2\/pages\/4183\/revisions"}],"wp:attachment":[{"href":"https:\/\/www.primakon.com\/en\/wp-json\/wp\/v2\/media?parent=4183"}],"curies":[{"name":"wp","href":"https:\/\/api.w.org\/{rel}","templated":true}]}}