{"id":4235,"date":"2020-12-31T17:27:08","date_gmt":"2020-12-31T17:27:08","guid":{"rendered":"http:\/\/primakon.adonomy.co\/?page_id=4235"},"modified":"2021-01-05T10:58:16","modified_gmt":"2021-01-05T10:58:16","slug":"fusion-for-energy","status":"publish","type":"page","link":"https:\/\/www.primakon.com\/en\/about-us\/success-stories\/fusion-for-energy\/","title":{"rendered":"Fusion for Energy"},"content":{"rendered":"\n[et_pb_section fb_built=&#8221;1&#8243; _builder_version=&#8221;4.7.1&#8243; _module_preset=&#8221;default&#8221; background_image=&#8221;https:\/\/primakon.com\/wp-content\/uploads\/2020\/11\/Business-meeting-concept.jpg&#8221; parallax=&#8221;on&#8221; parallax_method=&#8221;off&#8221;][et_pb_row _builder_version=&#8221;4.6.6&#8243; _module_preset=&#8221;default&#8221;][et_pb_column type=&#8221;4_4&#8243; _builder_version=&#8221;4.6.6&#8243; _module_preset=&#8221;default&#8221;][et_pb_text _builder_version=&#8221;4.7.7&#8243; _module_preset=&#8221;default&#8221; header_font=&#8221;|600|||||||&#8221; header_text_align=&#8221;center&#8221; header_text_color=&#8221;#bf3d44&#8243; header_font_size=&#8221;40px&#8221; header_2_font=&#8221;|600|||||||&#8221; header_2_text_align=&#8221;center&#8221; header_2_text_color=&#8221;#525352&#8243; header_2_font_size=&#8221;40px&#8221; header_text_shadow_style=&#8221;preset2&#8243; header_text_shadow_color=&#8221;rgba(0,0,0,0.85)&#8221; header_2_text_shadow_style=&#8221;preset2&#8243; locked=&#8221;off&#8221;]<h1>Fusion for Energy<\/h1>[\/et_pb_text][\/et_pb_column][\/et_pb_row][\/et_pb_section][et_pb_section fb_built=&#8221;1&#8243; use_custom_gutter=&#8221;on&#8221; gutter_width=&#8221;2&#8243; specialty=&#8221;on&#8221; _builder_version=&#8221;4.7.1&#8243; _module_preset=&#8221;default&#8221; background_color=&#8221;#f7f7f7&#8243; custom_padding=&#8221;0px|||||&#8221; box_shadow_style=&#8221;preset6&#8243;][et_pb_column type=&#8221;1_4&#8243; _builder_version=&#8221;3.25&#8243; custom_padding=&#8221;|||&#8221; custom_padding__hover=&#8221;|||&#8221;][et_pb_sidebar area=&#8221;et_pb_widget_area_5&#8243; _builder_version=&#8221;4.7.7&#8243; _module_preset=&#8221;default&#8221;][\/et_pb_sidebar][\/et_pb_column][et_pb_column type=&#8221;3_4&#8243; specialty_columns=&#8221;3&#8243; _builder_version=&#8221;3.25&#8243; custom_padding=&#8221;|||&#8221; custom_padding__hover=&#8221;|||&#8221;][et_pb_row_inner column_structure=&#8221;1_2,1_2&#8243; custom_padding_last_edited=&#8221;on|phone&#8221; _builder_version=&#8221;4.7.7&#8243; _module_preset=&#8221;default&#8221; custom_padding=&#8221;50px||0px||false|false&#8221; custom_padding_tablet=&#8221;&#8221; custom_padding_phone=&#8221;0px||||false|false&#8221; border_color_all=&#8221;rgba(51,51,51,0.16)&#8221;][et_pb_column_inner type=&#8221;1_2&#8243; saved_specialty_column_type=&#8221;3_4&#8243; _builder_version=&#8221;4.7.1&#8243; _module_preset=&#8221;default&#8221;][et_pb_text _builder_version=&#8221;4.7.7&#8243; _module_preset=&#8221;default&#8221; text_font_size=&#8221;20px&#8221;]<p><strong>Korisnik<\/strong>: Fusion for Energy, ITER<br \/> <strong>Sjedi\u0161te<\/strong>: Barcelona, \u0160panjolska<br \/> <strong>Gospodarska grana<\/strong>: Nuklearna energija, Europska institucija<br \/> <strong>Zaposlenih<\/strong>: 446<br \/> <strong>Godi\u0161nji bud\u017eet<\/strong>: 13.000.000.000,00 EUR<\/p>[\/et_pb_text][\/et_pb_column_inner][et_pb_column_inner type=&#8221;1_2&#8243; saved_specialty_column_type=&#8221;3_4&#8243; _builder_version=&#8221;4.7.1&#8243; _module_preset=&#8221;default&#8221;][et_pb_image src=&#8221;https:\/\/primakon.com\/wp-content\/uploads\/2020\/12\/Fusion-for-Energy-logo.png&#8221; alt=&#8221;Zagreba\u010dki holding smanjen logo&#8221; title_text=&#8221;Zagreba\u010dki holding smanjen logo&#8221; align=&#8221;center&#8221; _builder_version=&#8221;4.7.7&#8243; _module_preset=&#8221;default&#8221; hover_enabled=&#8221;0&#8243; sticky_enabled=&#8221;0&#8243;][\/et_pb_image][\/et_pb_column_inner][\/et_pb_row_inner][et_pb_row_inner _builder_version=&#8221;4.6.6&#8243; _module_preset=&#8221;default&#8221;][et_pb_column_inner saved_specialty_column_type=&#8221;3_4&#8243; _builder_version=&#8221;4.6.6&#8243; _module_preset=&#8221;default&#8221;][et_pb_divider color=&#8221;rgba(82,83,82,0.13)&#8221; divider_position=&#8221;center&#8221; _builder_version=&#8221;4.7.1&#8243; _module_preset=&#8221;default&#8221; box_shadow_style=&#8221;preset3&#8243; box_shadow_vertical=&#8221;6px&#8221; box_shadow_blur=&#8221;10px&#8221;][\/et_pb_divider][\/et_pb_column_inner][\/et_pb_row_inner][et_pb_row_inner make_equal=&#8221;on&#8221; _builder_version=&#8221;4.7.1&#8243; _module_preset=&#8221;default&#8221; custom_padding=&#8221;0px||0px||false|false&#8221;][et_pb_column_inner saved_specialty_column_type=&#8221;3_4&#8243; _builder_version=&#8221;4.6.6&#8243; _module_preset=&#8221;default&#8221;][et_pb_text _builder_version=&#8221;4.7.7&#8243; _module_preset=&#8221;default&#8221; header_2_font=&#8221;|600|||||||&#8221; custom_margin=&#8221;||10px||false|false&#8221;]<h2>Djelokrug<\/h2>[\/et_pb_text][et_pb_text _builder_version=&#8221;4.7.7&#8243; _module_preset=&#8221;default&#8221; header_2_text_color=&#8221;#bf3d44&#8243; text_orientation=&#8221;justified&#8221; custom_padding=&#8221;||||false|false&#8221;]<p style=\"text-align: left;\"><span style=\"text-decoration: underline;\"><a href=\"https:\/\/fusionforenergy.europa.eu\/\" target=\"_blank\" rel=\"noopener noreferrer\">Fusion for Energy<\/a><\/span> (F4E) je organizacija EU-a koja upravlja doprinosom EU-a projektu International Thermonuclear Experimental Reactor (ITER), osmi\u0161ljenom s ciljem dokazivanja znanstvene i tehnolo\u0161ke izvedivosti fuzijske energije. Sjedi\u0161te F4E nalazi se u Barceloni a reaktor i popratne gra\u0111evine u Cadaracheu u Francuskoj. Pored Europe, u projektu sudjeluju Kina, Japan, Indija, Republika Koreja, Ruska Federacija i SAD. Cilj je razviti siguran, neograni\u010den i ekolo\u0161ki odgovoran izvor energije. Fuzijski reaktor se gradi kombiniraju\u0107i znanje, cutting edge tehnologije i state of the art tehnike znanosti, istra\u017eiva\u010dkih organizacija i industrije. Ovo je jedinstven projekt i kako bi reaktor bio sagra\u0111en, a fuzija bila odr\u017eiva, potrebno je razviti niz tehnolo\u0161kih komponenti koje ne postoje trenutno nigdje u svijetu. Svi zadaci su povjereni samo najboljim tvrtkama i organizacijama u svojem polju kako bi se osigurala najvi\u0161a kvaliteta projekta. Pra\u0107enje ukupnog stanja projekta, izgradnje reaktora, razvoja komponenti i koordinacije svih dr\u017eava, organizacija i dobavlja\u010da koji sudjeluju u projektu, pokriveno je vrhunskim projektnim menad\u017ementom.<\/p>\n[\/et_pb_text][\/et_pb_column_inner][\/et_pb_row_inner][et_pb_row_inner _builder_version=&#8221;4.6.6&#8243; _module_preset=&#8221;default&#8221;][et_pb_column_inner saved_specialty_column_type=&#8221;3_4&#8243; _builder_version=&#8221;4.6.6&#8243; _module_preset=&#8221;default&#8221;][et_pb_divider color=&#8221;rgba(82,83,82,0.13)&#8221; divider_position=&#8221;center&#8221; _builder_version=&#8221;4.7.1&#8243; _module_preset=&#8221;default&#8221; box_shadow_style=&#8221;preset3&#8243; box_shadow_vertical=&#8221;-6px&#8221; box_shadow_blur=&#8221;10px&#8221;][\/et_pb_divider][\/et_pb_column_inner][\/et_pb_row_inner][et_pb_row_inner _builder_version=&#8221;4.7.7&#8243; _module_preset=&#8221;default&#8221; custom_padding=&#8221;0px||0px||false|false&#8221;][et_pb_column_inner saved_specialty_column_type=&#8221;3_4&#8243; _builder_version=&#8221;4.7.1&#8243; _module_preset=&#8221;default&#8221;][et_pb_text _builder_version=&#8221;4.7.7&#8243; _module_preset=&#8221;default&#8221;]Primakon pru\u017ea podr\u0161ku F4E projektom timu u implementaciji i odr\u017eavanju Oracle Primavera P6 EPPM sustava kao i u razvoju specijaliziranih alata za podr\u0161ku poslovnim procesima i edukaciji.\nSudjelovanje Primakona na F4E projektu u domeni projektnog menad\u017ementa zna\u010di biti na vrhu Europskog projektnog menad\u017ementa.[\/et_pb_text][\/et_pb_column_inner][\/et_pb_row_inner][\/et_pb_column][\/et_pb_section]\n","protected":false},"excerpt":{"rendered":"<p>Fusion for EnergyKorisnik: Fusion for Energy, ITER Sjedi\u0161te: Barcelona, \u0160panjolska Gospodarska grana: Nuklearna energija, Europska institucija Zaposlenih: 446 Godi\u0161nji bud\u017eet: 13.000.000.000,00 EURDjelokrugFusion for Energy (F4E) je organizacija EU-a koja upravlja [&hellip;]<\/p>\n","protected":false},"author":1,"featured_media":0,"parent":1514,"menu_order":0,"comment_status":"closed","ping_status":"closed","template":"","meta":{"_et_pb_use_builder":"on","_et_pb_old_content":"","_et_gb_content_width":"","_price":"","_stock":"","_tribe_ticket_header":"","_tribe_default_ticket_provider":"","_tribe_ticket_capacity":"0","_ticket_start_date":"","_ticket_end_date":"","_tribe_ticket_show_description":"","_tribe_ticket_show_not_going":false,"_tribe_ticket_use_global_stock":"","_tribe_ticket_global_stock_level":"","_global_stock_mode":"","_global_stock_cap":"","_tribe_rsvp_for_event":"","_tribe_ticket_going_count":"","_tribe_ticket_not_going_count":"","_tribe_tickets_list":"[]","_tribe_ticket_has_attendee_info_fields":false,"footnotes":"","_tec_slr_enabled":"","_tec_slr_layout":""},"class_list":["post-4235","page","type-page","status-publish","hentry"],"yoast_head":"<!-- This site is optimized with the Yoast SEO plugin v27.4 - https:\/\/yoast.com\/product\/yoast-seo-wordpress\/ -->\n<title>Fusion for Energy (Uspje\u0161na pri\u010da) - Primakon<\/title>\n<meta name=\"description\" content=\"Primakon pru\u017ea podr\u0161ku F4E projektom timu u implementaciji i odr\u017eavanju Oracle Primavera P6 EPPM sustava kao i u razvoju alata.\" \/>\n<meta name=\"robots\" content=\"index, follow, max-snippet:-1, max-image-preview:large, max-video-preview:-1\" \/>\n<link rel=\"canonical\" href=\"https:\/\/www.primakon.com\/en\/o-nama\/uspjesne-price\/fusion-for-energy\/\" \/>\n<meta property=\"og:locale\" content=\"en_US\" \/>\n<meta property=\"og:type\" content=\"article\" \/>\n<meta property=\"og:title\" content=\"Fusion for Energy (Uspje\u0161na pri\u010da) - Primakon\" \/>\n<meta property=\"og:description\" content=\"Primakon pru\u017ea podr\u0161ku F4E projektom timu u implementaciji i odr\u017eavanju Oracle Primavera P6 EPPM sustava kao i u razvoju alata.\" \/>\n<meta property=\"og:url\" content=\"https:\/\/www.primakon.com\/en\/o-nama\/uspjesne-price\/fusion-for-energy\/\" \/>\n<meta property=\"og:site_name\" content=\"Primakon\" \/>\n<meta property=\"article:publisher\" content=\"https:\/\/www.facebook.com\/Primakon-doo-137821199603583\" \/>\n<meta property=\"article:modified_time\" content=\"2021-01-05T10:58:16+00:00\" \/>\n<meta name=\"twitter:card\" content=\"summary_large_image\" \/>\n<meta name=\"twitter:label1\" content=\"Est. reading time\" \/>\n\t<meta name=\"twitter:data1\" content=\"4 minutes\" \/>\n<script type=\"application\/ld+json\" class=\"yoast-schema-graph\">{\"@context\":\"https:\\\/\\\/schema.org\",\"@graph\":[{\"@type\":\"WebPage\",\"@id\":\"https:\\\/\\\/www.primakon.com\\\/o-nama\\\/uspjesne-price\\\/fusion-for-energy\\\/\",\"url\":\"https:\\\/\\\/www.primakon.com\\\/o-nama\\\/uspjesne-price\\\/fusion-for-energy\\\/\",\"name\":\"Fusion for Energy (Uspje\u0161na pri\u010da) - Primakon\",\"isPartOf\":{\"@id\":\"https:\\\/\\\/www.primakon.com\\\/#website\"},\"datePublished\":\"2020-12-31T17:27:08+00:00\",\"dateModified\":\"2021-01-05T10:58:16+00:00\",\"description\":\"Primakon pru\u017ea podr\u0161ku F4E projektom timu u implementaciji i odr\u017eavanju Oracle Primavera P6 EPPM sustava kao i u razvoju alata.\",\"breadcrumb\":{\"@id\":\"https:\\\/\\\/www.primakon.com\\\/o-nama\\\/uspjesne-price\\\/fusion-for-energy\\\/#breadcrumb\"},\"inLanguage\":\"en-US\",\"potentialAction\":[{\"@type\":\"ReadAction\",\"target\":[\"https:\\\/\\\/www.primakon.com\\\/o-nama\\\/uspjesne-price\\\/fusion-for-energy\\\/\"]}]},{\"@type\":\"BreadcrumbList\",\"@id\":\"https:\\\/\\\/www.primakon.com\\\/o-nama\\\/uspjesne-price\\\/fusion-for-energy\\\/#breadcrumb\",\"itemListElement\":[{\"@type\":\"ListItem\",\"position\":1,\"name\":\"Po\u010detna stranica\",\"item\":\"https:\\\/\\\/www.primakon.com\\\/\"},{\"@type\":\"ListItem\",\"position\":2,\"name\":\"O nama\",\"item\":\"https:\\\/\\\/www.primakon.com\\\/o-nama\\\/\"},{\"@type\":\"ListItem\",\"position\":3,\"name\":\"Uspje\u0161ne pri\u010de\",\"item\":\"https:\\\/\\\/www.primakon.com\\\/o-nama\\\/uspjesne-price\\\/\"},{\"@type\":\"ListItem\",\"position\":4,\"name\":\"Fusion for Energy\"}]},{\"@type\":\"WebSite\",\"@id\":\"https:\\\/\\\/www.primakon.com\\\/#website\",\"url\":\"https:\\\/\\\/www.primakon.com\\\/\",\"name\":\"Primakon\",\"description\":\"Lideru u Upravljanju Projektima\",\"publisher\":{\"@id\":\"https:\\\/\\\/www.primakon.com\\\/#organization\"},\"potentialAction\":[{\"@type\":\"SearchAction\",\"target\":{\"@type\":\"EntryPoint\",\"urlTemplate\":\"https:\\\/\\\/www.primakon.com\\\/?s={search_term_string}\"},\"query-input\":{\"@type\":\"PropertyValueSpecification\",\"valueRequired\":true,\"valueName\":\"search_term_string\"}}],\"inLanguage\":\"en-US\"},{\"@type\":\"Organization\",\"@id\":\"https:\\\/\\\/www.primakon.com\\\/#organization\",\"name\":\"Primakon d.o.o.\",\"url\":\"https:\\\/\\\/www.primakon.com\\\/\",\"logo\":{\"@type\":\"ImageObject\",\"inLanguage\":\"en-US\",\"@id\":\"https:\\\/\\\/www.primakon.com\\\/#\\\/schema\\\/logo\\\/image\\\/\",\"url\":\"https:\\\/\\\/primakon.com\\\/wp-content\\\/uploads\\\/2020\\\/11\\\/novi-stari.png\",\"contentUrl\":\"https:\\\/\\\/primakon.com\\\/wp-content\\\/uploads\\\/2020\\\/11\\\/novi-stari.png\",\"width\":1001,\"height\":401,\"caption\":\"Primakon d.o.o.\"},\"image\":{\"@id\":\"https:\\\/\\\/www.primakon.com\\\/#\\\/schema\\\/logo\\\/image\\\/\"},\"sameAs\":[\"https:\\\/\\\/www.facebook.com\\\/Primakon-doo-137821199603583\",\"https:\\\/\\\/www.linkedin.com\\\/company\\\/primakon\\\/\"]}]}<\/script>\n<!-- \/ Yoast SEO plugin. -->","yoast_head_json":{"title":"Fusion for Energy (Success stories) - Primakon","description":"Primakon provides support to the F4E project team in the implementation and maintenance of the Oracle Primavera P6 EPPM system as well as in tool development.","robots":{"index":"index","follow":"follow","max-snippet":"max-snippet:-1","max-image-preview":"max-image-preview:large","max-video-preview":"max-video-preview:-1"},"canonical":"https:\/\/www.primakon.com\/en\/o-nama\/uspjesne-price\/fusion-for-energy\/","og_locale":"en_US","og_type":"article","og_title":"Fusion for Energy (Uspje\u0161na pri\u010da) - Primakon","og_description":"Primakon pru\u017ea podr\u0161ku F4E projektom timu u implementaciji i odr\u017eavanju Oracle Primavera P6 EPPM sustava kao i u razvoju alata.","og_url":"https:\/\/www.primakon.com\/en\/o-nama\/uspjesne-price\/fusion-for-energy\/","og_site_name":"Primakon","article_publisher":"https:\/\/www.facebook.com\/Primakon-doo-137821199603583","article_modified_time":"2021-01-05T10:58:16+00:00","twitter_card":"summary_large_image","twitter_misc":{"Est. reading time":"4 minutes"},"schema":{"@context":"https:\/\/schema.org","@graph":[{"@type":"WebPage","@id":"https:\/\/www.primakon.com\/o-nama\/uspjesne-price\/fusion-for-energy\/","url":"https:\/\/www.primakon.com\/o-nama\/uspjesne-price\/fusion-for-energy\/","name":"Fusion for Energy (Success stories) - Primakon","isPartOf":{"@id":"https:\/\/www.primakon.com\/#website"},"datePublished":"2020-12-31T17:27:08+00:00","dateModified":"2021-01-05T10:58:16+00:00","description":"Primakon provides support to the F4E project team in the implementation and maintenance of the Oracle Primavera P6 EPPM system as well as in tool development.","breadcrumb":{"@id":"https:\/\/www.primakon.com\/o-nama\/uspjesne-price\/fusion-for-energy\/#breadcrumb"},"inLanguage":"en-US","potentialAction":[{"@type":"ReadAction","target":["https:\/\/www.primakon.com\/o-nama\/uspjesne-price\/fusion-for-energy\/"]}]},{"@type":"BreadcrumbList","@id":"https:\/\/www.primakon.com\/o-nama\/uspjesne-price\/fusion-for-energy\/#breadcrumb","itemListElement":[{"@type":"ListItem","position":1,"name":"Po\u010detna stranica","item":"https:\/\/www.primakon.com\/"},{"@type":"ListItem","position":2,"name":"O nama","item":"https:\/\/www.primakon.com\/o-nama\/"},{"@type":"ListItem","position":3,"name":"Uspje\u0161ne pri\u010de","item":"https:\/\/www.primakon.com\/o-nama\/uspjesne-price\/"},{"@type":"ListItem","position":4,"name":"Fusion for Energy"}]},{"@type":"WebSite","@id":"https:\/\/www.primakon.com\/#website","url":"https:\/\/www.primakon.com\/","name":"Primakon","description":"Lideru u Upravljanju Projektima","publisher":{"@id":"https:\/\/www.primakon.com\/#organization"},"potentialAction":[{"@type":"SearchAction","target":{"@type":"EntryPoint","urlTemplate":"https:\/\/www.primakon.com\/?s={search_term_string}"},"query-input":{"@type":"PropertyValueSpecification","valueRequired":true,"valueName":"search_term_string"}}],"inLanguage":"en-US"},{"@type":"Organization","@id":"https:\/\/www.primakon.com\/#organization","name":"Primakon d.o.o.","url":"https:\/\/www.primakon.com\/","logo":{"@type":"ImageObject","inLanguage":"en-US","@id":"https:\/\/www.primakon.com\/#\/schema\/logo\/image\/","url":"https:\/\/primakon.com\/wp-content\/uploads\/2020\/11\/novi-stari.png","contentUrl":"https:\/\/primakon.com\/wp-content\/uploads\/2020\/11\/novi-stari.png","width":1001,"height":401,"caption":"Primakon d.o.o."},"image":{"@id":"https:\/\/www.primakon.com\/#\/schema\/logo\/image\/"},"sameAs":["https:\/\/www.facebook.com\/Primakon-doo-137821199603583","https:\/\/www.linkedin.com\/company\/primakon\/"]}]}},"ticketed":false,"_links":{"self":[{"href":"https:\/\/www.primakon.com\/en\/wp-json\/wp\/v2\/pages\/4235","targetHints":{"allow":["GET"]}}],"collection":[{"href":"https:\/\/www.primakon.com\/en\/wp-json\/wp\/v2\/pages"}],"about":[{"href":"https:\/\/www.primakon.com\/en\/wp-json\/wp\/v2\/types\/page"}],"author":[{"embeddable":true,"href":"https:\/\/www.primakon.com\/en\/wp-json\/wp\/v2\/users\/1"}],"replies":[{"embeddable":true,"href":"https:\/\/www.primakon.com\/en\/wp-json\/wp\/v2\/comments?post=4235"}],"version-history":[{"count":0,"href":"https:\/\/www.primakon.com\/en\/wp-json\/wp\/v2\/pages\/4235\/revisions"}],"up":[{"embeddable":true,"href":"https:\/\/www.primakon.com\/en\/wp-json\/wp\/v2\/pages\/1514"}],"wp:attachment":[{"href":"https:\/\/www.primakon.com\/en\/wp-json\/wp\/v2\/media?parent=4235"}],"curies":[{"name":"wp","href":"https:\/\/api.w.org\/{rel}","templated":true}]}}