{"id":729,"date":"2020-11-15T13:48:05","date_gmt":"2020-11-15T13:48:05","guid":{"rendered":"http:\/\/primakon.adonomy.co\/?page_id=729"},"modified":"2021-01-04T13:47:32","modified_gmt":"2021-01-04T13:47:32","slug":"easy-project","status":"publish","type":"page","link":"https:\/\/www.primakon.com\/en\/solutions\/easy-project\/","title":{"rendered":"Easy Project"},"content":{"rendered":"<p>[et_pb_section fb_built=&#8221;1&#8243; _builder_version=&#8221;4.7.4&#8243; _module_preset=&#8221;default&#8221; background_image=&#8221;https:\/\/primakon.com\/wp-content\/uploads\/2020\/11\/Perspektivan-tim-radi-na-projektu.jpg&#8221; parallax=&#8221;on&#8221; parallax_method=&#8221;off&#8221; box_shadow_style=&#8221;preset2&#8243;][et_pb_row _builder_version=&#8221;4.6.6&#8243; _module_preset=&#8221;default&#8221;][et_pb_column type=&#8221;4_4&#8243; _builder_version=&#8221;4.6.6&#8243; _module_preset=&#8221;default&#8221;][et_pb_text _builder_version=&#8221;4.7.1&#8243; _module_preset=&#8221;default&#8221; header_font=&#8221;|600|||||||&#8221; header_text_align=&#8221;center&#8221; header_text_color=&#8221;#bf3d44&#8243; header_font_size=&#8221;40px&#8221; header_2_font=&#8221;|600|||||||&#8221; header_2_text_align=&#8221;center&#8221; header_2_text_color=&#8221;#525352&#8243; header_2_font_size=&#8221;40px&#8221; header_text_shadow_style=&#8221;preset2&#8243; header_text_shadow_color=&#8221;rgba(0,0,0,0.85)&#8221; header_2_text_shadow_style=&#8221;preset2&#8243; locked=&#8221;off&#8221;]<\/p>\n<h1>Easy Project<\/h1>\n<p>[\/et_pb_text][\/et_pb_column][\/et_pb_row][\/et_pb_section][et_pb_section fb_built=&#8221;1&#8243; use_custom_gutter=&#8221;on&#8221; gutter_width=&#8221;2&#8243; specialty=&#8221;on&#8221; _builder_version=&#8221;4.7.1&#8243; _module_preset=&#8221;default&#8221; background_color=&#8221;#f7f7f7&#8243; custom_padding=&#8221;0px|||||&#8221; box_shadow_style=&#8221;preset6&#8243;][et_pb_column type=&#8221;1_4&#8243; _builder_version=&#8221;3.25&#8243; custom_padding=&#8221;|||&#8221; custom_padding__hover=&#8221;|||&#8221;][et_pb_sidebar area=&#8221;et_pb_widget_area_1&#8243; _builder_version=&#8221;4.7.7&#8243; _module_preset=&#8221;default&#8221;][\/et_pb_sidebar][\/et_pb_column][et_pb_column type=&#8221;3_4&#8243; specialty_columns=&#8221;3&#8243; _builder_version=&#8221;3.25&#8243; custom_padding=&#8221;|||&#8221; custom_padding__hover=&#8221;|||&#8221;][et_pb_row_inner make_equal=&#8221;on&#8221; custom_padding_last_edited=&#8221;on|phone&#8221; _builder_version=&#8221;4.7.1&#8243; _module_preset=&#8221;default&#8221; custom_padding=&#8221;50px||0px||false|false&#8221; custom_padding_tablet=&#8221;&#8221; custom_padding_phone=&#8221;0px||||false|false&#8221;][et_pb_column_inner saved_specialty_column_type=&#8221;3_4&#8243; _builder_version=&#8221;4.6.6&#8243; _module_preset=&#8221;default&#8221;][et_pb_text _builder_version=&#8221;4.7.1&#8243; _module_preset=&#8221;default&#8221; header_2_font=&#8221;|600|||||||&#8221; header_2_text_color=&#8221;#3a3632&#8243; header_2_line_height=&#8221;1.3em&#8221;]<\/p>\n<h2><span>Unaprijedite <\/span>svoje poslovne procese<span style=\"color: #BF3D44;\">.<\/span><\/h2>\n<p>[\/et_pb_text][et_pb_image src=&#8221;https:\/\/primakon.com\/wp-content\/uploads\/2020\/11\/Laptop-na-uredskom-stolu.jpg&#8221; alt=&#8221;Laptop na uredskom stolu&#8221; title_text=&#8221;Laptop na uredskom stolu&#8221; _builder_version=&#8221;4.7.1&#8243; _module_preset=&#8221;default&#8221; box_shadow_style=&#8221;preset2&#8243;][\/et_pb_image][\/et_pb_column_inner][\/et_pb_row_inner][et_pb_row_inner make_equal=&#8221;on&#8221; _builder_version=&#8221;4.7.1&#8243; _module_preset=&#8221;default&#8221; custom_padding=&#8221;0px||0px|||&#8221;][et_pb_column_inner saved_specialty_column_type=&#8221;3_4&#8243; _builder_version=&#8221;4.6.6&#8243; _module_preset=&#8221;default&#8221;][et_pb_text _builder_version=&#8221;4.7.7&#8243; _module_preset=&#8221;default&#8221; header_2_text_color=&#8221;#bf3d44&#8243; custom_padding=&#8221;20px||||false|false&#8221;]<\/p>\n<div>Easy Project je <span style=\"text-decoration: underline;\"><a href=\"https:\/\/www.easyproject.com\/\" target=\"_blank\" rel=\"noopener noreferrer\">softver za unaprije\u0111enje poslovnih procesa<\/a><\/span>, projektni i portfeljni\u00a0<span style=\"font-size: 18px;\">menad\u017ement, sa sna\u017enom komponentom upravljanja organizacijom. Mo\u017ee se koristiti u javnim organizacijama i privatnim tvrtkama. Easy Project na jednostavan na\u010din omogu\u0107uje digitalizaciju i automatizaciju poslovanja i poslovnih procesa.<\/span><\/div>\n<div><span style=\"font-size: 18px;\"><\/span><\/div>\n<div>\n<div>Poseban doprinos Easy Projecta je smanjenje i ubrzavanje administracije,\u00a0<span style=\"font-size: 18px;\">pove\u0107anje efikasnosti, lak\u0161a organizacija kolektiva i kontrola stanja teku\u0107ih\u00a0<\/span><span style=\"font-size: 18px;\">projekata te projektnih prihoda i rashoda.<\/span><\/div>\n<\/div>\n<div><span style=\"font-size: 18px;\"><\/span><\/div>\n<p>[\/et_pb_text][\/et_pb_column_inner][\/et_pb_row_inner][et_pb_row_inner _builder_version=&#8221;4.7.1&#8243; _module_preset=&#8221;default&#8221;][et_pb_column_inner saved_specialty_column_type=&#8221;3_4&#8243; _builder_version=&#8221;4.6.6&#8243; _module_preset=&#8221;default&#8221;][et_pb_divider color=&#8221;rgba(82,83,82,0.13)&#8221; divider_position=&#8221;center&#8221; _builder_version=&#8221;4.7.1&#8243; _module_preset=&#8221;default&#8221; box_shadow_style=&#8221;preset3&#8243; box_shadow_vertical=&#8221;6px&#8221; box_shadow_blur=&#8221;10px&#8221;][\/et_pb_divider][\/et_pb_column_inner][\/et_pb_row_inner][et_pb_row_inner column_structure=&#8221;1_2,1_2&#8243; make_equal=&#8221;on&#8221; custom_padding_last_edited=&#8221;on|phone&#8221; _builder_version=&#8221;4.7.1&#8243; _module_preset=&#8221;default&#8221; custom_padding=&#8221;0px||0px||false|false&#8221; custom_padding_tablet=&#8221;&#8221; custom_padding_phone=&#8221;||0px||false|false&#8221;][et_pb_column_inner type=&#8221;1_2&#8243; saved_specialty_column_type=&#8221;3_4&#8243; _builder_version=&#8221;4.6.6&#8243; _module_preset=&#8221;default&#8221;][et_pb_text _builder_version=&#8221;4.7.1&#8243; _module_preset=&#8221;default&#8221; header_2_font=&#8221;|600|||||||&#8221; header_2_text_color=&#8221;#3a3632&#8243; header_2_line_height=&#8221;1.3em&#8221; custom_padding=&#8221;||0px||false|false&#8221;]<\/p>\n<h2>Easy Project u sebi sadr\u017ei<span style=\"color: #BF3D44;\">:<\/span><\/h2>\n<p>[\/et_pb_text][\/et_pb_column_inner][et_pb_column_inner type=&#8221;1_2&#8243; saved_specialty_column_type=&#8221;3_4&#8243; _builder_version=&#8221;4.6.6&#8243; _module_preset=&#8221;default&#8221;][et_pb_image src=&#8221;https:\/\/primakon.com\/wp-content\/uploads\/2020\/11\/Easy-Project-Logo.png&#8221; alt=&#8221;Easy Project Logo&#8221; title_text=&#8221;Easy Project Logo&#8221; align=&#8221;center&#8221; disabled_on=&#8221;on|on|off&#8221; _builder_version=&#8221;4.7.1&#8243; _module_preset=&#8221;default&#8221;][\/et_pb_image][\/et_pb_column_inner][\/et_pb_row_inner][et_pb_row_inner column_structure=&#8221;1_2,1_2&#8243; make_equal=&#8221;on&#8221; _builder_version=&#8221;4.7.1&#8243; _module_preset=&#8221;default&#8221; custom_padding=&#8221;10px||0px||false|false&#8221;][et_pb_column_inner type=&#8221;1_2&#8243; saved_specialty_column_type=&#8221;3_4&#8243; _builder_version=&#8221;4.6.6&#8243; _module_preset=&#8221;default&#8221;][et_pb_text _builder_version=&#8221;4.7.7&#8243; _module_preset=&#8221;default&#8221; header_2_text_color=&#8221;#bf3d44&#8243; locked=&#8221;off&#8221;]<\/p>\n<ul>\n<li>Vizualne prikaze stanja projekta, prihoda i rashoda projektnih financija<\/li>\n<li>Proizvoljne forme izvje\u0161\u0107a rada kolektiva, utro\u0161enog vremena, cashflowa, zauze\u0107a resursa<\/li>\n<li>Strukturirane poslovne podatke o tvrtkama, javnim tijelima i kontaktima<\/li>\n<li>Mind Map i Gantt chart pogled strukture i stanja projekata<\/li>\n<li>Direktnu komunikaciju tima u chat prozoru<\/li>\n<li>Integrirane Zoom sastanke i pozive<\/li>\n<li>Evidenciju rada od ku\u0107e, bolovanja i godi\u0161njeg odmora<\/li>\n<li>Timesheet kolektiva &#8211; planirano i utro\u0161eno vrijeme zaposlenika na projektima, zadacima i sastancima<\/li>\n<li>Kalendare &#8211; individualne i kolektivne, integrirane s Outlookom, Googleom i drugim sustavima<\/li>\n<li>Dokumente &#8211; sva projektna dokumentacija na jednom mjestu<\/li>\n<\/ul>\n<p>&nbsp;<\/p>\n<p>[\/et_pb_text][\/et_pb_column_inner][et_pb_column_inner type=&#8221;1_2&#8243; saved_specialty_column_type=&#8221;3_4&#8243; _builder_version=&#8221;4.6.6&#8243; _module_preset=&#8221;default&#8221;][et_pb_image src=&#8221;https:\/\/primakon.com\/wp-content\/uploads\/2020\/11\/Easy-Project-softver-1.png&#8221; alt=&#8221;Easy Project softver 1&#8243; title_text=&#8221;Easy Project softver 1&#8243; _builder_version=&#8221;4.7.1&#8243; _module_preset=&#8221;default&#8221;][\/et_pb_image][\/et_pb_column_inner][\/et_pb_row_inner][et_pb_row_inner _builder_version=&#8221;4.7.1&#8243; _module_preset=&#8221;default&#8221;][et_pb_column_inner saved_specialty_column_type=&#8221;3_4&#8243; _builder_version=&#8221;4.6.6&#8243; _module_preset=&#8221;default&#8221;][et_pb_divider color=&#8221;rgba(82,83,82,0.13)&#8221; divider_position=&#8221;center&#8221; _builder_version=&#8221;4.7.1&#8243; _module_preset=&#8221;default&#8221; box_shadow_style=&#8221;preset3&#8243; box_shadow_vertical=&#8221;-6px&#8221; box_shadow_blur=&#8221;10px&#8221;][\/et_pb_divider][\/et_pb_column_inner][\/et_pb_row_inner][et_pb_row_inner _builder_version=&#8221;4.7.1&#8243; _module_preset=&#8221;default&#8221; custom_padding=&#8221;0px||0px||false|false&#8221;][et_pb_column_inner saved_specialty_column_type=&#8221;3_4&#8243; _builder_version=&#8221;4.6.6&#8243; _module_preset=&#8221;default&#8221;][et_pb_text _builder_version=&#8221;4.7.1&#8243; _module_preset=&#8221;default&#8221; header_2_font=&#8221;|600|||||||&#8221; header_2_text_color=&#8221;#3a3632&#8243; header_2_line_height=&#8221;1.3em&#8221; custom_padding=&#8221;||0px||false|false&#8221;]<\/p>\n<h2>Ostale Easy Project zna\u010dajke<span style=\"color: #BF3D44;\">:<\/span><\/h2>\n<p>[\/et_pb_text][\/et_pb_column_inner][\/et_pb_row_inner][et_pb_row_inner custom_padding_last_edited=&#8221;on|phone&#8221; _builder_version=&#8221;4.7.1&#8243; _module_preset=&#8221;default&#8221; custom_padding=&#8221;10px||0px||false|false&#8221; custom_padding_tablet=&#8221;&#8221; custom_padding_phone=&#8221;&#8221;][et_pb_column_inner saved_specialty_column_type=&#8221;3_4&#8243; _builder_version=&#8221;4.6.6&#8243; _module_preset=&#8221;default&#8221;][et_pb_text _builder_version=&#8221;4.7.7&#8243; _module_preset=&#8221;default&#8221; hover_enabled=&#8221;0&#8243; sticky_enabled=&#8221;0&#8243;]<\/p>\n<p>Easyproject je fleksibilan softver koji je iznimno intuitivan i lagan za kori\u0161tenje.<br \/> Korisnici se mogu vje\u0161to slu\u017eiti s njime bez predznanja u segmentu organizacije i projektnog menad\u017ementa.<br \/> Istovremeno slu\u017ei kao vrlo mo\u0107an alat za projektne menad\u017eere i scrum mastere koji zahtijevaju pregled kompleksne organizacije ljudi, resursa i detaljno pra\u0107enje projekata.<br \/> Ono \u0161to razlikuje Easy Project od ostataka <span style=\"text-decoration: underline;\"><a href=\"\/edukacije\/pm-alati\/\">PM alata<\/a><\/span> na svjetskom tr\u017ei\u0161tu je mogu\u0107nost kombiniranja waterfall, agile i scrum tehnika upravljanja projektima.<\/p>\n<p>[\/et_pb_text][\/et_pb_column_inner][\/et_pb_row_inner][et_pb_row_inner column_structure=&#8221;1_2,1_2&#8243; make_equal=&#8221;on&#8221; _builder_version=&#8221;4.7.1&#8243; _module_preset=&#8221;default&#8221;][et_pb_column_inner type=&#8221;1_2&#8243; saved_specialty_column_type=&#8221;3_4&#8243; _builder_version=&#8221;4.7.1&#8243; _module_preset=&#8221;default&#8221;][et_pb_image src=&#8221;https:\/\/primakon.com\/wp-content\/uploads\/2020\/11\/Easy-Project-softver-2.png&#8221; alt=&#8221;Easy Project softver 2&#8243; title_text=&#8221;Easy Project softver 2&#8243; show_in_lightbox=&#8221;on&#8221; _builder_version=&#8221;4.7.1&#8243; _module_preset=&#8221;default&#8221; box_shadow_style=&#8221;preset2&#8243;][\/et_pb_image][\/et_pb_column_inner][et_pb_column_inner type=&#8221;1_2&#8243; saved_specialty_column_type=&#8221;3_4&#8243; _builder_version=&#8221;4.7.1&#8243; _module_preset=&#8221;default&#8221;][et_pb_image src=&#8221;https:\/\/primakon.com\/wp-content\/uploads\/2020\/11\/Easy-Project-softver-3.png&#8221; alt=&#8221;Easy Project softver 3&#8243; title_text=&#8221;Easy Project softver 3&#8243; show_in_lightbox=&#8221;on&#8221; _builder_version=&#8221;4.7.1&#8243; _module_preset=&#8221;default&#8221; box_shadow_style=&#8221;preset2&#8243;][\/et_pb_image][\/et_pb_column_inner][\/et_pb_row_inner][et_pb_row_inner _builder_version=&#8221;4.7.1&#8243; _module_preset=&#8221;default&#8221; locked=&#8221;off&#8221;][et_pb_column_inner saved_specialty_column_type=&#8221;3_4&#8243; _builder_version=&#8221;4.6.6&#8243; _module_preset=&#8221;default&#8221;][et_pb_divider color=&#8221;rgba(82,83,82,0.13)&#8221; divider_position=&#8221;center&#8221; _builder_version=&#8221;4.7.1&#8243; _module_preset=&#8221;default&#8221; box_shadow_style=&#8221;preset3&#8243; box_shadow_vertical=&#8221;6px&#8221; box_shadow_blur=&#8221;10px&#8221;][\/et_pb_divider][\/et_pb_column_inner][\/et_pb_row_inner][et_pb_row_inner _builder_version=&#8221;4.7.1&#8243; _module_preset=&#8221;default&#8221; custom_padding=&#8221;0px||0px|||&#8221; locked=&#8221;off&#8221;][et_pb_column_inner saved_specialty_column_type=&#8221;3_4&#8243; _builder_version=&#8221;4.7.1&#8243; _module_preset=&#8221;default&#8221;][et_pb_text _builder_version=&#8221;4.7.1&#8243; _module_preset=&#8221;default&#8221; header_2_font=&#8221;|600|||||||&#8221; header_2_text_color=&#8221;#3a3632&#8243; header_2_line_height=&#8221;1.3em&#8221;]<\/p>\n<h2>\u017delite unaprijediti upravljanje va\u0161im projektima<span style=\"color: #BF3D44;\">?<\/span><\/h2>\n<p>[\/et_pb_text][et_pb_button button_url=&#8221;\/kontakt\/&#8221; button_text=&#8221;Kontaktirajte nas&#8221; button_alignment=&#8221;left&#8221; _builder_version=&#8221;4.7.6&#8243; _module_preset=&#8221;default&#8221; custom_button=&#8221;on&#8221; button_text_color=&#8221;#f7f7f7&#8243; button_bg_color=&#8221;#6f905d&#8221; button_border_radius=&#8221;0px&#8221; box_shadow_style=&#8221;preset2&#8243; locked=&#8221;off&#8221;][\/et_pb_button][\/et_pb_column_inner][\/et_pb_row_inner][\/et_pb_column][\/et_pb_section]<\/p>\n","protected":false},"excerpt":{"rendered":"<p>Easy ProjectUnaprijedite svoje poslovne procese.Easy Project je softver za unaprije\u0111enje poslovnih procesa, projektni i portfeljni\u00a0menad\u017ement, sa sna\u017enom komponentom upravljanja organizacijom. Mo\u017ee se koristiti u javnim organizacijama i privatnim tvrtkama. Easy [&hellip;]<\/p>\n","protected":false},"author":1,"featured_media":0,"parent":15,"menu_order":0,"comment_status":"closed","ping_status":"closed","template":"","meta":{"_et_pb_use_builder":"on","_et_pb_old_content":"<!-- wp:divi\/placeholder \/-->","_et_gb_content_width":"","_price":"","_stock":"","_tribe_ticket_header":"","_tribe_default_ticket_provider":"","_tribe_ticket_capacity":"0","_ticket_start_date":"","_ticket_end_date":"","_tribe_ticket_show_description":"","_tribe_ticket_show_not_going":false,"_tribe_ticket_use_global_stock":"","_tribe_ticket_global_stock_level":"","_global_stock_mode":"","_global_stock_cap":"","_tribe_rsvp_for_event":"","_tribe_ticket_going_count":"","_tribe_ticket_not_going_count":"","_tribe_tickets_list":"[]","_tribe_ticket_has_attendee_info_fields":false,"footnotes":"","_tec_slr_enabled":"","_tec_slr_layout":""},"class_list":["post-729","page","type-page","status-publish","hentry"],"yoast_head":"<!-- This site is optimized with the Yoast SEO plugin v27.3 - https:\/\/yoast.com\/product\/yoast-seo-wordpress\/ -->\n<title>Easy Project - Olak\u0161ano Upravljanje Poslovnim Procesima - Primakon<\/title>\n<meta name=\"description\" content=\"Easy Project je softver za unaprije\u0111enje poslovnih procesa, projektni i portfeljni menad\u017ement, sa komponentom upravljanja organizacijom.\" \/>\n<meta name=\"robots\" content=\"index, follow, max-snippet:-1, max-image-preview:large, max-video-preview:-1\" \/>\n<link rel=\"canonical\" href=\"https:\/\/www.primakon.com\/en\/rjesenja\/easy-project\/\" \/>\n<meta property=\"og:locale\" content=\"en_US\" \/>\n<meta property=\"og:type\" content=\"article\" \/>\n<meta property=\"og:title\" content=\"Easy Project - Olak\u0161ano Upravljanje Poslovnim Procesima - Primakon\" \/>\n<meta property=\"og:description\" content=\"Easy Project je softver za unaprije\u0111enje poslovnih procesa, projektni i portfeljni menad\u017ement, sa komponentom upravljanja organizacijom.\" \/>\n<meta property=\"og:url\" content=\"https:\/\/www.primakon.com\/en\/rjesenja\/easy-project\/\" \/>\n<meta property=\"og:site_name\" content=\"Primakon\" \/>\n<meta property=\"article:publisher\" content=\"https:\/\/www.facebook.com\/Primakon-doo-137821199603583\" \/>\n<meta property=\"article:modified_time\" content=\"2021-01-04T13:47:32+00:00\" \/>\n<meta name=\"twitter:card\" content=\"summary_large_image\" \/>\n<meta name=\"twitter:label1\" content=\"Est. reading time\" \/>\n\t<meta name=\"twitter:data1\" content=\"7 minutes\" \/>\n<script type=\"application\/ld+json\" class=\"yoast-schema-graph\">{\"@context\":\"https:\\\/\\\/schema.org\",\"@graph\":[{\"@type\":\"WebPage\",\"@id\":\"https:\\\/\\\/www.primakon.com\\\/rjesenja\\\/easy-project\\\/\",\"url\":\"https:\\\/\\\/www.primakon.com\\\/rjesenja\\\/easy-project\\\/\",\"name\":\"Easy Project - Olak\u0161ano Upravljanje Poslovnim Procesima - Primakon\",\"isPartOf\":{\"@id\":\"https:\\\/\\\/www.primakon.com\\\/#website\"},\"datePublished\":\"2020-11-15T13:48:05+00:00\",\"dateModified\":\"2021-01-04T13:47:32+00:00\",\"description\":\"Easy Project je softver za unaprije\u0111enje poslovnih procesa, projektni i portfeljni menad\u017ement, sa komponentom upravljanja organizacijom.\",\"breadcrumb\":{\"@id\":\"https:\\\/\\\/www.primakon.com\\\/rjesenja\\\/easy-project\\\/#breadcrumb\"},\"inLanguage\":\"en-US\",\"potentialAction\":[{\"@type\":\"ReadAction\",\"target\":[\"https:\\\/\\\/www.primakon.com\\\/rjesenja\\\/easy-project\\\/\"]}]},{\"@type\":\"BreadcrumbList\",\"@id\":\"https:\\\/\\\/www.primakon.com\\\/rjesenja\\\/easy-project\\\/#breadcrumb\",\"itemListElement\":[{\"@type\":\"ListItem\",\"position\":1,\"name\":\"Po\u010detna stranica\",\"item\":\"https:\\\/\\\/www.primakon.com\\\/\"},{\"@type\":\"ListItem\",\"position\":2,\"name\":\"Rje\u0161enja\",\"item\":\"https:\\\/\\\/www.primakon.com\\\/rjesenja\\\/\"},{\"@type\":\"ListItem\",\"position\":3,\"name\":\"Easy Project\"}]},{\"@type\":\"WebSite\",\"@id\":\"https:\\\/\\\/www.primakon.com\\\/#website\",\"url\":\"https:\\\/\\\/www.primakon.com\\\/\",\"name\":\"Primakon\",\"description\":\"Lideru u Upravljanju Projektima\",\"publisher\":{\"@id\":\"https:\\\/\\\/www.primakon.com\\\/#organization\"},\"potentialAction\":[{\"@type\":\"SearchAction\",\"target\":{\"@type\":\"EntryPoint\",\"urlTemplate\":\"https:\\\/\\\/www.primakon.com\\\/?s={search_term_string}\"},\"query-input\":{\"@type\":\"PropertyValueSpecification\",\"valueRequired\":true,\"valueName\":\"search_term_string\"}}],\"inLanguage\":\"en-US\"},{\"@type\":\"Organization\",\"@id\":\"https:\\\/\\\/www.primakon.com\\\/#organization\",\"name\":\"Primakon d.o.o.\",\"url\":\"https:\\\/\\\/www.primakon.com\\\/\",\"logo\":{\"@type\":\"ImageObject\",\"inLanguage\":\"en-US\",\"@id\":\"https:\\\/\\\/www.primakon.com\\\/#\\\/schema\\\/logo\\\/image\\\/\",\"url\":\"https:\\\/\\\/primakon.com\\\/wp-content\\\/uploads\\\/2020\\\/11\\\/novi-stari.png\",\"contentUrl\":\"https:\\\/\\\/primakon.com\\\/wp-content\\\/uploads\\\/2020\\\/11\\\/novi-stari.png\",\"width\":1001,\"height\":401,\"caption\":\"Primakon d.o.o.\"},\"image\":{\"@id\":\"https:\\\/\\\/www.primakon.com\\\/#\\\/schema\\\/logo\\\/image\\\/\"},\"sameAs\":[\"https:\\\/\\\/www.facebook.com\\\/Primakon-doo-137821199603583\",\"https:\\\/\\\/www.linkedin.com\\\/company\\\/primakon\\\/\"]}]}<\/script>\n<!-- \/ Yoast SEO plugin. -->","yoast_head_json":{"title":"Easy Project - Facilitated Business Process Management - Primakon","description":"Easy Project is business process improvement software, project and portfolio management, with an organization management component.","robots":{"index":"index","follow":"follow","max-snippet":"max-snippet:-1","max-image-preview":"max-image-preview:large","max-video-preview":"max-video-preview:-1"},"canonical":"https:\/\/www.primakon.com\/en\/rjesenja\/easy-project\/","og_locale":"en_US","og_type":"article","og_title":"Easy Project - Olak\u0161ano Upravljanje Poslovnim Procesima - Primakon","og_description":"Easy Project je softver za unaprije\u0111enje poslovnih procesa, projektni i portfeljni menad\u017ement, sa komponentom upravljanja organizacijom.","og_url":"https:\/\/www.primakon.com\/en\/rjesenja\/easy-project\/","og_site_name":"Primakon","article_publisher":"https:\/\/www.facebook.com\/Primakon-doo-137821199603583","article_modified_time":"2021-01-04T13:47:32+00:00","twitter_card":"summary_large_image","twitter_misc":{"Est. reading time":"7 minutes"},"schema":{"@context":"https:\/\/schema.org","@graph":[{"@type":"WebPage","@id":"https:\/\/www.primakon.com\/rjesenja\/easy-project\/","url":"https:\/\/www.primakon.com\/rjesenja\/easy-project\/","name":"Easy Project - Facilitated Business Process Management - Primakon","isPartOf":{"@id":"https:\/\/www.primakon.com\/#website"},"datePublished":"2020-11-15T13:48:05+00:00","dateModified":"2021-01-04T13:47:32+00:00","description":"Easy Project is business process improvement software, project and portfolio management, with an organization management component.","breadcrumb":{"@id":"https:\/\/www.primakon.com\/rjesenja\/easy-project\/#breadcrumb"},"inLanguage":"en-US","potentialAction":[{"@type":"ReadAction","target":["https:\/\/www.primakon.com\/rjesenja\/easy-project\/"]}]},{"@type":"BreadcrumbList","@id":"https:\/\/www.primakon.com\/rjesenja\/easy-project\/#breadcrumb","itemListElement":[{"@type":"ListItem","position":1,"name":"Po\u010detna stranica","item":"https:\/\/www.primakon.com\/"},{"@type":"ListItem","position":2,"name":"Rje\u0161enja","item":"https:\/\/www.primakon.com\/rjesenja\/"},{"@type":"ListItem","position":3,"name":"Easy Project"}]},{"@type":"WebSite","@id":"https:\/\/www.primakon.com\/#website","url":"https:\/\/www.primakon.com\/","name":"Primakon","description":"Lideru u Upravljanju Projektima","publisher":{"@id":"https:\/\/www.primakon.com\/#organization"},"potentialAction":[{"@type":"SearchAction","target":{"@type":"EntryPoint","urlTemplate":"https:\/\/www.primakon.com\/?s={search_term_string}"},"query-input":{"@type":"PropertyValueSpecification","valueRequired":true,"valueName":"search_term_string"}}],"inLanguage":"en-US"},{"@type":"Organization","@id":"https:\/\/www.primakon.com\/#organization","name":"Primakon d.o.o.","url":"https:\/\/www.primakon.com\/","logo":{"@type":"ImageObject","inLanguage":"en-US","@id":"https:\/\/www.primakon.com\/#\/schema\/logo\/image\/","url":"https:\/\/primakon.com\/wp-content\/uploads\/2020\/11\/novi-stari.png","contentUrl":"https:\/\/primakon.com\/wp-content\/uploads\/2020\/11\/novi-stari.png","width":1001,"height":401,"caption":"Primakon d.o.o."},"image":{"@id":"https:\/\/www.primakon.com\/#\/schema\/logo\/image\/"},"sameAs":["https:\/\/www.facebook.com\/Primakon-doo-137821199603583","https:\/\/www.linkedin.com\/company\/primakon\/"]}]}},"ticketed":false,"_links":{"self":[{"href":"https:\/\/www.primakon.com\/en\/wp-json\/wp\/v2\/pages\/729","targetHints":{"allow":["GET"]}}],"collection":[{"href":"https:\/\/www.primakon.com\/en\/wp-json\/wp\/v2\/pages"}],"about":[{"href":"https:\/\/www.primakon.com\/en\/wp-json\/wp\/v2\/types\/page"}],"author":[{"embeddable":true,"href":"https:\/\/www.primakon.com\/en\/wp-json\/wp\/v2\/users\/1"}],"replies":[{"embeddable":true,"href":"https:\/\/www.primakon.com\/en\/wp-json\/wp\/v2\/comments?post=729"}],"version-history":[{"count":0,"href":"https:\/\/www.primakon.com\/en\/wp-json\/wp\/v2\/pages\/729\/revisions"}],"up":[{"embeddable":true,"href":"https:\/\/www.primakon.com\/en\/wp-json\/wp\/v2\/pages\/15"}],"wp:attachment":[{"href":"https:\/\/www.primakon.com\/en\/wp-json\/wp\/v2\/media?parent=729"}],"curies":[{"name":"wp","href":"https:\/\/api.w.org\/{rel}","templated":true}]}}