{"id":751,"date":"2020-11-15T13:57:33","date_gmt":"2020-11-15T13:57:33","guid":{"rendered":"http:\/\/primakon.adonomy.co\/?page_id=751"},"modified":"2024-12-13T10:42:40","modified_gmt":"2024-12-13T10:42:40","slug":"primakon-pcm","status":"publish","type":"page","link":"https:\/\/www.primakon.com\/en\/solutions\/primakon-pcm\/","title":{"rendered":"Primakon PCM"},"content":{"rendered":"<p>[et_pb_section fb_built=&#8221;1&#8243; _builder_version=&#8221;4.16&#8243; _module_preset=&#8221;default&#8221; background_image=&#8221;https:\/\/primakon.com\/wp-content\/uploads\/2020\/12\/Poslovni-ljudi-rade-na-racunalu-i-zapisuju-podatke.jpg&#8221; parallax=&#8221;on&#8221; parallax_method=&#8221;off&#8221; box_shadow_style=&#8221;preset2&#8243; global_colors_info=&#8221;{}&#8221;][et_pb_row _builder_version=&#8221;4.16&#8243; _module_preset=&#8221;default&#8221; global_colors_info=&#8221;{}&#8221;][et_pb_column type=&#8221;4_4&#8243; _builder_version=&#8221;4.16&#8243; _module_preset=&#8221;default&#8221; global_colors_info=&#8221;{}&#8221;][et_pb_text _builder_version=&#8221;4.27.4&#8243; _module_preset=&#8221;default&#8221; header_font=&#8221;|600|||||||&#8221; header_text_align=&#8221;center&#8221; header_text_color=&#8221;#bf3d44&#8243; header_font_size=&#8221;40px&#8221; header_2_font=&#8221;|600|||||||&#8221; header_2_text_align=&#8221;center&#8221; header_2_text_color=&#8221;#525352&#8243; header_2_font_size=&#8221;40px&#8221; header_text_shadow_style=&#8221;preset2&#8243; header_text_shadow_color=&#8221;rgba(0,0,0,0.85)&#8221; header_2_text_shadow_style=&#8221;preset2&#8243; locked=&#8221;off&#8221; global_colors_info=&#8221;{}&#8221;]<\/p>\n<h1>PCM<\/h1>\n<p>[\/et_pb_text][\/et_pb_column][\/et_pb_row][\/et_pb_section][et_pb_section fb_built=&#8221;1&#8243; use_custom_gutter=&#8221;on&#8221; gutter_width=&#8221;2&#8243; specialty=&#8221;on&#8221; _builder_version=&#8221;4.27.4&#8243; _module_preset=&#8221;default&#8221; background_color=&#8221;#f7f7f7&#8243; custom_padding=&#8221;0px|||||&#8221; box_shadow_style=&#8221;preset6&#8243; global_colors_info=&#8221;{}&#8221;][et_pb_column type=&#8221;1_4&#8243; _builder_version=&#8221;4.16&#8243; custom_padding=&#8221;|||&#8221; global_colors_info=&#8221;{}&#8221; custom_padding__hover=&#8221;|||&#8221;][et_pb_sidebar area=&#8221;et_pb_widget_area_1&#8243; _builder_version=&#8221;4.16&#8243; _module_preset=&#8221;default&#8221; global_colors_info=&#8221;{}&#8221;][\/et_pb_sidebar][\/et_pb_column][et_pb_column type=&#8221;3_4&#8243; specialty_columns=&#8221;3&#8243; _builder_version=&#8221;4.16&#8243; custom_padding=&#8221;|||&#8221; global_colors_info=&#8221;{}&#8221; custom_padding__hover=&#8221;|||&#8221;][et_pb_row_inner custom_padding_last_edited=&#8221;on|phone&#8221; _builder_version=&#8221;4.27.4&#8243; _module_preset=&#8221;default&#8221; custom_padding=&#8221;50px||0px||false|false&#8221; custom_padding_tablet=&#8221;&#8221; custom_padding_phone=&#8221;0px||||false|false&#8221; locked=&#8221;off&#8221; global_colors_info=&#8221;{}&#8221;][et_pb_column_inner saved_specialty_column_type=&#8221;3_4&#8243; _builder_version=&#8221;4.16&#8243; _module_preset=&#8221;default&#8221; global_colors_info=&#8221;{}&#8221;][et_pb_text _builder_version=&#8221;4.27.4&#8243; _module_preset=&#8221;default&#8221; header_font=&#8221;|600|||||||&#8221; header_2_font=&#8221;|600|||||||&#8221; header_2_text_color=&#8221;#3a3632&#8243; header_2_line_height=&#8221;1.3em&#8221; custom_margin=&#8221;||20px||false|false&#8221; custom_padding=&#8221;||||false|false&#8221; global_colors_info=&#8221;{}&#8221;]<\/p>\n<h2>Project Contract Management<\/h2>\n<p>[\/et_pb_text][et_pb_text _builder_version=&#8221;4.27.4&#8243; _module_preset=&#8221;default&#8221; header_2_text_color=&#8221;#bf3d44&#8243; hover_enabled=&#8221;0&#8243; locked=&#8221;off&#8221; global_colors_info=&#8221;{}&#8221; sticky_enabled=&#8221;0&#8243;]<\/p>\n<p>PCM \u2013 Project Contract Management (biv\u0161i Primakon PI), rezultat je dugogodi\u0161njeg iskustva rada na projektima i ugovorima u uvjetima gdje postoje slo\u017eeni odnosi izme\u0111u projektnih u\u010desnika.<\/p>\n<p>PCM je samostalno rje\u0161enje, no svoj puni potencijal pokazuje integracijom \u00a0s Oravcel Primavera P6 EPPM rje\u0161enjem.<\/p>\n<p><span style=\"font-size: 18px;\">PCM pru\u017ea<\/span><strong style=\"font-size: 18px;\"> fleksibilnost u izradi projektnih procesa<\/strong><span style=\"font-size: 18px;\"> s naglaskom na pra\u0107enje ugovornih odnosa, cijelokupne dokumentacije projekta, u svim fazama projekta. Sustav je modularan te sadr\u017ei predefinir<\/span><span style=\"font-size: 18px; background-color: #f7f7f7;\">ne module:<\/span><\/p>\n<p><span style=\"font-size: 18px;\"><\/span><\/p>\n<ul>\n<li><span style=\"font-size: 18px;\">Modul za ugovore, uklju\u010duju\u0107i i dodatke ugovora<\/span><\/li>\n<li><span style=\"font-size: 18px;\">Modul za pra\u0107anje privremenih mjese\u010dnih situacija<\/span><\/li>\n<li><span style=\"font-size: 18px;\">Modul za ugovorne partnere<\/span><\/li>\n<li><span style=\"font-size: 18px;\">Modul za dokumentaciju projekta\/ugovora\u00a0<\/span><\/li>\n<li><span style=\"font-size: 18px;\"><\/span>Modul za rizike<\/li>\n<li>Modul za predmete\/probleme<\/li>\n<li>Modul za izradu tro\u0161kovnika<\/li>\n<li>Info modul za brzi uvid u stanje ugovora\/projekta<\/li>\n<li>Administracijski modul (uklju\u010duje i mogu\u0107nost kreiranja specifi\u010dnih modula)<\/li>\n<\/ul>\n<p>Unutar ovih modula uklju\u010dene su slijede\u0107e klju\u010dne funkcionalnosti koje \u010dine ovo rje\u0161enje jedinstvenim na tr\u017ei\u0161tu:<\/p>\n<ul>\n<li><span style=\"font-size: 18px;\">Mogu\u0107nost kreiranja tro\u0161kovnika slobodne strukture<\/span><\/li>\n<li>Mogu\u0107nost povezivanja tro\u0161kovnika s bazom radova, uz prilagodbu cijelog procesa potrebama organizacije<\/li>\n<li>Uvoz i izvoz podataka u Excel (XLS) formatu<\/li>\n<li>Integracija tro\u0161kovnika s projektnim planom u Oracle Primavera P6<\/li>\n<li>Mogu\u0107nost integracije sa sustavom za digitalni potpis &#8211; automatizacija ugovornih procesa (npr. proces privremenih mjese\u010dnih situacija; izvo\u0111a\u010d -&gt; nadozor -&gt; naru\u010ditelj)<\/li>\n<li>BiC logika &#8211; za klju\u010dne procese jasno pra\u0107enje tko je slijede\u0107i u odgovornosti da poduzme slijede\u0107u akciju (npr. 3 dana za ovjeru privremene situacije)<\/li>\n<\/ul>\n<p>S obzirom da su potrebe korisnika razli\u010dite, sutav je prilagodljiv i mogu\u0107e je vrlo jednostavno kreirati zasebne module, tako da danas imamo korisnike koji imaju specifi\u010dne module razvijene prema njihovim zahtjevima. Razvoj ovih modula je usko povezan s na\u0161im dugogodi\u0161njim iskustvom u implementaciji metodologija i IT rje\u0161enja u podru\u010dju upravljanja projektima, te olak\u0161avaju rad i kontrolu projektnih procesa. Primjeri ovako razvijenih modula:<\/p>\n<ul>\n<li>Modul za pra\u0107enje elemenata EU projekta<\/li>\n<li>Modul za ZNS (zahjevi za nadoknadu sredstava)<\/li>\n<li>Modul za evaluaciju ponuda (kontrola tro\u0161kovnika zapriljenih putem EOJN)<\/li>\n<li>Modula za pra\u0107enje pla\u0107anja sekundarnih ugovora<\/li>\n<li>Modul za pra\u0107enje indikatora<\/li>\n<li>Modul za plan realizacije (cash-flow)<\/li>\n<li>Modul za klju\u010dne daume (milestone)<\/li>\n<\/ul>\n<p>Pored integracije s Oracle Primavera P6, sutav se mo\u017ee integrirati sa svim ostalim IT sustavima organizacije, tako da na\u0161i klijenti imaju sustav integriran sa ERP-om (npr. SAP), urud\u017ebenim sustavom, sustavom za digitalni potpisa, sustavom za dokumentaciju, GIS sustavom&#8230; S obzirom da projektni i ugovorni podaci postoje u mnogim procesima organizacije Primakon PCM mo\u017ee biti odli\u010dna platforma za izvori\u0161te tih podataka, te se integracijom s ostalim podacima, sustav mo\u017ee integrirati u BI sustave korisnika.<\/p>\n<p>[\/et_pb_text][et_pb_image src=&#8221;https:\/\/primakon.com\/wp-content\/uploads\/2020\/12\/Primakon-PI-sucelje.png&#8221; alt=&#8221;Primakon PI su\u010delje&#8221; show_in_lightbox=&#8221;on&#8221; _builder_version=&#8221;4.16&#8243; _module_preset=&#8221;default&#8221; box_shadow_style=&#8221;preset2&#8243; global_colors_info=&#8221;{}&#8221;][\/et_pb_image][et_pb_text _builder_version=&#8221;4.16&#8243; _module_preset=&#8221;default&#8221; text_orientation=&#8221;center&#8221; global_colors_info=&#8221;{}&#8221;]<\/p>\n<p><em>Softversko su\u010delje<\/em><\/p>\n<p>[\/et_pb_text][\/et_pb_column_inner][\/et_pb_row_inner][et_pb_row_inner _builder_version=&#8221;4.16&#8243; _module_preset=&#8221;default&#8221; locked=&#8221;off&#8221; global_colors_info=&#8221;{}&#8221;][et_pb_column_inner saved_specialty_column_type=&#8221;3_4&#8243; _builder_version=&#8221;4.16&#8243; _module_preset=&#8221;default&#8221; global_colors_info=&#8221;{}&#8221;][et_pb_divider color=&#8221;rgba(82,83,82,0.13)&#8221; divider_position=&#8221;center&#8221; _builder_version=&#8221;4.16&#8243; _module_preset=&#8221;default&#8221; box_shadow_style=&#8221;preset3&#8243; box_shadow_vertical=&#8221;6px&#8221; box_shadow_blur=&#8221;10px&#8221; global_colors_info=&#8221;{}&#8221;][\/et_pb_divider][\/et_pb_column_inner][\/et_pb_row_inner][et_pb_row_inner _builder_version=&#8221;4.16&#8243; _module_preset=&#8221;default&#8221; locked=&#8221;off&#8221; global_colors_info=&#8221;{}&#8221;][et_pb_column_inner saved_specialty_column_type=&#8221;3_4&#8243; _builder_version=&#8221;4.16&#8243; _module_preset=&#8221;default&#8221; global_colors_info=&#8221;{}&#8221;][et_pb_divider color=&#8221;rgba(82,83,82,0.13)&#8221; divider_position=&#8221;center&#8221; _builder_version=&#8221;4.16&#8243; _module_preset=&#8221;default&#8221; box_shadow_style=&#8221;preset3&#8243; box_shadow_vertical=&#8221;6px&#8221; box_shadow_blur=&#8221;10px&#8221; global_colors_info=&#8221;{}&#8221;][\/et_pb_divider][\/et_pb_column_inner][\/et_pb_row_inner][et_pb_row_inner _builder_version=&#8221;4.16&#8243; _module_preset=&#8221;default&#8221; custom_padding=&#8221;0px||0px|||&#8221; locked=&#8221;off&#8221; global_colors_info=&#8221;{}&#8221;][et_pb_column_inner saved_specialty_column_type=&#8221;3_4&#8243; _builder_version=&#8221;4.16&#8243; _module_preset=&#8221;default&#8221; global_colors_info=&#8221;{}&#8221;][et_pb_text _builder_version=&#8221;4.16&#8243; _module_preset=&#8221;default&#8221; header_2_font=&#8221;|600|||||||&#8221; header_2_text_color=&#8221;#3a3632&#8243; header_2_line_height=&#8221;1.3em&#8221; global_colors_info=&#8221;{}&#8221;]<\/p>\n<h2>\u017delite unaprijediti upravljanje va\u0161im projektima<span style=\"color: #BF3D44;\">?<\/span><\/h2>\n<p>[\/et_pb_text][et_pb_button button_url=&#8221;\/kontakt\/&#8221; button_text=&#8221;Kontaktirajte nas&#8221; button_alignment=&#8221;left&#8221; _builder_version=&#8221;4.16&#8243; _module_preset=&#8221;default&#8221; custom_button=&#8221;on&#8221; button_text_color=&#8221;#f7f7f7&#8243; button_bg_color=&#8221;#6f905d&#8221; button_border_radius=&#8221;0px&#8221; box_shadow_style=&#8221;preset2&#8243; locked=&#8221;off&#8221; global_colors_info=&#8221;{}&#8221;][\/et_pb_button][\/et_pb_column_inner][\/et_pb_row_inner][\/et_pb_column][\/et_pb_section]<\/p>\n","protected":false},"excerpt":{"rendered":"<p>PCMProject Contract ManagementPCM \u2013 Project Contract Management (biv\u0161i Primakon PI), rezultat je dugogodi\u0161njeg iskustva rada na projektima i ugovorima u uvjetima gdje postoje slo\u017eeni odnosi izme\u0111u projektnih u\u010desnika. PCM je [&hellip;]<\/p>\n","protected":false},"author":1,"featured_media":0,"parent":15,"menu_order":0,"comment_status":"closed","ping_status":"closed","template":"","meta":{"_et_pb_use_builder":"on","_et_pb_old_content":"<!-- wp:divi\/placeholder \/-->","_et_gb_content_width":"","_price":"","_stock":"","_tribe_ticket_header":"","_tribe_default_ticket_provider":"","_tribe_ticket_capacity":"0","_ticket_start_date":"","_ticket_end_date":"","_tribe_ticket_show_description":"","_tribe_ticket_show_not_going":false,"_tribe_ticket_use_global_stock":"","_tribe_ticket_global_stock_level":"","_global_stock_mode":"","_global_stock_cap":"","_tribe_rsvp_for_event":"","_tribe_ticket_going_count":"","_tribe_ticket_not_going_count":"","_tribe_tickets_list":"[]","_tribe_ticket_has_attendee_info_fields":false,"footnotes":"","_tec_slr_enabled":"","_tec_slr_layout":""},"class_list":["post-751","page","type-page","status-publish","hentry"],"yoast_head":"<!-- This site is optimized with the Yoast SEO plugin v27.5 - https:\/\/yoast.com\/product\/yoast-seo-wordpress\/ -->\n<title>Primakon PI (\u03a0) - Nadogra\u0111eno Primaverino Su\u010delje - Primakon<\/title>\n<meta name=\"description\" content=\"Primakon PI (\u03a0) \u2013 Primavera Interface nadogra\u0111eno je Primaverino integracijsko su\u010delje izme\u0111u Primavera P6 i Contract Management sustava.\" \/>\n<meta name=\"robots\" content=\"index, follow, max-snippet:-1, max-image-preview:large, max-video-preview:-1\" \/>\n<link rel=\"canonical\" href=\"https:\/\/www.primakon.com\/en\/rjesenja\/primakon-pcm\/\" \/>\n<meta property=\"og:locale\" content=\"en_US\" \/>\n<meta property=\"og:type\" content=\"article\" \/>\n<meta property=\"og:title\" content=\"Primakon PI (\u03a0) - Nadogra\u0111eno Primaverino Su\u010delje - Primakon\" \/>\n<meta property=\"og:description\" content=\"Primakon PI (\u03a0) \u2013 Primavera Interface nadogra\u0111eno je Primaverino integracijsko su\u010delje izme\u0111u Primavera P6 i Contract Management sustava.\" \/>\n<meta property=\"og:url\" content=\"https:\/\/www.primakon.com\/en\/rjesenja\/primakon-pcm\/\" \/>\n<meta property=\"og:site_name\" content=\"Primakon\" \/>\n<meta property=\"article:publisher\" content=\"https:\/\/www.facebook.com\/Primakon-doo-137821199603583\" \/>\n<meta property=\"article:modified_time\" content=\"2024-12-13T10:42:40+00:00\" \/>\n<meta name=\"twitter:card\" content=\"summary_large_image\" \/>\n<meta name=\"twitter:label1\" content=\"Est. reading time\" \/>\n\t<meta name=\"twitter:data1\" content=\"5 minutes\" \/>\n<script type=\"application\/ld+json\" class=\"yoast-schema-graph\">{\"@context\":\"https:\\\/\\\/schema.org\",\"@graph\":[{\"@type\":\"WebPage\",\"@id\":\"https:\\\/\\\/www.primakon.com\\\/rjesenja\\\/primakon-pcm\\\/\",\"url\":\"https:\\\/\\\/www.primakon.com\\\/rjesenja\\\/primakon-pcm\\\/\",\"name\":\"Primakon PI (\u03a0) - Nadogra\u0111eno Primaverino Su\u010delje - Primakon\",\"isPartOf\":{\"@id\":\"https:\\\/\\\/www.primakon.com\\\/#website\"},\"datePublished\":\"2020-11-15T13:57:33+00:00\",\"dateModified\":\"2024-12-13T10:42:40+00:00\",\"description\":\"Primakon PI (\u03a0) \u2013 Primavera Interface nadogra\u0111eno je Primaverino integracijsko su\u010delje izme\u0111u Primavera P6 i Contract Management sustava.\",\"breadcrumb\":{\"@id\":\"https:\\\/\\\/www.primakon.com\\\/rjesenja\\\/primakon-pcm\\\/#breadcrumb\"},\"inLanguage\":\"en-US\",\"potentialAction\":[{\"@type\":\"ReadAction\",\"target\":[\"https:\\\/\\\/www.primakon.com\\\/rjesenja\\\/primakon-pcm\\\/\"]}]},{\"@type\":\"BreadcrumbList\",\"@id\":\"https:\\\/\\\/www.primakon.com\\\/rjesenja\\\/primakon-pcm\\\/#breadcrumb\",\"itemListElement\":[{\"@type\":\"ListItem\",\"position\":1,\"name\":\"Po\u010detna stranica\",\"item\":\"https:\\\/\\\/www.primakon.com\\\/\"},{\"@type\":\"ListItem\",\"position\":2,\"name\":\"Rje\u0161enja\",\"item\":\"https:\\\/\\\/www.primakon.com\\\/rjesenja\\\/\"},{\"@type\":\"ListItem\",\"position\":3,\"name\":\"Primakon PCM\"}]},{\"@type\":\"WebSite\",\"@id\":\"https:\\\/\\\/www.primakon.com\\\/#website\",\"url\":\"https:\\\/\\\/www.primakon.com\\\/\",\"name\":\"Primakon\",\"description\":\"Lideru u Upravljanju Projektima\",\"publisher\":{\"@id\":\"https:\\\/\\\/www.primakon.com\\\/#organization\"},\"potentialAction\":[{\"@type\":\"SearchAction\",\"target\":{\"@type\":\"EntryPoint\",\"urlTemplate\":\"https:\\\/\\\/www.primakon.com\\\/?s={search_term_string}\"},\"query-input\":{\"@type\":\"PropertyValueSpecification\",\"valueRequired\":true,\"valueName\":\"search_term_string\"}}],\"inLanguage\":\"en-US\"},{\"@type\":\"Organization\",\"@id\":\"https:\\\/\\\/www.primakon.com\\\/#organization\",\"name\":\"Primakon d.o.o.\",\"url\":\"https:\\\/\\\/www.primakon.com\\\/\",\"logo\":{\"@type\":\"ImageObject\",\"inLanguage\":\"en-US\",\"@id\":\"https:\\\/\\\/www.primakon.com\\\/#\\\/schema\\\/logo\\\/image\\\/\",\"url\":\"https:\\\/\\\/primakon.com\\\/wp-content\\\/uploads\\\/2020\\\/11\\\/novi-stari.png\",\"contentUrl\":\"https:\\\/\\\/primakon.com\\\/wp-content\\\/uploads\\\/2020\\\/11\\\/novi-stari.png\",\"width\":1001,\"height\":401,\"caption\":\"Primakon d.o.o.\"},\"image\":{\"@id\":\"https:\\\/\\\/www.primakon.com\\\/#\\\/schema\\\/logo\\\/image\\\/\"},\"sameAs\":[\"https:\\\/\\\/www.facebook.com\\\/Primakon-doo-137821199603583\",\"https:\\\/\\\/www.linkedin.com\\\/company\\\/primakon\\\/\"]}]}<\/script>\n<!-- \/ Yoast SEO plugin. -->","yoast_head_json":{"title":"Primakon PI (\u03a0) - Upgraded Primavera Interface - Primakon","description":"Primakon PI (\u03a0) \u2013 Primavera Interface is an upgraded Primavera integration interface between the Primavera P6 and the Contract Management system.","robots":{"index":"index","follow":"follow","max-snippet":"max-snippet:-1","max-image-preview":"max-image-preview:large","max-video-preview":"max-video-preview:-1"},"canonical":"https:\/\/www.primakon.com\/en\/rjesenja\/primakon-pcm\/","og_locale":"en_US","og_type":"article","og_title":"Primakon PI (\u03a0) - Nadogra\u0111eno Primaverino Su\u010delje - Primakon","og_description":"Primakon PI (\u03a0) \u2013 Primavera Interface nadogra\u0111eno je Primaverino integracijsko su\u010delje izme\u0111u Primavera P6 i Contract Management sustava.","og_url":"https:\/\/www.primakon.com\/en\/rjesenja\/primakon-pcm\/","og_site_name":"Primakon","article_publisher":"https:\/\/www.facebook.com\/Primakon-doo-137821199603583","article_modified_time":"2024-12-13T10:42:40+00:00","twitter_card":"summary_large_image","twitter_misc":{"Est. reading time":"5 minutes"},"schema":{"@context":"https:\/\/schema.org","@graph":[{"@type":"WebPage","@id":"https:\/\/www.primakon.com\/rjesenja\/primakon-pcm\/","url":"https:\/\/www.primakon.com\/rjesenja\/primakon-pcm\/","name":"Primakon PI (\u03a0) - Upgraded Primavera Interface - Primakon","isPartOf":{"@id":"https:\/\/www.primakon.com\/#website"},"datePublished":"2020-11-15T13:57:33+00:00","dateModified":"2024-12-13T10:42:40+00:00","description":"Primakon PI (\u03a0) \u2013 Primavera Interface is an upgraded Primavera integration interface between the Primavera P6 and the Contract Management system.","breadcrumb":{"@id":"https:\/\/www.primakon.com\/rjesenja\/primakon-pcm\/#breadcrumb"},"inLanguage":"en-US","potentialAction":[{"@type":"ReadAction","target":["https:\/\/www.primakon.com\/rjesenja\/primakon-pcm\/"]}]},{"@type":"BreadcrumbList","@id":"https:\/\/www.primakon.com\/rjesenja\/primakon-pcm\/#breadcrumb","itemListElement":[{"@type":"ListItem","position":1,"name":"Po\u010detna stranica","item":"https:\/\/www.primakon.com\/"},{"@type":"ListItem","position":2,"name":"Rje\u0161enja","item":"https:\/\/www.primakon.com\/rjesenja\/"},{"@type":"ListItem","position":3,"name":"Primakon PCM"}]},{"@type":"WebSite","@id":"https:\/\/www.primakon.com\/#website","url":"https:\/\/www.primakon.com\/","name":"Primakon","description":"Lideru u Upravljanju Projektima","publisher":{"@id":"https:\/\/www.primakon.com\/#organization"},"potentialAction":[{"@type":"SearchAction","target":{"@type":"EntryPoint","urlTemplate":"https:\/\/www.primakon.com\/?s={search_term_string}"},"query-input":{"@type":"PropertyValueSpecification","valueRequired":true,"valueName":"search_term_string"}}],"inLanguage":"en-US"},{"@type":"Organization","@id":"https:\/\/www.primakon.com\/#organization","name":"Primakon d.o.o.","url":"https:\/\/www.primakon.com\/","logo":{"@type":"ImageObject","inLanguage":"en-US","@id":"https:\/\/www.primakon.com\/#\/schema\/logo\/image\/","url":"https:\/\/primakon.com\/wp-content\/uploads\/2020\/11\/novi-stari.png","contentUrl":"https:\/\/primakon.com\/wp-content\/uploads\/2020\/11\/novi-stari.png","width":1001,"height":401,"caption":"Primakon d.o.o."},"image":{"@id":"https:\/\/www.primakon.com\/#\/schema\/logo\/image\/"},"sameAs":["https:\/\/www.facebook.com\/Primakon-doo-137821199603583","https:\/\/www.linkedin.com\/company\/primakon\/"]}]}},"ticketed":false,"_links":{"self":[{"href":"https:\/\/www.primakon.com\/en\/wp-json\/wp\/v2\/pages\/751","targetHints":{"allow":["GET"]}}],"collection":[{"href":"https:\/\/www.primakon.com\/en\/wp-json\/wp\/v2\/pages"}],"about":[{"href":"https:\/\/www.primakon.com\/en\/wp-json\/wp\/v2\/types\/page"}],"author":[{"embeddable":true,"href":"https:\/\/www.primakon.com\/en\/wp-json\/wp\/v2\/users\/1"}],"replies":[{"embeddable":true,"href":"https:\/\/www.primakon.com\/en\/wp-json\/wp\/v2\/comments?post=751"}],"version-history":[{"count":0,"href":"https:\/\/www.primakon.com\/en\/wp-json\/wp\/v2\/pages\/751\/revisions"}],"up":[{"embeddable":true,"href":"https:\/\/www.primakon.com\/en\/wp-json\/wp\/v2\/pages\/15"}],"wp:attachment":[{"href":"https:\/\/www.primakon.com\/en\/wp-json\/wp\/v2\/media?parent=751"}],"curies":[{"name":"wp","href":"https:\/\/api.w.org\/{rel}","templated":true}]}}