{"id":753,"date":"2020-11-15T13:58:34","date_gmt":"2020-11-15T13:58:34","guid":{"rendered":"http:\/\/primakon.adonomy.co\/?page_id=753"},"modified":"2021-03-30T07:57:46","modified_gmt":"2021-03-30T07:57:46","slug":"strucni-tim","status":"publish","type":"page","link":"https:\/\/www.primakon.com\/en\/about-us\/expert-team\/","title":{"rendered":"Expert team"},"content":{"rendered":"<p>[et_pb_section fb_built=&#8221;1&#8243; _builder_version=&#8221;4.7.4&#8243; _module_preset=&#8221;default&#8221; background_image=&#8221;https:\/\/primakon.com\/wp-content\/uploads\/2020\/12\/Grupa-poslovnih-ljudi-u-odijelima.jpg&#8221; parallax=&#8221;on&#8221; parallax_method=&#8221;off&#8221; box_shadow_style=&#8221;preset2&#8243;][et_pb_row _builder_version=&#8221;4.6.6&#8243; _module_preset=&#8221;default&#8221;][et_pb_column type=&#8221;4_4&#8243; _builder_version=&#8221;4.6.6&#8243; _module_preset=&#8221;default&#8221;][et_pb_text _builder_version=&#8221;4.7.1&#8243; _module_preset=&#8221;default&#8221; header_font=&#8221;|600|||||||&#8221; header_text_align=&#8221;center&#8221; header_text_color=&#8221;#bf3d44&#8243; header_font_size=&#8221;40px&#8221; header_2_font=&#8221;|600|||||||&#8221; header_2_text_align=&#8221;center&#8221; header_2_text_color=&#8221;#525352&#8243; header_2_font_size=&#8221;40px&#8221; header_text_shadow_style=&#8221;preset2&#8243; header_text_shadow_color=&#8221;rgba(0,0,0,0.8)&#8221; header_2_text_shadow_style=&#8221;preset2&#8243; locked=&#8221;off&#8221;]<\/p>\n<h1>Stru\u010dni tim<\/h1>\n<p>[\/et_pb_text][\/et_pb_column][\/et_pb_row][\/et_pb_section][et_pb_section fb_built=&#8221;1&#8243; use_custom_gutter=&#8221;on&#8221; gutter_width=&#8221;2&#8243; specialty=&#8221;on&#8221; padding_top_bottom_link_1=&#8221;false&#8221; padding_top_bottom_link_2=&#8221;false&#8221; padding_left_right_link_1=&#8221;false&#8221; padding_left_right_link_2=&#8221;false&#8221; padding_right_2=&#8221;15px&#8221; padding_left_2=&#8221;15px&#8221; _builder_version=&#8221;4.7.4&#8243; _module_preset=&#8221;default&#8221; background_color=&#8221;#f7f7f7&#8243; use_background_color_gradient=&#8221;on&#8221; background_color_gradient_start=&#8221;rgba(255,255,255,0.6)&#8221; background_color_gradient_end=&#8221;rgba(247,247,247,0.75)&#8221; background_color_gradient_overlays_image=&#8221;on&#8221; background_enable_image=&#8221;off&#8221; custom_padding=&#8221;0px||||false|false&#8221; box_shadow_style=&#8221;preset6&#8243;][et_pb_column type=&#8221;1_4&#8243; _builder_version=&#8221;3.25&#8243; custom_padding=&#8221;|||&#8221; custom_padding__hover=&#8221;|||&#8221;][et_pb_sidebar area=&#8221;et_pb_widget_area_3&#8243; _builder_version=&#8221;4.7.7&#8243; _module_preset=&#8221;default&#8221;][\/et_pb_sidebar][\/et_pb_column][et_pb_column type=&#8221;3_4&#8243; specialty_columns=&#8221;3&#8243; _builder_version=&#8221;3.25&#8243; custom_padding=&#8221;|||&#8221; custom_padding__hover=&#8221;|||&#8221;][et_pb_row_inner _builder_version=&#8221;4.7.1&#8243; _module_preset=&#8221;default&#8221; custom_padding=&#8221;50px||0px||false|false&#8221; locked=&#8221;off&#8221;][et_pb_column_inner saved_specialty_column_type=&#8221;3_4&#8243; _builder_version=&#8221;4.6.6&#8243; _module_preset=&#8221;default&#8221;][et_pb_text _builder_version=&#8221;4.7.4&#8243; _module_preset=&#8221;default&#8221; header_2_font=&#8221;|600|||||||&#8221; header_2_text_color=&#8221;#3a3632&#8243; custom_margin=&#8221;||20px||false|false&#8221;]<\/p>\n<h2>Stru\u010dnost i iskustvo<span style=\"color: #bf3d44;\">.<\/span><\/h2>\n<p>[\/et_pb_text][et_pb_text _builder_version=&#8221;4.7.7&#8243; _module_preset=&#8221;default&#8221;]<\/p>\n<p>Primakon tim \u010dine\u00a0<strong>ciljano odabrani, visokoobrazovani, motivirani stru\u010dnjaci.<\/strong><\/p>\n<p>Tim se sastoji od kandidata na poslijediplomskim doktorskim studijima, magistara znanosti, profesora na visokim u\u010dili\u0161tima te \u010dlanovi izvr\u0161nih odbora dvije najzna\u010dajnije asocijacije za upravljanje projektima.<\/p>\n<p>[\/et_pb_text][et_pb_image src=&#8221;https:\/\/primakon.com\/wp-content\/uploads\/2020\/12\/Dva-biznismena-razgovaraju-o-poslu.jpg&#8221; alt=&#8221;Dva biznismena razgovaraju o poslu&#8221; _builder_version=&#8221;4.7.4&#8243; _module_preset=&#8221;default&#8221; box_shadow_style=&#8221;preset2&#8243;][\/et_pb_image][et_pb_text _builder_version=&#8221;4.7.7&#8243; _module_preset=&#8221;default&#8221;]<\/p>\n<p><strong style=\"font-size: 18px;\">Svaki \u010dlan u timu je ekspert u svom podru\u010dju.<\/strong><span style=\"font-size: 18px;\"> Spajamo prakti\u010dna i akademska znanja. Sinergijski se nadopunjavamo, razmi\u0161ljamo vi\u0161edimenzionalno te stoga klijentima mo\u017eemo ponuditi komplementarna znanja i optimalna rje\u0161enja.<\/span><\/p>\n<p><strong>Kontinuirano razvijamo na\u0161e kompetencije<\/strong> \u0161to nas \u010dini vode\u0107om tvrtkom za upravljanje projektima.<\/p>\n<p>Na\u0161 tim djeluje kao pro\u0161ireni projektni tim klijenta ili u ime klijenta nadgleda kompletan projekt od po\u010detka do kraja. Pouzdanost i kooperativnost prilikom rada s klijentima dokazane su nizom <span style=\"text-decoration: underline;\"><a href=\"\/o-nama\/reference\/\">uspje\u0161nih implementacija<\/a><\/span> u raznim gospodarskim granama.<\/p>\n<p>[\/et_pb_text][\/et_pb_column_inner][\/et_pb_row_inner][et_pb_row_inner _builder_version=&#8221;4.6.6&#8243; _module_preset=&#8221;default&#8221; locked=&#8221;off&#8221; disabled_on=&#8221;on|on|on&#8221; disabled=&#8221;on&#8221;][et_pb_column_inner saved_specialty_column_type=&#8221;3_4&#8243; _builder_version=&#8221;4.6.6&#8243; _module_preset=&#8221;default&#8221;][et_pb_divider color=&#8221;rgba(82,83,82,0.13)&#8221; divider_position=&#8221;center&#8221; _builder_version=&#8221;4.7.4&#8243; _module_preset=&#8221;default&#8221; box_shadow_style=&#8221;preset3&#8243; box_shadow_vertical=&#8221;6px&#8221; box_shadow_blur=&#8221;10px&#8221;][\/et_pb_divider][\/et_pb_column_inner][\/et_pb_row_inner][et_pb_row_inner disabled_on=&#8221;on|on|on&#8221; _builder_version=&#8221;4.7.1&#8243; _module_preset=&#8221;default&#8221; custom_padding=&#8221;50px||0px||false|false&#8221; disabled=&#8221;on&#8221; locked=&#8221;off&#8221;][et_pb_column_inner saved_specialty_column_type=&#8221;3_4&#8243; _builder_version=&#8221;4.6.6&#8243; _module_preset=&#8221;default&#8221;][et_pb_text _builder_version=&#8221;4.7.4&#8243; _module_preset=&#8221;default&#8221; header_2_font=&#8221;|600|||||||&#8221; header_2_text_color=&#8221;#3a3632&#8243; custom_margin=&#8221;||20px||false|false&#8221;]<\/p>\n<h2>Na\u0161 tim<span style=\"color: #bf3d44;\">.<\/span><\/h2>\n<p>[\/et_pb_text][\/et_pb_column_inner][\/et_pb_row_inner][et_pb_row_inner column_structure=&#8221;1_3,1_3,1_3&#8243; disabled_on=&#8221;on|on|on&#8221; _builder_version=&#8221;4.7.4&#8243; _module_preset=&#8221;default&#8221; custom_padding=&#8221;||||false|false&#8221; disabled=&#8221;on&#8221; locked=&#8221;off&#8221;][et_pb_column_inner type=&#8221;1_3&#8243; saved_specialty_column_type=&#8221;3_4&#8243; _builder_version=&#8221;4.6.6&#8243; _module_preset=&#8221;default&#8221;][et_pb_image src=&#8221;https:\/\/primakon.com\/wp-content\/uploads\/2020\/12\/Davor-Delic-150&#215;150.png&#8221; alt=&#8221;Davor Deli\u0107&#8221; title_text=&#8221;Davor Deli\u0107&#8221; url=&#8221;https:\/\/www.linkedin.com\/in\/davordelic\/&#8221; url_new_window=&#8221;on&#8221; align=&#8221;center&#8221; _builder_version=&#8221;4.7.4&#8243; _module_preset=&#8221;default&#8221; transform_styles__hover_enabled=&#8221;on|hover&#8221; transform_scale__hover_enabled=&#8221;on|hover&#8221; transform_translate__hover_enabled=&#8221;on|desktop&#8221; transform_rotate__hover_enabled=&#8221;on|desktop&#8221; transform_skew__hover_enabled=&#8221;on|desktop&#8221; transform_origin__hover_enabled=&#8221;on|desktop&#8221; transform_scale__hover=&#8221;110%|110%&#8221;][\/et_pb_image][et_pb_text _builder_version=&#8221;4.7.4&#8243; _module_preset=&#8221;default&#8221; text_orientation=&#8221;center&#8221;]<\/p>\n<p>Davor Deli\u0107<\/p>\n<p>[\/et_pb_text][\/et_pb_column_inner][et_pb_column_inner type=&#8221;1_3&#8243; saved_specialty_column_type=&#8221;3_4&#8243; _builder_version=&#8221;4.6.6&#8243; _module_preset=&#8221;default&#8221;][et_pb_image src=&#8221;https:\/\/primakon.com\/wp-content\/uploads\/2020\/12\/Hrvoje-Mestrovic-150&#215;150.png&#8221; alt=&#8221;Hrvoje Me\u0161trovi\u0107&#8221; title_text=&#8221;Hrvoje Me\u0161trovi\u0107&#8221; url=&#8221;https:\/\/www.linkedin.com\/in\/mestar\/&#8221; url_new_window=&#8221;on&#8221; align=&#8221;center&#8221; _builder_version=&#8221;4.7.4&#8243; _module_preset=&#8221;default&#8221; transform_styles__hover_enabled=&#8221;on|hover&#8221; transform_scale__hover=&#8221;110%|110%&#8221; transform_scale__hover_enabled=&#8221;on|hover&#8221; transform_translate__hover_enabled=&#8221;on|desktop&#8221; transform_rotate__hover_enabled=&#8221;on|desktop&#8221; transform_skew__hover_enabled=&#8221;on|desktop&#8221; transform_origin__hover_enabled=&#8221;on|desktop&#8221;][\/et_pb_image][et_pb_text _builder_version=&#8221;4.7.4&#8243; _module_preset=&#8221;default&#8221; text_orientation=&#8221;center&#8221;]<\/p>\n<p>Hrvoje Me\u0161trovi\u0107<\/p>\n<p>[\/et_pb_text][\/et_pb_column_inner][et_pb_column_inner type=&#8221;1_3&#8243; saved_specialty_column_type=&#8221;3_4&#8243; _builder_version=&#8221;4.6.6&#8243; _module_preset=&#8221;default&#8221;][et_pb_image src=&#8221;https:\/\/primakon.com\/wp-content\/uploads\/2020\/12\/Tomislav-Rastovski-150&#215;150.png&#8221; alt=&#8221;Tomislav Rastovski&#8221; title_text=&#8221;Tomislav Rastovski&#8221; url=&#8221;https:\/\/www.linkedin.com\/in\/rastovski\/&#8221; url_new_window=&#8221;on&#8221; align=&#8221;center&#8221; _builder_version=&#8221;4.7.4&#8243; _module_preset=&#8221;default&#8221; transform_styles__hover_enabled=&#8221;on|hover&#8221; transform_scale__hover=&#8221;110%|110%&#8221; transform_scale__hover_enabled=&#8221;on|hover&#8221; transform_translate__hover_enabled=&#8221;on|desktop&#8221; transform_rotate__hover_enabled=&#8221;on|desktop&#8221; transform_skew__hover_enabled=&#8221;on|desktop&#8221; transform_origin__hover_enabled=&#8221;on|desktop&#8221;][\/et_pb_image][et_pb_text _builder_version=&#8221;4.7.4&#8243; _module_preset=&#8221;default&#8221; text_orientation=&#8221;center&#8221;]<\/p>\n<p>Tomislav Rastovski<\/p>\n<p>[\/et_pb_text][\/et_pb_column_inner][\/et_pb_row_inner][et_pb_row_inner column_structure=&#8221;1_3,1_3,1_3&#8243; disabled_on=&#8221;on|on|on&#8221; _builder_version=&#8221;4.7.4&#8243; _module_preset=&#8221;default&#8221; custom_padding=&#8221;||||false|false&#8221; disabled=&#8221;on&#8221; locked=&#8221;off&#8221;][et_pb_column_inner type=&#8221;1_3&#8243; saved_specialty_column_type=&#8221;3_4&#8243; _builder_version=&#8221;4.6.6&#8243; _module_preset=&#8221;default&#8221;][et_pb_image src=&#8221;https:\/\/primakon.com\/wp-content\/uploads\/2020\/12\/Damir-Butkovic-150&#215;150.png&#8221; alt=&#8221;Damir Butkovi\u0107&#8221; title_text=&#8221;Damir Butkovi\u0107&#8221; url=&#8221;https:\/\/www.linkedin.com\/in\/damir-butkovi%C4%87-497a9443\/&#8221; url_new_window=&#8221;on&#8221; align=&#8221;center&#8221; _builder_version=&#8221;4.7.4&#8243; _module_preset=&#8221;default&#8221; transform_styles__hover_enabled=&#8221;on|hover&#8221; transform_scale__hover=&#8221;110%|110%&#8221; transform_scale__hover_enabled=&#8221;on|hover&#8221; transform_translate__hover_enabled=&#8221;on|desktop&#8221; transform_rotate__hover_enabled=&#8221;on|desktop&#8221; transform_skew__hover_enabled=&#8221;on|desktop&#8221; transform_origin__hover_enabled=&#8221;on|desktop&#8221;][\/et_pb_image][et_pb_text _builder_version=&#8221;4.7.4&#8243; _module_preset=&#8221;default&#8221; text_orientation=&#8221;center&#8221;]<\/p>\n<p>Damir Butkovi\u0107<\/p>\n<p>[\/et_pb_text][\/et_pb_column_inner][et_pb_column_inner type=&#8221;1_3&#8243; saved_specialty_column_type=&#8221;3_4&#8243; _builder_version=&#8221;4.6.6&#8243; _module_preset=&#8221;default&#8221;][et_pb_image src=&#8221;https:\/\/primakon.com\/wp-content\/uploads\/2020\/12\/Domagoj-Knezevic-150&#215;150.png&#8221; alt=&#8221;Domagoj Kne\u017eevi\u0107&#8221; title_text=&#8221;Domagoj Kne\u017eevi\u0107&#8221; url=&#8221;https:\/\/www.linkedin.com\/in\/domagojknezevic\/&#8221; url_new_window=&#8221;on&#8221; align=&#8221;center&#8221; _builder_version=&#8221;4.7.4&#8243; _module_preset=&#8221;default&#8221; transform_styles__hover_enabled=&#8221;on|hover&#8221; transform_scale__hover=&#8221;110%|110%&#8221; transform_scale__hover_enabled=&#8221;on|hover&#8221; transform_translate__hover_enabled=&#8221;on|desktop&#8221; transform_rotate__hover_enabled=&#8221;on|desktop&#8221; transform_skew__hover_enabled=&#8221;on|desktop&#8221; transform_origin__hover_enabled=&#8221;on|desktop&#8221;][\/et_pb_image][et_pb_text _builder_version=&#8221;4.7.4&#8243; _module_preset=&#8221;default&#8221; text_orientation=&#8221;center&#8221;]<\/p>\n<p>Domagoj Kne\u017eevi\u0107<\/p>\n<p>[\/et_pb_text][\/et_pb_column_inner][et_pb_column_inner type=&#8221;1_3&#8243; saved_specialty_column_type=&#8221;3_4&#8243; _builder_version=&#8221;4.6.6&#8243; _module_preset=&#8221;default&#8221;][et_pb_image src=&#8221;https:\/\/primakon.com\/wp-content\/uploads\/2020\/12\/Ivan-Peroutka-150&#215;150.png&#8221; alt=&#8221;Ivan Peroutka&#8221; title_text=&#8221;Ivan Peroutka&#8221; url=&#8221;https:\/\/www.linkedin.com\/in\/ivan-peroutka-3b19601aa\/&#8221; url_new_window=&#8221;on&#8221; align=&#8221;center&#8221; _builder_version=&#8221;4.7.4&#8243; _module_preset=&#8221;default&#8221; transform_styles__hover_enabled=&#8221;on|hover&#8221; transform_scale__hover=&#8221;110%|110%&#8221; transform_scale__hover_enabled=&#8221;on|hover&#8221; transform_translate__hover_enabled=&#8221;on|desktop&#8221; transform_rotate__hover_enabled=&#8221;on|desktop&#8221; transform_skew__hover_enabled=&#8221;on|desktop&#8221; transform_origin__hover_enabled=&#8221;on|desktop&#8221;][\/et_pb_image][et_pb_text _builder_version=&#8221;4.7.4&#8243; _module_preset=&#8221;default&#8221; text_orientation=&#8221;center&#8221;]<\/p>\n<p>Ivan Peroutka<\/p>\n<p>[\/et_pb_text][\/et_pb_column_inner][\/et_pb_row_inner][\/et_pb_column][\/et_pb_section]<\/p>\n","protected":false},"excerpt":{"rendered":"<p>Stru\u010dni timStru\u010dnost i iskustvo.Primakon tim \u010dine\u00a0ciljano odabrani, visokoobrazovani, motivirani stru\u010dnjaci. Tim se sastoji od kandidata na poslijediplomskim doktorskim studijima, magistara znanosti, profesora na visokim u\u010dili\u0161tima te \u010dlanovi izvr\u0161nih odbora dvije [&hellip;]<\/p>\n","protected":false},"author":1,"featured_media":0,"parent":19,"menu_order":0,"comment_status":"closed","ping_status":"closed","template":"","meta":{"_et_pb_use_builder":"on","_et_pb_old_content":"<!-- wp:divi\/placeholder \/-->","_et_gb_content_width":"","_price":"","_stock":"","_tribe_ticket_header":"","_tribe_default_ticket_provider":"","_tribe_ticket_capacity":"0","_ticket_start_date":"","_ticket_end_date":"","_tribe_ticket_show_description":"","_tribe_ticket_show_not_going":false,"_tribe_ticket_use_global_stock":"","_tribe_ticket_global_stock_level":"","_global_stock_mode":"","_global_stock_cap":"","_tribe_rsvp_for_event":"","_tribe_ticket_going_count":"","_tribe_ticket_not_going_count":"","_tribe_tickets_list":"[]","_tribe_ticket_has_attendee_info_fields":false,"footnotes":"","_tec_slr_enabled":"","_tec_slr_layout":""},"class_list":["post-753","page","type-page","status-publish","hentry"],"yoast_head":"<!-- This site is optimized with the Yoast SEO plugin v27.5 - https:\/\/yoast.com\/product\/yoast-seo-wordpress\/ -->\n<title>Stru\u010dni tim - Primakon<\/title>\n<meta name=\"description\" content=\"Primakon tim \u010dine ciljano odabrani, visokoobrazovani, motivirani stru\u010dnjaci. Svaki \u010dlan u timu je ekspert u svom podru\u010dju.\" \/>\n<meta name=\"robots\" content=\"index, follow, max-snippet:-1, max-image-preview:large, max-video-preview:-1\" \/>\n<link rel=\"canonical\" href=\"https:\/\/www.primakon.com\/en\/o-nama\/strucni-tim\/\" \/>\n<meta property=\"og:locale\" content=\"en_US\" \/>\n<meta property=\"og:type\" content=\"article\" \/>\n<meta property=\"og:title\" content=\"Stru\u010dni tim - Primakon\" \/>\n<meta property=\"og:description\" content=\"Primakon tim \u010dine ciljano odabrani, visokoobrazovani, motivirani stru\u010dnjaci. Svaki \u010dlan u timu je ekspert u svom podru\u010dju.\" \/>\n<meta property=\"og:url\" content=\"https:\/\/www.primakon.com\/en\/o-nama\/strucni-tim\/\" \/>\n<meta property=\"og:site_name\" content=\"Primakon\" \/>\n<meta property=\"article:publisher\" content=\"https:\/\/www.facebook.com\/Primakon-doo-137821199603583\" \/>\n<meta property=\"article:modified_time\" content=\"2021-03-30T07:57:46+00:00\" \/>\n<meta name=\"twitter:card\" content=\"summary_large_image\" \/>\n<meta name=\"twitter:label1\" content=\"Est. reading time\" \/>\n\t<meta name=\"twitter:data1\" content=\"7 minutes\" \/>\n<script type=\"application\/ld+json\" class=\"yoast-schema-graph\">{\"@context\":\"https:\\\/\\\/schema.org\",\"@graph\":[{\"@type\":\"WebPage\",\"@id\":\"https:\\\/\\\/www.primakon.com\\\/o-nama\\\/strucni-tim\\\/\",\"url\":\"https:\\\/\\\/www.primakon.com\\\/o-nama\\\/strucni-tim\\\/\",\"name\":\"Stru\u010dni tim - Primakon\",\"isPartOf\":{\"@id\":\"https:\\\/\\\/www.primakon.com\\\/#website\"},\"datePublished\":\"2020-11-15T13:58:34+00:00\",\"dateModified\":\"2021-03-30T07:57:46+00:00\",\"description\":\"Primakon tim \u010dine ciljano odabrani, visokoobrazovani, motivirani stru\u010dnjaci. Svaki \u010dlan u timu je ekspert u svom podru\u010dju.\",\"breadcrumb\":{\"@id\":\"https:\\\/\\\/www.primakon.com\\\/o-nama\\\/strucni-tim\\\/#breadcrumb\"},\"inLanguage\":\"en-US\",\"potentialAction\":[{\"@type\":\"ReadAction\",\"target\":[\"https:\\\/\\\/www.primakon.com\\\/o-nama\\\/strucni-tim\\\/\"]}]},{\"@type\":\"BreadcrumbList\",\"@id\":\"https:\\\/\\\/www.primakon.com\\\/o-nama\\\/strucni-tim\\\/#breadcrumb\",\"itemListElement\":[{\"@type\":\"ListItem\",\"position\":1,\"name\":\"Po\u010detna stranica\",\"item\":\"https:\\\/\\\/www.primakon.com\\\/\"},{\"@type\":\"ListItem\",\"position\":2,\"name\":\"O nama\",\"item\":\"https:\\\/\\\/www.primakon.com\\\/o-nama\\\/\"},{\"@type\":\"ListItem\",\"position\":3,\"name\":\"Stru\u010dni tim\"}]},{\"@type\":\"WebSite\",\"@id\":\"https:\\\/\\\/www.primakon.com\\\/#website\",\"url\":\"https:\\\/\\\/www.primakon.com\\\/\",\"name\":\"Primakon\",\"description\":\"Lideru u Upravljanju Projektima\",\"publisher\":{\"@id\":\"https:\\\/\\\/www.primakon.com\\\/#organization\"},\"potentialAction\":[{\"@type\":\"SearchAction\",\"target\":{\"@type\":\"EntryPoint\",\"urlTemplate\":\"https:\\\/\\\/www.primakon.com\\\/?s={search_term_string}\"},\"query-input\":{\"@type\":\"PropertyValueSpecification\",\"valueRequired\":true,\"valueName\":\"search_term_string\"}}],\"inLanguage\":\"en-US\"},{\"@type\":\"Organization\",\"@id\":\"https:\\\/\\\/www.primakon.com\\\/#organization\",\"name\":\"Primakon d.o.o.\",\"url\":\"https:\\\/\\\/www.primakon.com\\\/\",\"logo\":{\"@type\":\"ImageObject\",\"inLanguage\":\"en-US\",\"@id\":\"https:\\\/\\\/www.primakon.com\\\/#\\\/schema\\\/logo\\\/image\\\/\",\"url\":\"https:\\\/\\\/primakon.com\\\/wp-content\\\/uploads\\\/2020\\\/11\\\/novi-stari.png\",\"contentUrl\":\"https:\\\/\\\/primakon.com\\\/wp-content\\\/uploads\\\/2020\\\/11\\\/novi-stari.png\",\"width\":1001,\"height\":401,\"caption\":\"Primakon d.o.o.\"},\"image\":{\"@id\":\"https:\\\/\\\/www.primakon.com\\\/#\\\/schema\\\/logo\\\/image\\\/\"},\"sameAs\":[\"https:\\\/\\\/www.facebook.com\\\/Primakon-doo-137821199603583\",\"https:\\\/\\\/www.linkedin.com\\\/company\\\/primakon\\\/\"]}]}<\/script>\n<!-- \/ Yoast SEO plugin. -->","yoast_head_json":{"title":"Expert Team - Primakon","description":"The Primakon team consists of carefully chosen, highly educated, motivated professionals. Each member of the team is an expert in their field.","robots":{"index":"index","follow":"follow","max-snippet":"max-snippet:-1","max-image-preview":"max-image-preview:large","max-video-preview":"max-video-preview:-1"},"canonical":"https:\/\/www.primakon.com\/en\/o-nama\/strucni-tim\/","og_locale":"en_US","og_type":"article","og_title":"Stru\u010dni tim - Primakon","og_description":"Primakon tim \u010dine ciljano odabrani, visokoobrazovani, motivirani stru\u010dnjaci. Svaki \u010dlan u timu je ekspert u svom podru\u010dju.","og_url":"https:\/\/www.primakon.com\/en\/o-nama\/strucni-tim\/","og_site_name":"Primakon","article_publisher":"https:\/\/www.facebook.com\/Primakon-doo-137821199603583","article_modified_time":"2021-03-30T07:57:46+00:00","twitter_card":"summary_large_image","twitter_misc":{"Est. reading time":"7 minutes"},"schema":{"@context":"https:\/\/schema.org","@graph":[{"@type":"WebPage","@id":"https:\/\/www.primakon.com\/o-nama\/strucni-tim\/","url":"https:\/\/www.primakon.com\/o-nama\/strucni-tim\/","name":"Expert Team - Primakon","isPartOf":{"@id":"https:\/\/www.primakon.com\/#website"},"datePublished":"2020-11-15T13:58:34+00:00","dateModified":"2021-03-30T07:57:46+00:00","description":"The Primakon team consists of carefully chosen, highly educated, motivated professionals. Each member of the team is an expert in their field.","breadcrumb":{"@id":"https:\/\/www.primakon.com\/o-nama\/strucni-tim\/#breadcrumb"},"inLanguage":"en-US","potentialAction":[{"@type":"ReadAction","target":["https:\/\/www.primakon.com\/o-nama\/strucni-tim\/"]}]},{"@type":"BreadcrumbList","@id":"https:\/\/www.primakon.com\/o-nama\/strucni-tim\/#breadcrumb","itemListElement":[{"@type":"ListItem","position":1,"name":"Po\u010detna stranica","item":"https:\/\/www.primakon.com\/"},{"@type":"ListItem","position":2,"name":"O nama","item":"https:\/\/www.primakon.com\/o-nama\/"},{"@type":"ListItem","position":3,"name":"Stru\u010dni tim"}]},{"@type":"WebSite","@id":"https:\/\/www.primakon.com\/#website","url":"https:\/\/www.primakon.com\/","name":"Primakon","description":"Lideru u Upravljanju Projektima","publisher":{"@id":"https:\/\/www.primakon.com\/#organization"},"potentialAction":[{"@type":"SearchAction","target":{"@type":"EntryPoint","urlTemplate":"https:\/\/www.primakon.com\/?s={search_term_string}"},"query-input":{"@type":"PropertyValueSpecification","valueRequired":true,"valueName":"search_term_string"}}],"inLanguage":"en-US"},{"@type":"Organization","@id":"https:\/\/www.primakon.com\/#organization","name":"Primakon d.o.o.","url":"https:\/\/www.primakon.com\/","logo":{"@type":"ImageObject","inLanguage":"en-US","@id":"https:\/\/www.primakon.com\/#\/schema\/logo\/image\/","url":"https:\/\/primakon.com\/wp-content\/uploads\/2020\/11\/novi-stari.png","contentUrl":"https:\/\/primakon.com\/wp-content\/uploads\/2020\/11\/novi-stari.png","width":1001,"height":401,"caption":"Primakon d.o.o."},"image":{"@id":"https:\/\/www.primakon.com\/#\/schema\/logo\/image\/"},"sameAs":["https:\/\/www.facebook.com\/Primakon-doo-137821199603583","https:\/\/www.linkedin.com\/company\/primakon\/"]}]}},"ticketed":false,"_links":{"self":[{"href":"https:\/\/www.primakon.com\/en\/wp-json\/wp\/v2\/pages\/753","targetHints":{"allow":["GET"]}}],"collection":[{"href":"https:\/\/www.primakon.com\/en\/wp-json\/wp\/v2\/pages"}],"about":[{"href":"https:\/\/www.primakon.com\/en\/wp-json\/wp\/v2\/types\/page"}],"author":[{"embeddable":true,"href":"https:\/\/www.primakon.com\/en\/wp-json\/wp\/v2\/users\/1"}],"replies":[{"embeddable":true,"href":"https:\/\/www.primakon.com\/en\/wp-json\/wp\/v2\/comments?post=753"}],"version-history":[{"count":0,"href":"https:\/\/www.primakon.com\/en\/wp-json\/wp\/v2\/pages\/753\/revisions"}],"up":[{"embeddable":true,"href":"https:\/\/www.primakon.com\/en\/wp-json\/wp\/v2\/pages\/19"}],"wp:attachment":[{"href":"https:\/\/www.primakon.com\/en\/wp-json\/wp\/v2\/media?parent=753"}],"curies":[{"name":"wp","href":"https:\/\/api.w.org\/{rel}","templated":true}]}}