{"id":757,"date":"2020-11-15T13:59:12","date_gmt":"2020-11-15T13:59:12","guid":{"rendered":"http:\/\/primakon.adonomy.co\/?page_id=757"},"modified":"2021-01-05T10:12:25","modified_gmt":"2021-01-05T10:12:25","slug":"reference","status":"publish","type":"page","link":"https:\/\/www.primakon.com\/en\/about-us\/references\/","title":{"rendered":"References"},"content":{"rendered":"\n[et_pb_section fb_built=&#8221;1&#8243; _builder_version=&#8221;4.7.4&#8243; _module_preset=&#8221;default&#8221; background_image=&#8221;https:\/\/primakon.com\/wp-content\/uploads\/2020\/12\/Poslovni-tim-organizira-informacije-i-provjerava-reference.jpg&#8221; parallax=&#8221;on&#8221; parallax_method=&#8221;off&#8221; box_shadow_style=&#8221;preset2&#8243;][et_pb_row _builder_version=&#8221;4.6.6&#8243; _module_preset=&#8221;default&#8221;][et_pb_column type=&#8221;4_4&#8243; _builder_version=&#8221;4.6.6&#8243; _module_preset=&#8221;default&#8221;][et_pb_text _builder_version=&#8221;4.7.1&#8243; _module_preset=&#8221;default&#8221; header_font=&#8221;|600|||||||&#8221; header_text_align=&#8221;center&#8221; header_text_color=&#8221;#bf3d44&#8243; header_font_size=&#8221;40px&#8221; header_2_font=&#8221;|600|||||||&#8221; header_2_text_align=&#8221;center&#8221; header_2_text_color=&#8221;#525352&#8243; header_2_font_size=&#8221;40px&#8221; header_text_shadow_style=&#8221;preset2&#8243; header_text_shadow_color=&#8221;rgba(0,0,0,0.8)&#8221; header_2_text_shadow_style=&#8221;preset2&#8243; locked=&#8221;off&#8221;]<h1>Reference<\/h1>[\/et_pb_text][\/et_pb_column][\/et_pb_row][\/et_pb_section][et_pb_section fb_built=&#8221;1&#8243; use_custom_gutter=&#8221;on&#8221; gutter_width=&#8221;2&#8243; specialty=&#8221;on&#8221; padding_top_bottom_link_1=&#8221;false&#8221; padding_top_bottom_link_2=&#8221;false&#8221; padding_left_right_link_1=&#8221;false&#8221; padding_left_right_link_2=&#8221;false&#8221; padding_right_2=&#8221;15px&#8221; padding_left_2=&#8221;15px&#8221; _builder_version=&#8221;4.7.4&#8243; _module_preset=&#8221;default&#8221; background_color=&#8221;#f7f7f7&#8243; use_background_color_gradient=&#8221;on&#8221; background_color_gradient_start=&#8221;rgba(255,255,255,0.6)&#8221; background_color_gradient_end=&#8221;rgba(247,247,247,0.75)&#8221; background_color_gradient_overlays_image=&#8221;on&#8221; background_enable_image=&#8221;off&#8221; custom_padding=&#8221;0px||||false|false&#8221; box_shadow_style=&#8221;preset6&#8243;][et_pb_column type=&#8221;1_4&#8243; _builder_version=&#8221;3.25&#8243; custom_padding=&#8221;|||&#8221; custom_padding__hover=&#8221;|||&#8221;][et_pb_sidebar area=&#8221;et_pb_widget_area_3&#8243; _builder_version=&#8221;4.7.7&#8243; _module_preset=&#8221;default&#8221; hover_enabled=&#8221;0&#8243; sticky_enabled=&#8221;0&#8243;][\/et_pb_sidebar][\/et_pb_column][et_pb_column type=&#8221;3_4&#8243; specialty_columns=&#8221;3&#8243; _builder_version=&#8221;3.25&#8243; custom_padding=&#8221;|||&#8221; custom_padding__hover=&#8221;|||&#8221;][et_pb_row_inner _builder_version=&#8221;4.7.1&#8243; _module_preset=&#8221;default&#8221; custom_padding=&#8221;50px||0px||false|false&#8221;][et_pb_column_inner saved_specialty_column_type=&#8221;3_4&#8243; _builder_version=&#8221;4.6.6&#8243; _module_preset=&#8221;default&#8221;][et_pb_text _builder_version=&#8221;4.7.4&#8243; _module_preset=&#8221;default&#8221; header_2_font=&#8221;|600|||||||&#8221; header_2_text_color=&#8221;#3a3632&#8243; custom_padding=&#8221;||20px||false|false&#8221;]<h2>Tvrtke i ustanove s kojima smo poslovali<span style=\"color: #BF3D44;\">.<\/span><\/h2>[\/et_pb_text][\/et_pb_column_inner][\/et_pb_row_inner][et_pb_row_inner make_equal=&#8221;on&#8221; _builder_version=&#8221;4.7.1&#8243; _module_preset=&#8221;default&#8221; custom_padding=&#8221;0px||0px|||&#8221;][et_pb_column_inner saved_specialty_column_type=&#8221;3_4&#8243; _builder_version=&#8221;4.6.6&#8243; _module_preset=&#8221;default&#8221;][et_pb_accordion open_toggle_text_color=&#8221;#bf3d44&#8243; open_toggle_background_color=&#8221;#f7f7f7&#8243; closed_toggle_background_color=&#8221;#ffffff&#8221; icon_color=&#8221;#6f905d&#8221; _builder_version=&#8221;4.7.4&#8243; _module_preset=&#8221;default&#8221;][et_pb_accordion_item title=&#8221;Graditeljstvo&#8221; open=&#8221;on&#8221; _builder_version=&#8221;4.7.4&#8243; _module_preset=&#8221;default&#8221;]Bechtel Corporation\nCarin d.o.o.\nConex, Zagreb\nGP Krk\nGPG Grosuplje, Ljubljana\nGrupa Investin\u017eenjering, Zagreb\nHidroelektra-niskogradnja d.d. Zagreb\nIGH d.d. poslovni centar, Rijeka\nIGH d.d., Zagreb\nIngra d.d. Zagreb\nKonstruktor d.d. Split\nMuhlos d.o.o. Split\nParsons, Sarajevo\nRijekaprojekt Niskogradnja, Rijeka\nStrabag d.o.o.\nT-HT Podjedinica za infrastrukturne telekom usluge\nTehnika d.d. Zagreb\nTehni\u010dko veleu\u010dili\u0161te, Graditeljski odjel, Zagreb\nValamar turisti\u010dki Projekti, Zagreb\nViadukt d.d., Zagreb\nVodotehnika d.d. Zagreb\nWalterbau, Zagreb\nZagreb monta\u017ea d.o.o. Zagreb[\/et_pb_accordion_item][et_pb_accordion_item title=&#8221;Energetika i high tech&#8221; _builder_version=&#8221;4.7.4&#8243; _module_preset=&#8221;default&#8221; open=&#8221;off&#8221;]Ekonerg d.o.o. Zagreb\nHEP d.d. \nHEP-Operator distribucijskog sustava d.o.o.\nHEP-Proizvodnja d.o.o. \nISKRA, elektro in sistemske re\u0161itve, d.o.o.\nKlimaoprema d.d.\nKon\u010dar In\u017eenjering za energetiku i transport\nKon\u010dar Mjerni transformatori, Zagreb\nMonter strojarske monta\u017ee d.d. Zagreb\nMontmonta\u017ea d.d. Zagreb\nNUMIP d.o.o. Kr\u0161ko\nNuklearna elektrana, Kr\u0161ko\nPlinacro d.o.o. Zagreb\nSaipem\/Eni Rijeka\nValard Construction[\/et_pb_accordion_item][et_pb_accordion_item title=&#8221;Brodogradnja&#8221; _builder_version=&#8221;4.7.4&#8243; _module_preset=&#8221;default&#8221; open=&#8221;off&#8221;]Brodogradili\u0161te Uljanik, Pula\nBrodogradili\u0161te Viktor Lenac, Rijeka\nUljanik strojogradnja d.d. Pula[\/et_pb_accordion_item][et_pb_accordion_item title=&#8221;ICT i telco&#8221; _builder_version=&#8221;4.7.4&#8243; _module_preset=&#8221;default&#8221; open=&#8221;off&#8221;]Hrvatski Telekom d.d. \nIskratel d.o.o. Kranj\nM:tel d.d.\nNova TV Zagreb\nProplus Ljubljana[\/et_pb_accordion_item][et_pb_accordion_item title=&#8221;Javna uprava i lokalna samouprava&#8221; _builder_version=&#8221;4.7.4&#8243; _module_preset=&#8221;default&#8221; open=&#8221;off&#8221;]Grad Zapre\u0161i\u0107\nHrvatske autoceste d.o.o. \nHrvatske ceste d.o.o.\nHrvatske vode, RH\nMinistarstvo gospodarstva i odr\u017eivog razvoja RH\nMinistarstvo mora, prometa i infrastrukture  RH\nMinistarstvo financija RH\nVodovod \u2013 kanalizacija, Ljubljana\nZagreba\u010dki holding d.o.o.[\/et_pb_accordion_item][et_pb_accordion_item title=&#8221;Financijski sektor&#8221; _builder_version=&#8221;4.7.4&#8243; _module_preset=&#8221;default&#8221; open=&#8221;off&#8221;]Privredna banka Zagreb\nSredi\u0161nje klirin\u0161ko depozitarno dru\u0161tvo d.d.[\/et_pb_accordion_item][et_pb_accordion_item title=&#8221;Farmaceutika&#8221; _builder_version=&#8221;4.7.4&#8243; _module_preset=&#8221;default&#8221; open=&#8221;off&#8221;]JGL Rijeka\nPliva d.o.o.[\/et_pb_accordion_item][et_pb_accordion_item title=&#8221;Potpora projektnim jedinicama&#8221; _builder_version=&#8221;4.7.4&#8243; _module_preset=&#8221;default&#8221; open=&#8221;off&#8221;]Cestovna povezanost s ju\u017enom Dalmacijom\nFusion for Energy\nInvesticijski projekt vodoopskrbe i odvodnje za Zagreba\u010dki holding\nIzgradnja Hypo Alpe Adria centra, Zagreb\nIzgradnja LNG terminala u Omi\u0161lju\nIzgradnja zra\u010dne luke Zagreb &#8211; Franjo Tu\u0111man\nProjekt Emonika, Ljubljana\nSanacija odlagali\u0161ta Jaku\u0161evac, Zagreb[\/et_pb_accordion_item][et_pb_accordion_item title=&#8221;Obrazovne institucije&#8221; _builder_version=&#8221;4.7.4&#8243; _module_preset=&#8221;default&#8221; open=&#8221;off&#8221;]Ekonomski fakultet Zagreb \nGra\u0111evinski fakultet Osijek\nGra\u0111evinski fakultet Zagreb\nVeleu\u010dili\u0161te Baltazar Zapre\u0161i\u0107\nVisoko u\u010dili\u0161te Algebra[\/et_pb_accordion_item][\/et_pb_accordion][\/et_pb_column_inner][\/et_pb_row_inner][\/et_pb_column][\/et_pb_section]\n","protected":false},"excerpt":{"rendered":"<p>ReferenceTvrtke i ustanove s kojima smo poslovali.Bechtel Corporation Carin d.o.o. Conex, Zagreb GP Krk GPG Grosuplje, Ljubljana Grupa Investin\u017eenjering, Zagreb Hidroelektra-niskogradnja d.d. Zagreb IGH d.d. poslovni centar, Rijeka IGH d.d., [&hellip;]<\/p>\n","protected":false},"author":1,"featured_media":0,"parent":19,"menu_order":0,"comment_status":"closed","ping_status":"closed","template":"","meta":{"_et_pb_use_builder":"on","_et_pb_old_content":"","_et_gb_content_width":"","_price":"","_stock":"","_tribe_ticket_header":"","_tribe_default_ticket_provider":"","_tribe_ticket_capacity":"0","_ticket_start_date":"","_ticket_end_date":"","_tribe_ticket_show_description":"","_tribe_ticket_show_not_going":false,"_tribe_ticket_use_global_stock":"","_tribe_ticket_global_stock_level":"","_global_stock_mode":"","_global_stock_cap":"","_tribe_rsvp_for_event":"","_tribe_ticket_going_count":"","_tribe_ticket_not_going_count":"","_tribe_tickets_list":"[]","_tribe_ticket_has_attendee_info_fields":false,"footnotes":"","_tec_slr_enabled":"","_tec_slr_layout":""},"class_list":["post-757","page","type-page","status-publish","hentry"],"yoast_head":"<!-- This site is optimized with the Yoast SEO plugin v27.5 - https:\/\/yoast.com\/product\/yoast-seo-wordpress\/ -->\n<title>Reference - Primakon<\/title>\n<meta name=\"description\" content=\"Tvrtke i ustanove s kojima smo poslovali. Iz podru\u010dja graditeljstva, energetike, brodogradnje, financijskog sektora i obrazovanja itd.\" \/>\n<meta name=\"robots\" content=\"index, follow, max-snippet:-1, max-image-preview:large, max-video-preview:-1\" \/>\n<link rel=\"canonical\" href=\"https:\/\/www.primakon.com\/en\/o-nama\/reference\/\" \/>\n<meta property=\"og:locale\" content=\"en_US\" \/>\n<meta property=\"og:type\" content=\"article\" \/>\n<meta property=\"og:title\" content=\"Reference - Primakon\" \/>\n<meta property=\"og:description\" content=\"Tvrtke i ustanove s kojima smo poslovali. Iz podru\u010dja graditeljstva, energetike, brodogradnje, financijskog sektora i obrazovanja itd.\" \/>\n<meta property=\"og:url\" content=\"https:\/\/www.primakon.com\/en\/o-nama\/reference\/\" \/>\n<meta property=\"og:site_name\" content=\"Primakon\" \/>\n<meta property=\"article:publisher\" content=\"https:\/\/www.facebook.com\/Primakon-doo-137821199603583\" \/>\n<meta property=\"article:modified_time\" content=\"2021-01-05T10:12:25+00:00\" \/>\n<meta name=\"twitter:card\" content=\"summary_large_image\" \/>\n<meta name=\"twitter:label1\" content=\"Est. reading time\" \/>\n\t<meta name=\"twitter:data1\" content=\"4 minutes\" \/>\n<script type=\"application\/ld+json\" class=\"yoast-schema-graph\">{\"@context\":\"https:\\\/\\\/schema.org\",\"@graph\":[{\"@type\":\"WebPage\",\"@id\":\"https:\\\/\\\/www.primakon.com\\\/o-nama\\\/reference\\\/\",\"url\":\"https:\\\/\\\/www.primakon.com\\\/o-nama\\\/reference\\\/\",\"name\":\"Reference - Primakon\",\"isPartOf\":{\"@id\":\"https:\\\/\\\/www.primakon.com\\\/#website\"},\"datePublished\":\"2020-11-15T13:59:12+00:00\",\"dateModified\":\"2021-01-05T10:12:25+00:00\",\"description\":\"Tvrtke i ustanove s kojima smo poslovali. Iz podru\u010dja graditeljstva, energetike, brodogradnje, financijskog sektora i obrazovanja itd.\",\"breadcrumb\":{\"@id\":\"https:\\\/\\\/www.primakon.com\\\/o-nama\\\/reference\\\/#breadcrumb\"},\"inLanguage\":\"en-US\",\"potentialAction\":[{\"@type\":\"ReadAction\",\"target\":[\"https:\\\/\\\/www.primakon.com\\\/o-nama\\\/reference\\\/\"]}]},{\"@type\":\"BreadcrumbList\",\"@id\":\"https:\\\/\\\/www.primakon.com\\\/o-nama\\\/reference\\\/#breadcrumb\",\"itemListElement\":[{\"@type\":\"ListItem\",\"position\":1,\"name\":\"Po\u010detna stranica\",\"item\":\"https:\\\/\\\/www.primakon.com\\\/\"},{\"@type\":\"ListItem\",\"position\":2,\"name\":\"O nama\",\"item\":\"https:\\\/\\\/www.primakon.com\\\/o-nama\\\/\"},{\"@type\":\"ListItem\",\"position\":3,\"name\":\"Reference\"}]},{\"@type\":\"WebSite\",\"@id\":\"https:\\\/\\\/www.primakon.com\\\/#website\",\"url\":\"https:\\\/\\\/www.primakon.com\\\/\",\"name\":\"Primakon\",\"description\":\"Lideru u Upravljanju Projektima\",\"publisher\":{\"@id\":\"https:\\\/\\\/www.primakon.com\\\/#organization\"},\"potentialAction\":[{\"@type\":\"SearchAction\",\"target\":{\"@type\":\"EntryPoint\",\"urlTemplate\":\"https:\\\/\\\/www.primakon.com\\\/?s={search_term_string}\"},\"query-input\":{\"@type\":\"PropertyValueSpecification\",\"valueRequired\":true,\"valueName\":\"search_term_string\"}}],\"inLanguage\":\"en-US\"},{\"@type\":\"Organization\",\"@id\":\"https:\\\/\\\/www.primakon.com\\\/#organization\",\"name\":\"Primakon d.o.o.\",\"url\":\"https:\\\/\\\/www.primakon.com\\\/\",\"logo\":{\"@type\":\"ImageObject\",\"inLanguage\":\"en-US\",\"@id\":\"https:\\\/\\\/www.primakon.com\\\/#\\\/schema\\\/logo\\\/image\\\/\",\"url\":\"https:\\\/\\\/primakon.com\\\/wp-content\\\/uploads\\\/2020\\\/11\\\/novi-stari.png\",\"contentUrl\":\"https:\\\/\\\/primakon.com\\\/wp-content\\\/uploads\\\/2020\\\/11\\\/novi-stari.png\",\"width\":1001,\"height\":401,\"caption\":\"Primakon d.o.o.\"},\"image\":{\"@id\":\"https:\\\/\\\/www.primakon.com\\\/#\\\/schema\\\/logo\\\/image\\\/\"},\"sameAs\":[\"https:\\\/\\\/www.facebook.com\\\/Primakon-doo-137821199603583\",\"https:\\\/\\\/www.linkedin.com\\\/company\\\/primakon\\\/\"]}]}<\/script>\n<!-- \/ Yoast SEO plugin. -->","yoast_head_json":{"title":"References - Primakon","description":"Companies and institutions we did business with. In the fields of construction, energy, shipbuilding, financial sector and education, etc.","robots":{"index":"index","follow":"follow","max-snippet":"max-snippet:-1","max-image-preview":"max-image-preview:large","max-video-preview":"max-video-preview:-1"},"canonical":"https:\/\/www.primakon.com\/en\/o-nama\/reference\/","og_locale":"en_US","og_type":"article","og_title":"Reference - Primakon","og_description":"Tvrtke i ustanove s kojima smo poslovali. Iz podru\u010dja graditeljstva, energetike, brodogradnje, financijskog sektora i obrazovanja itd.","og_url":"https:\/\/www.primakon.com\/en\/o-nama\/reference\/","og_site_name":"Primakon","article_publisher":"https:\/\/www.facebook.com\/Primakon-doo-137821199603583","article_modified_time":"2021-01-05T10:12:25+00:00","twitter_card":"summary_large_image","twitter_misc":{"Est. reading time":"4 minutes"},"schema":{"@context":"https:\/\/schema.org","@graph":[{"@type":"WebPage","@id":"https:\/\/www.primakon.com\/o-nama\/reference\/","url":"https:\/\/www.primakon.com\/o-nama\/reference\/","name":"References - Primakon","isPartOf":{"@id":"https:\/\/www.primakon.com\/#website"},"datePublished":"2020-11-15T13:59:12+00:00","dateModified":"2021-01-05T10:12:25+00:00","description":"Companies and institutions we did business with. In the fields of construction, energy, shipbuilding, financial sector and education, etc.","breadcrumb":{"@id":"https:\/\/www.primakon.com\/o-nama\/reference\/#breadcrumb"},"inLanguage":"en-US","potentialAction":[{"@type":"ReadAction","target":["https:\/\/www.primakon.com\/o-nama\/reference\/"]}]},{"@type":"BreadcrumbList","@id":"https:\/\/www.primakon.com\/o-nama\/reference\/#breadcrumb","itemListElement":[{"@type":"ListItem","position":1,"name":"Po\u010detna stranica","item":"https:\/\/www.primakon.com\/"},{"@type":"ListItem","position":2,"name":"O nama","item":"https:\/\/www.primakon.com\/o-nama\/"},{"@type":"ListItem","position":3,"name":"Reference"}]},{"@type":"WebSite","@id":"https:\/\/www.primakon.com\/#website","url":"https:\/\/www.primakon.com\/","name":"Primakon","description":"Lideru u Upravljanju Projektima","publisher":{"@id":"https:\/\/www.primakon.com\/#organization"},"potentialAction":[{"@type":"SearchAction","target":{"@type":"EntryPoint","urlTemplate":"https:\/\/www.primakon.com\/?s={search_term_string}"},"query-input":{"@type":"PropertyValueSpecification","valueRequired":true,"valueName":"search_term_string"}}],"inLanguage":"en-US"},{"@type":"Organization","@id":"https:\/\/www.primakon.com\/#organization","name":"Primakon d.o.o.","url":"https:\/\/www.primakon.com\/","logo":{"@type":"ImageObject","inLanguage":"en-US","@id":"https:\/\/www.primakon.com\/#\/schema\/logo\/image\/","url":"https:\/\/primakon.com\/wp-content\/uploads\/2020\/11\/novi-stari.png","contentUrl":"https:\/\/primakon.com\/wp-content\/uploads\/2020\/11\/novi-stari.png","width":1001,"height":401,"caption":"Primakon d.o.o."},"image":{"@id":"https:\/\/www.primakon.com\/#\/schema\/logo\/image\/"},"sameAs":["https:\/\/www.facebook.com\/Primakon-doo-137821199603583","https:\/\/www.linkedin.com\/company\/primakon\/"]}]}},"ticketed":false,"_links":{"self":[{"href":"https:\/\/www.primakon.com\/en\/wp-json\/wp\/v2\/pages\/757","targetHints":{"allow":["GET"]}}],"collection":[{"href":"https:\/\/www.primakon.com\/en\/wp-json\/wp\/v2\/pages"}],"about":[{"href":"https:\/\/www.primakon.com\/en\/wp-json\/wp\/v2\/types\/page"}],"author":[{"embeddable":true,"href":"https:\/\/www.primakon.com\/en\/wp-json\/wp\/v2\/users\/1"}],"replies":[{"embeddable":true,"href":"https:\/\/www.primakon.com\/en\/wp-json\/wp\/v2\/comments?post=757"}],"version-history":[{"count":0,"href":"https:\/\/www.primakon.com\/en\/wp-json\/wp\/v2\/pages\/757\/revisions"}],"up":[{"embeddable":true,"href":"https:\/\/www.primakon.com\/en\/wp-json\/wp\/v2\/pages\/19"}],"wp:attachment":[{"href":"https:\/\/www.primakon.com\/en\/wp-json\/wp\/v2\/media?parent=757"}],"curies":[{"name":"wp","href":"https:\/\/api.w.org\/{rel}","templated":true}]}}