{"id":910,"date":"2020-11-17T11:36:47","date_gmt":"2020-11-17T11:36:47","guid":{"rendered":"http:\/\/primakon.adonomy.co\/?page_id=910"},"modified":"2021-02-07T16:10:31","modified_gmt":"2021-02-07T16:10:31","slug":"pm-akademija","status":"publish","type":"page","link":"https:\/\/www.primakon.com\/en\/educations\/pm-academy\/","title":{"rendered":"PM Academy"},"content":{"rendered":"<p>[et_pb_section fb_built=&#8221;1&#8243; _builder_version=&#8221;4.7.4&#8243; _module_preset=&#8221;default&#8221; background_image=&#8221;https:\/\/primakon.com\/wp-content\/uploads\/2020\/11\/Ucenje-analize-statistike.jpg&#8221; parallax=&#8221;on&#8221; parallax_method=&#8221;off&#8221; box_shadow_style=&#8221;preset2&#8243;][et_pb_row _builder_version=&#8221;4.6.6&#8243; _module_preset=&#8221;default&#8221;][et_pb_column type=&#8221;4_4&#8243; _builder_version=&#8221;4.6.6&#8243; _module_preset=&#8221;default&#8221;][et_pb_text _builder_version=&#8221;4.7.1&#8243; _module_preset=&#8221;default&#8221; header_font=&#8221;|600|||||||&#8221; header_text_align=&#8221;center&#8221; header_text_color=&#8221;#bf3d44&#8243; header_font_size=&#8221;40px&#8221; header_2_font=&#8221;|600|||||||&#8221; header_2_text_align=&#8221;center&#8221; header_2_text_color=&#8221;#525352&#8243; header_2_font_size=&#8221;40px&#8221; header_text_shadow_style=&#8221;preset2&#8243; header_2_text_shadow_style=&#8221;preset2&#8243; locked=&#8221;off&#8221;]<\/p>\n<h1>PM Akademija<\/h1>\n<p>[\/et_pb_text][\/et_pb_column][\/et_pb_row][\/et_pb_section][et_pb_section fb_built=&#8221;1&#8243; use_custom_gutter=&#8221;on&#8221; gutter_width=&#8221;2&#8243; specialty=&#8221;on&#8221; _builder_version=&#8221;4.7.1&#8243; _module_preset=&#8221;default&#8221; background_color=&#8221;#f7f7f7&#8243; custom_padding=&#8221;0px|||||&#8221; box_shadow_style=&#8221;preset6&#8243;][et_pb_column type=&#8221;1_4&#8243; _builder_version=&#8221;3.25&#8243; custom_padding=&#8221;|||&#8221; custom_padding__hover=&#8221;|||&#8221;][et_pb_sidebar area=&#8221;et_pb_widget_area_2&#8243; _builder_version=&#8221;4.7.7&#8243; _module_preset=&#8221;default&#8221;][\/et_pb_sidebar][\/et_pb_column][et_pb_column type=&#8221;3_4&#8243; specialty_columns=&#8221;3&#8243; _builder_version=&#8221;3.25&#8243; custom_padding=&#8221;|||&#8221; custom_padding__hover=&#8221;|||&#8221;][et_pb_row_inner custom_padding_last_edited=&#8221;on|phone&#8221; _builder_version=&#8221;4.7.1&#8243; _module_preset=&#8221;default&#8221; custom_padding=&#8221;50px||0px||false|false&#8221; custom_padding_tablet=&#8221;&#8221; custom_padding_phone=&#8221;0px||||false|false&#8221;][et_pb_column_inner saved_specialty_column_type=&#8221;3_4&#8243; _builder_version=&#8221;4.6.6&#8243; _module_preset=&#8221;default&#8221;][et_pb_text _builder_version=&#8221;4.7.4&#8243; _module_preset=&#8221;default&#8221; header_2_font=&#8221;|600|||||||&#8221; header_2_text_color=&#8221;#3a3632&#8243; header_2_line_height=&#8221;1.3em&#8221;]<\/p>\n<h2>Programi obrazovanja i certificiranja iz podru\u010dja upravljanja projektima<span style=\"color: #BF3D44;\">.<\/span><\/h2>\n<p>[\/et_pb_text][\/et_pb_column_inner][\/et_pb_row_inner][et_pb_row_inner make_equal=&#8221;on&#8221; _builder_version=&#8221;4.7.1&#8243; _module_preset=&#8221;default&#8221; custom_padding=&#8221;10px||0px||false|false&#8221;][et_pb_column_inner saved_specialty_column_type=&#8221;3_4&#8243; _builder_version=&#8221;4.6.6&#8243; _module_preset=&#8221;default&#8221;][et_pb_text _builder_version=&#8221;4.8.2&#8243; _module_preset=&#8221;default&#8221; header_2_text_color=&#8221;#bf3d44&#8243; custom_padding=&#8221;10px||0px||false|false&#8221; hover_enabled=&#8221;0&#8243; sticky_enabled=&#8221;0&#8243;]<\/p>\n<div>Primakonov najpoznatiji proizvod \u2013 obrazovni program Project Management\u00a0<span style=\"font-size: 18px;\">akademije \u2013 zajedni\u010dki je projekt edukacijskih partnera <span style=\"text-decoration: underline;\"><a href=\"https:\/\/www.algebra.hr\/\" target=\"_blank\" rel=\"noopener noreferrer\">U\u010dili\u0161ta Algebre<\/a>,<\/span><\/span>\u00a0<span style=\"text-decoration: underline;\"><a href=\"http:\/\/capm.hr\/\" target=\"_blank\" rel=\"noopener noreferrer\">Hrvatske udruge za upravljanje projektima<\/a><\/span>\u00a0i Primakona. Program sa\u010dinjavaju\u00a0<span style=\"font-size: 18px;\">predcertifikacijski seminari kroz koje se provodi obrazovanje po <span style=\"text-decoration: underline;\"><a href=\"\/edukacije\/ipma\/\">IPMA<\/a><\/span> <\/span><span style=\"font-size: 18px;\">(International Project Managem<\/span><span style=\"font-size: 18px;\">ent Association) i <span style=\"text-decoration: underline;\"><a href=\"\/edukacije\/pmi\/\">PMI<\/a><\/span> (Project Management\u00a0<\/span><span style=\"font-size: 18px;\">Institute) programima.<\/span><\/div>\n<p>[\/et_pb_text][\/et_pb_column_inner][\/et_pb_row_inner][et_pb_row_inner _builder_version=&#8221;4.6.6&#8243; _module_preset=&#8221;default&#8221;][et_pb_column_inner saved_specialty_column_type=&#8221;3_4&#8243; _builder_version=&#8221;4.6.6&#8243; _module_preset=&#8221;default&#8221;][et_pb_divider color=&#8221;rgba(82,83,82,0.13)&#8221; divider_position=&#8221;center&#8221; _builder_version=&#8221;4.7.1&#8243; _module_preset=&#8221;default&#8221; box_shadow_style=&#8221;preset3&#8243; box_shadow_vertical=&#8221;6px&#8221; box_shadow_blur=&#8221;10px&#8221;][\/et_pb_divider][\/et_pb_column_inner][\/et_pb_row_inner][et_pb_row_inner make_equal=&#8221;on&#8221; _builder_version=&#8221;4.7.6&#8243; _module_preset=&#8221;default&#8221; custom_padding=&#8221;0px||0px||false|false&#8221; locked=&#8221;off&#8221;][et_pb_column_inner saved_specialty_column_type=&#8221;3_4&#8243; _builder_version=&#8221;4.6.6&#8243; _module_preset=&#8221;default&#8221;][et_pb_blurb title=&#8221;Seminari&#8221; use_icon=&#8221;on&#8221; font_icon=&#8221;%%75%%&#8221; icon_color=&#8221;#ffffff&#8221; use_circle=&#8221;on&#8221; icon_placement=&#8221;left&#8221; content_max_width=&#8221;100%&#8221; use_icon_font_size=&#8221;on&#8221; icon_font_size=&#8221;15px&#8221; _builder_version=&#8221;4.7.4&#8243; _module_preset=&#8221;default&#8221; header_level=&#8221;h2&#8243; header_font=&#8221;|600|||||||&#8221; header_line_height=&#8221;1.3em&#8221;]<\/p>\n<h2><\/h2>\n<p>[\/et_pb_blurb][\/et_pb_column_inner][\/et_pb_row_inner][et_pb_row_inner column_structure=&#8221;1_2,1_2&#8243; _builder_version=&#8221;4.7.4&#8243; _module_preset=&#8221;default&#8221; custom_padding=&#8221;10px||0px||false|false&#8221; locked=&#8221;off&#8221;][et_pb_column_inner type=&#8221;1_2&#8243; saved_specialty_column_type=&#8221;3_4&#8243; _builder_version=&#8221;4.7.4&#8243; _module_preset=&#8221;default&#8221;][et_pb_text _builder_version=&#8221;4.7.6&#8243; _module_preset=&#8221;default&#8221;]<\/p>\n<p><a href=\"\/edukacije\/pm-akademija\/upravljanje-projektima-1\/\"><span style=\"text-decoration: underline;\">PM01 &#8211; Upravljanje projektima I<\/span><\/a><\/p>\n<p><span style=\"text-decoration: underline;\"><a href=\"\/edukacije\/pm-akademija\/upravljanje-projektima-2\/\">PM02 &#8211; Upravljanje projektima II<\/a><\/span><\/p>\n<p><a href=\"\/edukacije\/pm-akademija\/upravljanje-portfeljima-projekata\/\"><span style=\"text-decoration: underline;\"><span>PM03 &#8211; Upravljanje portfeljima projekata<\/span><\/span><\/a><\/p>\n<p><a href=\"\/edukacije\/pm-akademija\/pmi-pmp-certifikacija\/\"><span style=\"text-decoration: underline;\"><span>PM04 &#8211; Priprema za PMI PMP certifikaciju<\/span><\/span><\/a><\/p>\n<p>[\/et_pb_text][\/et_pb_column_inner][et_pb_column_inner type=&#8221;1_2&#8243; saved_specialty_column_type=&#8221;3_4&#8243; _builder_version=&#8221;4.7.4&#8243; _module_preset=&#8221;default&#8221;][et_pb_text _builder_version=&#8221;4.7.6&#8243; _module_preset=&#8221;default&#8221;]<\/p>\n<p><span style=\"text-decoration: underline;\"><a href=\"\/edukacije\/pm-akademija\/ipma-certifikat\/\">PM05 &#8211; Priprema za IPMA certifikat<\/a><\/span><\/p>\n<p><a href=\"\/edukacije\/pm-akademija\/pm2-metodologija\/\"><span style=\"text-decoration: underline;\"><span>PM06 &#8211; PM\u00b2 metodologija za upravljanje projektima<\/span><\/span><\/a><\/p>\n<p><a href=\"\/edukacije\/pm-akademija\/ms-project\/\"><span style=\"text-decoration: underline;\"><span>PM07 &#8211; MS Office Project \u2013 planiranje i pra\u0107enje projekata<\/span><\/span><\/a><\/p>\n<p>[\/et_pb_text][\/et_pb_column_inner][\/et_pb_row_inner][et_pb_row_inner _builder_version=&#8221;4.6.6&#8243; _module_preset=&#8221;default&#8221; locked=&#8221;off&#8221;][et_pb_column_inner saved_specialty_column_type=&#8221;3_4&#8243; _builder_version=&#8221;4.6.6&#8243; _module_preset=&#8221;default&#8221;][et_pb_divider color=&#8221;rgba(82,83,82,0.13)&#8221; divider_position=&#8221;center&#8221; _builder_version=&#8221;4.7.1&#8243; _module_preset=&#8221;default&#8221; box_shadow_style=&#8221;preset3&#8243; box_shadow_vertical=&#8221;-6px&#8221; box_shadow_blur=&#8221;10px&#8221;][\/et_pb_divider][\/et_pb_column_inner][\/et_pb_row_inner][et_pb_row_inner _builder_version=&#8221;4.7.1&#8243; _module_preset=&#8221;default&#8221; custom_padding=&#8221;0px||0px|||&#8221;][et_pb_column_inner saved_specialty_column_type=&#8221;3_4&#8243; _builder_version=&#8221;4.7.1&#8243; _module_preset=&#8221;default&#8221;][et_pb_text _builder_version=&#8221;4.7.1&#8243; _module_preset=&#8221;default&#8221; header_2_text_color=&#8221;#bf3d44&#8243; custom_padding=&#8221;10px||0px||false|false&#8221;]<\/p>\n<div>Primakon d.o.o. \u010dlan je Hrvatske udruge za upravljanje projektima (HUUP) po \u010dijim\u00a0<span style=\"font-size: 18px;\">standardima je program uskla\u0111en te zadovoljava uvjete postavljene od strane\u00a0<\/span><span style=\"font-size: 18px;\">IPMA-e. S druge strane Primakon d.o.o. predstavlja hrvatski ogranak ameri\u010dke\u00a0<\/span><span style=\"font-size: 18px;\">tvrtke TenStep Inc. \u2013 globalnog PMI Registered Educational Providera. Stoga se na\u00a0<\/span><span style=\"font-size: 18px;\">TenStepu temeljeni seminari Akademije vrednuju kao predcertifikacijski za\u00a0<\/span><span style=\"font-size: 18px;\">ostvarenje certifikata PMP pri PMI-u. U smislu kontinuiranog stjecanja stru\u010dnog\u00a0<\/span><span style=\"font-size: 18px;\">znanja iz podru\u010dja upravljanja projektima prema pravilima PMI-a polaznici\u00a0<\/span><span style=\"font-size: 18px;\">ostvaruju PDU bodove.<\/span><\/div>\n<p>[\/et_pb_text][et_pb_text _builder_version=&#8221;4.7.1&#8243; _module_preset=&#8221;default&#8221;]<\/p>\n<div><em>Do danas je seminare poha\u0111alo <strong>preko 1500 polaznika iz preko 100 hrvatskih\u00a0<\/strong><span style=\"font-size: 18px;\"><strong>tvrtki<\/strong>. Primakon provodi program samostalno kod svojih klijenata ili s partnerima\u00a0<\/span>na otvorenom tr\u017ei\u0161tu i zajedni\u010dkim klijentima. Polaznici imaju priliku fleksibilno\u00a0<span style=\"font-size: 18px;\">odabrati podru\u010dja koja im u praksi najvi\u0161e trebaju i odmah po\u010deti primjenjivati\u00a0<\/span>ste\u010dena znanja i tehnike u svakodnevnom poslu.<\/em><\/div>\n<p>[\/et_pb_text][\/et_pb_column_inner][\/et_pb_row_inner][et_pb_row_inner _builder_version=&#8221;4.6.6&#8243; _module_preset=&#8221;default&#8221; locked=&#8221;off&#8221;][et_pb_column_inner saved_specialty_column_type=&#8221;3_4&#8243; _builder_version=&#8221;4.6.6&#8243; _module_preset=&#8221;default&#8221;][et_pb_divider color=&#8221;rgba(82,83,82,0.13)&#8221; divider_position=&#8221;center&#8221; _builder_version=&#8221;4.7.1&#8243; _module_preset=&#8221;default&#8221; box_shadow_style=&#8221;preset3&#8243; box_shadow_vertical=&#8221;6px&#8221; box_shadow_blur=&#8221;10px&#8221;][\/et_pb_divider][\/et_pb_column_inner][\/et_pb_row_inner][et_pb_row_inner _builder_version=&#8221;4.7.1&#8243; _module_preset=&#8221;default&#8221; custom_padding=&#8221;0px||0px|||&#8221;][et_pb_column_inner saved_specialty_column_type=&#8221;3_4&#8243; _builder_version=&#8221;4.7.1&#8243; _module_preset=&#8221;default&#8221;][et_pb_text _builder_version=&#8221;4.7.6&#8243; _module_preset=&#8221;default&#8221; header_2_text_color=&#8221;#bf3d44&#8243; custom_padding=&#8221;10px||0px||false|false&#8221;]<\/p>\n<div>Pored ovoga, provodimo certifikacijski program za voditelje projekata po TenStep\u00a0<span style=\"font-size: 18px;\">Certification programu te ovjere osposobljenosti za kori\u0161tenje\u00a0<\/span><span style=\"font-size: 18px;\">Primavera rje\u0161enja.\u00a0<\/span><\/div>\n<div><\/div>\n<p>[\/et_pb_text][et_pb_text _builder_version=&#8221;4.7.1&#8243; _module_preset=&#8221;default&#8221;]<\/p>\n<div><span>TenStep Certification program osigurava IPMA i PMI ovjerenim voditeljima\u00a0<\/span><span>projekata (ili voditeljima s ekvivalentnim iskustvom) dodatni svjetski priznati\u00a0<\/span><span>certifikat o osposobljenosti u upravljanju projektima.<\/span><\/div>\n<div><\/div>\n<p>[\/et_pb_text][et_pb_text _builder_version=&#8221;4.7.1&#8243; _module_preset=&#8221;default&#8221;]<\/p>\n<div><em>Kao certificirani <strong><span style=\"color: #bf3d44;\">Primavera Solution Provider<\/span><\/strong> na\u0161im klijentima izdajemo ovjere o osposobljenosti rada na Primavera aplikacijama.<\/em><\/div>\n<p>[\/et_pb_text][\/et_pb_column_inner][\/et_pb_row_inner][\/et_pb_column][\/et_pb_section]<\/p>\n","protected":false},"excerpt":{"rendered":"<p>PM AkademijaProgrami obrazovanja i certificiranja iz podru\u010dja upravljanja projektima.Primakonov najpoznatiji proizvod \u2013 obrazovni program Project Management\u00a0akademije \u2013 zajedni\u010dki je projekt edukacijskih partnera U\u010dili\u0161ta Algebre,\u00a0Hrvatske udruge za upravljanje projektima\u00a0i Primakona. Program [&hellip;]<\/p>\n","protected":false},"author":1,"featured_media":0,"parent":901,"menu_order":0,"comment_status":"closed","ping_status":"closed","template":"","meta":{"_et_pb_use_builder":"on","_et_pb_old_content":"","_et_gb_content_width":"","_price":"","_stock":"","_tribe_ticket_header":"","_tribe_default_ticket_provider":"","_tribe_ticket_capacity":"0","_ticket_start_date":"","_ticket_end_date":"","_tribe_ticket_show_description":"","_tribe_ticket_show_not_going":false,"_tribe_ticket_use_global_stock":"","_tribe_ticket_global_stock_level":"","_global_stock_mode":"","_global_stock_cap":"","_tribe_rsvp_for_event":"","_tribe_ticket_going_count":"","_tribe_ticket_not_going_count":"","_tribe_tickets_list":"[]","_tribe_ticket_has_attendee_info_fields":false,"footnotes":"","_tec_slr_enabled":"","_tec_slr_layout":""},"class_list":["post-910","page","type-page","status-publish","hentry"],"yoast_head":"<!-- This site is optimized with the Yoast SEO plugin v27.5 - https:\/\/yoast.com\/product\/yoast-seo-wordpress\/ -->\n<title>PM (Project Management) Akademija - Primakon<\/title>\n<meta name=\"description\" content=\"Project Management akademiju sa\u010dinjavaju predcertifikacijski seminari kroz koje se provodi obrazovanje po IPMA i PMI programima.\" \/>\n<meta name=\"robots\" content=\"index, follow, max-snippet:-1, max-image-preview:large, max-video-preview:-1\" \/>\n<link rel=\"canonical\" href=\"https:\/\/www.primakon.com\/en\/edukacije\/pm-akademija\/\" \/>\n<meta property=\"og:locale\" content=\"en_US\" \/>\n<meta property=\"og:type\" content=\"article\" \/>\n<meta property=\"og:title\" content=\"PM (Project Management) Akademija - Primakon\" \/>\n<meta property=\"og:description\" content=\"Project Management akademiju sa\u010dinjavaju predcertifikacijski seminari kroz koje se provodi obrazovanje po IPMA i PMI programima.\" \/>\n<meta property=\"og:url\" content=\"https:\/\/www.primakon.com\/en\/edukacije\/pm-akademija\/\" \/>\n<meta property=\"og:site_name\" content=\"Primakon\" \/>\n<meta property=\"article:publisher\" content=\"https:\/\/www.facebook.com\/Primakon-doo-137821199603583\" \/>\n<meta property=\"article:modified_time\" content=\"2021-02-07T16:10:31+00:00\" \/>\n<meta name=\"twitter:card\" content=\"summary_large_image\" \/>\n<meta name=\"twitter:label1\" content=\"Est. reading time\" \/>\n\t<meta name=\"twitter:data1\" content=\"6 minutes\" \/>\n<script type=\"application\/ld+json\" class=\"yoast-schema-graph\">{\"@context\":\"https:\\\/\\\/schema.org\",\"@graph\":[{\"@type\":\"WebPage\",\"@id\":\"https:\\\/\\\/www.primakon.com\\\/edukacije\\\/pm-akademija\\\/\",\"url\":\"https:\\\/\\\/www.primakon.com\\\/edukacije\\\/pm-akademija\\\/\",\"name\":\"PM (Project Management) Akademija - Primakon\",\"isPartOf\":{\"@id\":\"https:\\\/\\\/www.primakon.com\\\/#website\"},\"datePublished\":\"2020-11-17T11:36:47+00:00\",\"dateModified\":\"2021-02-07T16:10:31+00:00\",\"description\":\"Project Management akademiju sa\u010dinjavaju predcertifikacijski seminari kroz koje se provodi obrazovanje po IPMA i PMI programima.\",\"breadcrumb\":{\"@id\":\"https:\\\/\\\/www.primakon.com\\\/edukacije\\\/pm-akademija\\\/#breadcrumb\"},\"inLanguage\":\"en-US\",\"potentialAction\":[{\"@type\":\"ReadAction\",\"target\":[\"https:\\\/\\\/www.primakon.com\\\/edukacije\\\/pm-akademija\\\/\"]}]},{\"@type\":\"BreadcrumbList\",\"@id\":\"https:\\\/\\\/www.primakon.com\\\/edukacije\\\/pm-akademija\\\/#breadcrumb\",\"itemListElement\":[{\"@type\":\"ListItem\",\"position\":1,\"name\":\"Po\u010detna stranica\",\"item\":\"https:\\\/\\\/www.primakon.com\\\/\"},{\"@type\":\"ListItem\",\"position\":2,\"name\":\"Edukacije\",\"item\":\"https:\\\/\\\/www.primakon.com\\\/edukacije\\\/\"},{\"@type\":\"ListItem\",\"position\":3,\"name\":\"PM Akademija\"}]},{\"@type\":\"WebSite\",\"@id\":\"https:\\\/\\\/www.primakon.com\\\/#website\",\"url\":\"https:\\\/\\\/www.primakon.com\\\/\",\"name\":\"Primakon\",\"description\":\"Lideru u Upravljanju Projektima\",\"publisher\":{\"@id\":\"https:\\\/\\\/www.primakon.com\\\/#organization\"},\"potentialAction\":[{\"@type\":\"SearchAction\",\"target\":{\"@type\":\"EntryPoint\",\"urlTemplate\":\"https:\\\/\\\/www.primakon.com\\\/?s={search_term_string}\"},\"query-input\":{\"@type\":\"PropertyValueSpecification\",\"valueRequired\":true,\"valueName\":\"search_term_string\"}}],\"inLanguage\":\"en-US\"},{\"@type\":\"Organization\",\"@id\":\"https:\\\/\\\/www.primakon.com\\\/#organization\",\"name\":\"Primakon d.o.o.\",\"url\":\"https:\\\/\\\/www.primakon.com\\\/\",\"logo\":{\"@type\":\"ImageObject\",\"inLanguage\":\"en-US\",\"@id\":\"https:\\\/\\\/www.primakon.com\\\/#\\\/schema\\\/logo\\\/image\\\/\",\"url\":\"https:\\\/\\\/primakon.com\\\/wp-content\\\/uploads\\\/2020\\\/11\\\/novi-stari.png\",\"contentUrl\":\"https:\\\/\\\/primakon.com\\\/wp-content\\\/uploads\\\/2020\\\/11\\\/novi-stari.png\",\"width\":1001,\"height\":401,\"caption\":\"Primakon d.o.o.\"},\"image\":{\"@id\":\"https:\\\/\\\/www.primakon.com\\\/#\\\/schema\\\/logo\\\/image\\\/\"},\"sameAs\":[\"https:\\\/\\\/www.facebook.com\\\/Primakon-doo-137821199603583\",\"https:\\\/\\\/www.linkedin.com\\\/company\\\/primakon\\\/\"]}]}<\/script>\n<!-- \/ Yoast SEO plugin. -->","yoast_head_json":{"title":"PM (Project Management) Academy - Primakon","description":"The Project Management Academy consists of pre-certification seminars through which education is conducted according to IPMA and PMI programs.","robots":{"index":"index","follow":"follow","max-snippet":"max-snippet:-1","max-image-preview":"max-image-preview:large","max-video-preview":"max-video-preview:-1"},"canonical":"https:\/\/www.primakon.com\/en\/edukacije\/pm-akademija\/","og_locale":"en_US","og_type":"article","og_title":"PM (Project Management) Akademija - Primakon","og_description":"Project Management akademiju sa\u010dinjavaju predcertifikacijski seminari kroz koje se provodi obrazovanje po IPMA i PMI programima.","og_url":"https:\/\/www.primakon.com\/en\/edukacije\/pm-akademija\/","og_site_name":"Primakon","article_publisher":"https:\/\/www.facebook.com\/Primakon-doo-137821199603583","article_modified_time":"2021-02-07T16:10:31+00:00","twitter_card":"summary_large_image","twitter_misc":{"Est. reading time":"6 minutes"},"schema":{"@context":"https:\/\/schema.org","@graph":[{"@type":"WebPage","@id":"https:\/\/www.primakon.com\/edukacije\/pm-akademija\/","url":"https:\/\/www.primakon.com\/edukacije\/pm-akademija\/","name":"PM (Project Management) Academy - Primakon","isPartOf":{"@id":"https:\/\/www.primakon.com\/#website"},"datePublished":"2020-11-17T11:36:47+00:00","dateModified":"2021-02-07T16:10:31+00:00","description":"The Project Management Academy consists of pre-certification seminars through which education is conducted according to IPMA and PMI programs.","breadcrumb":{"@id":"https:\/\/www.primakon.com\/edukacije\/pm-akademija\/#breadcrumb"},"inLanguage":"en-US","potentialAction":[{"@type":"ReadAction","target":["https:\/\/www.primakon.com\/edukacije\/pm-akademija\/"]}]},{"@type":"BreadcrumbList","@id":"https:\/\/www.primakon.com\/edukacije\/pm-akademija\/#breadcrumb","itemListElement":[{"@type":"ListItem","position":1,"name":"Po\u010detna stranica","item":"https:\/\/www.primakon.com\/"},{"@type":"ListItem","position":2,"name":"Edukacije","item":"https:\/\/www.primakon.com\/edukacije\/"},{"@type":"ListItem","position":3,"name":"PM Akademija"}]},{"@type":"WebSite","@id":"https:\/\/www.primakon.com\/#website","url":"https:\/\/www.primakon.com\/","name":"Primakon","description":"Lideru u Upravljanju Projektima","publisher":{"@id":"https:\/\/www.primakon.com\/#organization"},"potentialAction":[{"@type":"SearchAction","target":{"@type":"EntryPoint","urlTemplate":"https:\/\/www.primakon.com\/?s={search_term_string}"},"query-input":{"@type":"PropertyValueSpecification","valueRequired":true,"valueName":"search_term_string"}}],"inLanguage":"en-US"},{"@type":"Organization","@id":"https:\/\/www.primakon.com\/#organization","name":"Primakon d.o.o.","url":"https:\/\/www.primakon.com\/","logo":{"@type":"ImageObject","inLanguage":"en-US","@id":"https:\/\/www.primakon.com\/#\/schema\/logo\/image\/","url":"https:\/\/primakon.com\/wp-content\/uploads\/2020\/11\/novi-stari.png","contentUrl":"https:\/\/primakon.com\/wp-content\/uploads\/2020\/11\/novi-stari.png","width":1001,"height":401,"caption":"Primakon d.o.o."},"image":{"@id":"https:\/\/www.primakon.com\/#\/schema\/logo\/image\/"},"sameAs":["https:\/\/www.facebook.com\/Primakon-doo-137821199603583","https:\/\/www.linkedin.com\/company\/primakon\/"]}]}},"ticketed":false,"_links":{"self":[{"href":"https:\/\/www.primakon.com\/en\/wp-json\/wp\/v2\/pages\/910","targetHints":{"allow":["GET"]}}],"collection":[{"href":"https:\/\/www.primakon.com\/en\/wp-json\/wp\/v2\/pages"}],"about":[{"href":"https:\/\/www.primakon.com\/en\/wp-json\/wp\/v2\/types\/page"}],"author":[{"embeddable":true,"href":"https:\/\/www.primakon.com\/en\/wp-json\/wp\/v2\/users\/1"}],"replies":[{"embeddable":true,"href":"https:\/\/www.primakon.com\/en\/wp-json\/wp\/v2\/comments?post=910"}],"version-history":[{"count":0,"href":"https:\/\/www.primakon.com\/en\/wp-json\/wp\/v2\/pages\/910\/revisions"}],"up":[{"embeddable":true,"href":"https:\/\/www.primakon.com\/en\/wp-json\/wp\/v2\/pages\/901"}],"wp:attachment":[{"href":"https:\/\/www.primakon.com\/en\/wp-json\/wp\/v2\/media?parent=910"}],"curies":[{"name":"wp","href":"https:\/\/api.w.org\/{rel}","templated":true}]}}